{"id":1141,"date":"2014-01-30T15:47:02","date_gmt":"2014-01-30T14:47:02","guid":{"rendered":"http:\/\/www.navattagroup.com\/?page_id=1141"},"modified":"2019-07-21T23:43:01","modified_gmt":"2019-07-21T22:43:01","slug":"sauces-cloned","status":"publish","type":"page","link":"https:\/\/www.navattagroup.com\/es\/sauces-cloned\/","title":{"rendered":"Cremas y Pesto"},"content":{"rendered":"<p><\/p>\n<h4>L\u00cdNEAS PARA CREMAS Y PESTO<\/h4>\n<p>La instalaci\u00f3n ideal es aquella con c\u00fatter que puede funcionar en bajo vac\u00edo o con calefacci\u00f3n directa o indirecta.<br \/>\nLa parte s\u00f3lida de la receta es preparada y pesada separadamente, generalmente en vagonetas y cargada en el c\u00fatter.<br \/>\nLa parte l\u00edquida es dosificada directamente en el c\u00fater con cuenta-litros o puede ser a\u00f1adida directamente a la parte s\u00f3lida en las vagonetas.<br \/>\nEl c\u00fatter tambi\u00e9n permite el funcionamiento bajo vac\u00edo para evitar la oxidaci\u00f3n y el oscurecimiento de los vegetales.<br \/>\nDespu\u00e9s del c\u00fatter se pasa a la fase de pasteurizaci\u00f3n o se puede ir directamente a la tolva de la llenadora.<br \/>\nEl producto en el contenedor pasa luego a la siguiente fase de pasteurizaci\u00f3n en el t\u00fanel o a la fase de esterilizaci\u00f3n en autoclave.<\/p>\n<p>\n\t\t<div class='et-image-slider et_sliderfx_fade et_sliderauto_true et_sliderauto_speed_4000 et_slidertype_images'>\n\t\t\t<div class='et-image-slides'>\n\t\t\t\t<div class='et-tabs-content-wrapper'>\n\t\t\t\t\t<div class='et_slidecontent et-image-slide'><img loading=\"lazy\" decoding=\"async\" src=\"http:\/\/www.navattagroup.com\/wp-content\/uploads\/2014\/01\/pestoslide00.jpg\" alt=\"\" width=\"600\" height=\"300\" srcset=\"https:\/\/www.navattagroup.com\/wp-content\/uploads\/2014\/01\/pestoslide00.jpg 600w, https:\/\/www.navattagroup.com\/wp-content\/uploads\/2014\/01\/pestoslide00-300x150.jpg 300w\" sizes=\"(max-width: 600px) 100vw, 600px\" \/><span class='et-image-overlay'> <\/span><\/div>\n\n\t\t<div class='et_slidecontent et-image-slide'><img loading=\"lazy\" decoding=\"async\" src=\"http:\/\/www.navattagroup.com\/wp-content\/uploads\/2014\/01\/pestoslide01.jpg\" alt=\"\" width=\"600\" height=\"300\" srcset=\"https:\/\/www.navattagroup.com\/wp-content\/uploads\/2014\/01\/pestoslide01.jpg 600w, https:\/\/www.navattagroup.com\/wp-content\/uploads\/2014\/01\/pestoslide01-300x150.jpg 300w\" sizes=\"(max-width: 600px) 100vw, 600px\" \/><span class='et-image-overlay'> <\/span><\/div>\n\n\t\t<div class='et_slidecontent et-image-slide'><img loading=\"lazy\" decoding=\"async\" src=\"http:\/\/www.navattagroup.com\/wp-content\/uploads\/2014\/01\/pestoslide02.jpg\" alt=\"\" width=\"600\" height=\"300\" srcset=\"https:\/\/www.navattagroup.com\/wp-content\/uploads\/2014\/01\/pestoslide02.jpg 600w, https:\/\/www.navattagroup.com\/wp-content\/uploads\/2014\/01\/pestoslide02-300x150.jpg 300w\" sizes=\"(max-width: 600px) 100vw, 600px\" \/><span class='et-image-overlay'> <\/span><\/div>\n\n\t\t<div class='et_slidecontent et-image-slide'><img loading=\"lazy\" decoding=\"async\" src=\"http:\/\/www.navattagroup.com\/wp-content\/uploads\/2014\/01\/pestoslide03.jpg\" alt=\"\" width=\"600\" height=\"300\" srcset=\"https:\/\/www.navattagroup.com\/wp-content\/uploads\/2014\/01\/pestoslide03.jpg 600w, https:\/\/www.navattagroup.com\/wp-content\/uploads\/2014\/01\/pestoslide03-300x150.jpg 300w\" sizes=\"(max-width: 600px) 100vw, 600px\" \/><span class='et-image-overlay'> <\/span><\/div>\n\n\t\t<div class='et_slidecontent et-image-slide'><img loading=\"lazy\" decoding=\"async\" src=\"http:\/\/www.navattagroup.com\/wp-content\/uploads\/2014\/01\/pestoslide04.jpg\" alt=\"\" width=\"600\" height=\"300\" srcset=\"https:\/\/www.navattagroup.com\/wp-content\/uploads\/2014\/01\/pestoslide04.jpg 600w, https:\/\/www.navattagroup.com\/wp-content\/uploads\/2014\/01\/pestoslide04-300x150.jpg 300w\" sizes=\"(max-width: 600px) 100vw, 600px\" \/><span class='et-image-overlay'> <\/span><\/div>\n\n\t\t<div class='et_slidecontent et-image-slide'><img loading=\"lazy\" decoding=\"async\" src=\"http:\/\/www.navattagroup.com\/wp-content\/uploads\/2014\/01\/pestoslide05.jpg\" alt=\"\" width=\"600\" height=\"300\" srcset=\"https:\/\/www.navattagroup.com\/wp-content\/uploads\/2014\/01\/pestoslide05.jpg 600w, https:\/\/www.navattagroup.com\/wp-content\/uploads\/2014\/01\/pestoslide05-300x150.jpg 300w\" sizes=\"(max-width: 600px) 100vw, 600px\" \/><span class='et-image-overlay'> <\/span><\/div>\n\t\t\t\t<\/div>\n\t\t\t<\/div>\n\t\t<\/div> <!-- .et-image-slider -->\n\t\t<\/p>","protected":false},"excerpt":{"rendered":"<p>L\u00cdNEAS PARA CREMAS Y PESTO La instalaci\u00f3n ideal es aquella con c\u00fatter que puede funcionar en bajo vac\u00edo o con calefacci\u00f3n directa o indirecta. La parte s\u00f3lida de la receta es preparada y pesada separadamente, generalmente en vagonetas y cargada en el c\u00fatter. La parte l\u00edquida es dosificada directamente en el c\u00fater con cuenta-litros o [&hellip;]<\/p>\n","protected":false},"author":2,"featured_media":0,"parent":0,"menu_order":0,"comment_status":"closed","ping_status":"closed","template":"","meta":{"_et_pb_use_builder":"on","_et_pb_old_content":"<h4>LINEE CREME E PESTO<\/h4><p>L\u2019impianto ideale \u00e8 quello con cutter che pu\u00f2 funzionare sottovuoto o con riscaldamento diretto od indiretto.<br \/> La parte solida della ricetta viene preparata e pesata separatamente, di solito in vagonetti e caricata nel cutter.<br \/> La parte liquida viene dosata direttamente nel cutter con conta-litri o pu\u00f2 venire aggiunta alla parte solida direttamente nei vagonetti.<br \/> Il cutter permette anche il funzionamento sotto vuoto per evitare l\u2019ossidazione e imbrunimento dei vegetali.<br \/> Dal cutter si passa alla fase di pastorizzazione o si pu\u00f2 andare direttamente alla tramoggia della riempitrice.<br \/> Il prodotto nel contenitore subir\u00e0 la successiva fase di pastorizzazione nel tunnel o di sterilizzazione in autoclave.<\/p><p>[tabs slidertype=\"images\" auto=\"yes\" autospeed=\"4000\"]<br \/> [imagetab width=\"600\" height=\"300\"]www.navattagroup.com\/wp-content\/uploads\/2014\/01\/pestoslide00.jpg[\/imagetab]<br \/> [imagetab width=\"600\" height=\"300\"]www.navattagroup.com\/wp-content\/uploads\/2014\/01\/pestoslide01.jpg[\/imagetab]<br \/> [imagetab width=\"600\" height=\"300\"]www.navattagroup.com\/wp-content\/uploads\/2014\/01\/pestoslide02.jpg[\/imagetab]<br \/> [imagetab width=\"600\" height=\"300\"]www.navattagroup.com\/wp-content\/uploads\/2014\/01\/pestoslide03.jpg[\/imagetab]<br \/> [imagetab width=\"600\" height=\"300\"]www.navattagroup.com\/wp-content\/uploads\/2014\/01\/pestoslide04.jpg[\/imagetab]<br \/> [imagetab width=\"600\" height=\"300\"]www.navattagroup.com\/wp-content\/uploads\/2014\/01\/pestoslide05.jpg[\/imagetab]<br \/> [\/tabs]<\/p>","_et_gb_content_width":"","_monsterinsights_skip_tracking":false,"_monsterinsights_sitenote_active":false,"_monsterinsights_sitenote_note":"","_monsterinsights_sitenote_category":0,"footnotes":""},"_links":{"self":[{"href":"https:\/\/www.navattagroup.com\/es\/wp-json\/wp\/v2\/pages\/1141"}],"collection":[{"href":"https:\/\/www.navattagroup.com\/es\/wp-json\/wp\/v2\/pages"}],"about":[{"href":"https:\/\/www.navattagroup.com\/es\/wp-json\/wp\/v2\/types\/page"}],"author":[{"embeddable":true,"href":"https:\/\/www.navattagroup.com\/es\/wp-json\/wp\/v2\/users\/2"}],"replies":[{"embeddable":true,"href":"https:\/\/www.navattagroup.com\/es\/wp-json\/wp\/v2\/comments?post=1141"}],"version-history":[{"count":8,"href":"https:\/\/www.navattagroup.com\/es\/wp-json\/wp\/v2\/pages\/1141\/revisions"}],"predecessor-version":[{"id":3000,"href":"https:\/\/www.navattagroup.com\/es\/wp-json\/wp\/v2\/pages\/1141\/revisions\/3000"}],"wp:attachment":[{"href":"https:\/\/www.navattagroup.com\/es\/wp-json\/wp\/v2\/media?parent=1141"}],"curies":[{"name":"wp","href":"https:\/\/api.w.org\/{rel}","templated":true}]}}