{"id":12,"date":"2013-06-10T12:14:55","date_gmt":"2013-06-10T11:14:55","guid":{"rendered":"http:\/\/www.navattagroup.com\/?page_id=12"},"modified":"2015-11-05T11:46:49","modified_gmt":"2015-11-05T10:46:49","slug":"the-group","status":"publish","type":"page","link":"https:\/\/www.navattagroup.com\/es\/the-group\/","title":{"rendered":"El Grupo Navatta"},"content":{"rendered":"<p><\/p>\n<h2><b>NAVATTA GROUP &#8211; PERFIL SOCIETARIO<\/b><\/h2>\n<h3><b>HISTORIA DEL GRUPO<\/b><\/h3>\n<p>La Sociedad <strong>NAVATTA<\/strong> ha sido fundada por el Sr Giuseppe Navatta en el a\u00f1o 1983. <strong>NAVATTA<\/strong> inici\u00f3 su actividad como sub-proveedor preferencial de m\u00e1quinas individuales\u00a0 o sistemas por todas las principales sociedades de producci\u00f3n y venta de m\u00e1quinas de la industria de transformaci\u00f3n de fruta y vegetales de Parma, italianas e Internacionales, tambi\u00e9n proveyendo a su montaje y\u00a0 arranque cerca de los establecimientos de los explotadores finales. En los a\u00f1os siguientes, <strong>NAVATTA<\/strong> desarroll\u00f3 en propio la tecnolog\u00eda y continuas experiencias productivas en el sector del la recepci\u00f2n- descarga &#8211; lavado &#8211; selecci\u00f2n tomate fresco e integrando este peritaje con las consolid\u00e1tas conocimientas y realizaciones en la producci\u00f3n de tomates pelados, cubito, pulpa de tomate. En breve tiempo,<strong> NAVATTA<\/strong> se ha convertido en un centro de excelencia en la producci\u00f3n e instalaci\u00f3n de m\u00e1quinas e instalaciones en la tecnolog\u00eda de la elaboraci\u00f3n del tomate pelado y sus derivados, habiendo instalado l\u00edneas completas en todo el Mundo, con capacidad que van de las 20 a las 120 toneladas \/ hora de producto fresco en entrada. En el a\u00f1o 2001 <strong>NAVATTA<\/strong> ha adquirido la empresa <strong>Dall&#8217;Argine &amp; Ghiretti<\/strong>, sociedad con m\u00e1s de 40 a\u00f1os que experiencia en el sector del trato t\u00e9rmico de productos llenados en contenedores r\u00edgidos cu\u00e1l latas y tarros de vidrio y en el sector de las instalaciones de polpadura del tomate. En el a\u00f1o 2010 <strong>NAVATTA<\/strong> ha adquirido la empresa <strong>MOVA<\/strong>, sociedad con m\u00e1s de 60 a\u00f1os que experiencia en el sector del movimentaci\u00f2n\u00a0 y vaciado de tambores y bins, paletizadores y depal, sistemas de lavado de contenedores industriales, sistemas de movimentaci\u00f2n\u00a0 de frutos y vegetales frescos, l\u00edneas de proceso c\u00edtricos En el a\u00f1o 2012 <strong>NAVATTA<\/strong> ha adquirido la empresa <strong>METRO INTERNACIONAL<\/strong>, sociedad con m\u00e1s que 20 a\u00f1os leader en muchas tecnolog\u00edas de elaboraci\u00f3n de fruta, vegetales y posesora de bastantes patentes internacionales del sector, con particular respeto a la extracci\u00f3n de zumos y pur\u00e9, instalaciones de concentraci\u00f3n, instalaciones de trato y llenado en condiciones as\u00e9pticas. Por fin en el a\u00f1o 2012 <strong>NAVATTA<\/strong> ha devenido propietaria de la empresa<strong> GHIZZONI ETTORE<\/strong>, sociedad con m\u00e1s de 100 a\u00f1os de experiencia y centro de excelencia en la producci\u00f3n e instalaci\u00f3n de m\u00e1quinas e instalaciones por productos formulados cu\u00e1l n\u00e9ctares, zumos salsas, ketchup, mermeladas, jugos.. Todas las <strong>PERSONAS<\/strong> que le trabajan en <strong>NAVATTA GROUP<\/strong> tienen un indiscutido conocimiento tecnol\u00f3gico y multi anual experiencia del sector. <strong>NAVATTA GROUP<\/strong> detiene una impresionante lista de referencias de instalaciones y sistemas instalados en Italia, en Europa, en el Mundo entero.<\/p>\n<h3>NAVATTA GROUP \u2013 MISI\u00d3N Y PRINCIPAL PRODUCTOS<\/h3>\n<p><strong>NAVATTA GROUP<\/strong> produce, instala y arranca l\u00edneas, sistemas, m\u00e1quinas por el proceso de fruta, tomates, vegetales, cuales:<\/p>\n<ul>\n<li>Tomates pelados \/ en cubo \/ pulpas, salsas y pur\u00e9 de tomate, concentrados de tomate con llenados en cada tipo de contenedores r\u00edgidos y flexibles, llenados en as\u00e9ptico;<\/li>\n<li>Cubitos, pur\u00e9, zumos, n\u00e9ctares (naturales o concentrados) de fruta Mediterr\u00e1nea y Tropical con llenados en cada tipo de contenedores r\u00edgidos y flexibles, llenados en as\u00e9ptico;<\/li>\n<li>Instalaciones patentadas a alto rendimiento por la extracci\u00f3n de pur\u00e9 de fruta con tecnolog\u00eda &#8216;cold extraction&#8217;, sistemas de ecualizaci\u00f3n en as\u00e9ptico por pur\u00e9 \/ zumos.<\/li>\n<li>Divisi\u00f3n de Llenado as\u00e9ptico, para sacos con \/ sin boquilla tipo Bag-in-Box 3-20 litros, Bag-in-Drum 220 litros, Bin-in-Box \/ IBCs de 1,000 a 1,500 litros;<\/li>\n<li>Producci\u00f3n de Productos formulados cu\u00e1l ketchup, salsas, jugos, n\u00e9ctares, etc\u00e9tera partiendo de la recepci\u00f2n, trato y preparaci\u00f3n de los ingredientes, su dosificaci\u00f3n en autom\u00e1tico, mezclado y estabilizaci\u00f3n mec\u00e1nica y t\u00e9rmica hasta su envase final en cada tipo de contenedores r\u00edgidos y flexibles, llenados en as\u00e9ptico, llenados en mini tanks as\u00e9pticos;<\/li>\n<li>Instalaci\u00f2nes Piloto de proceso;<\/li>\n<li>Elaboraciones varias de vegetales cu\u00e1l recepci\u00f2n, preparaci\u00f3n, cocci\u00f3n, parrillado,, congelamiento.<\/li>\n<\/ul>\n<p>Hoy <strong>NAVATTA GROUP<\/strong> obra directamente sobre los mercados Selecci\u00f3n nacional e Internacional como productor e instalador de m\u00e1quinas e instalaciones por el proceso de fruta, vegetal, tomate y tiene una cartera de productos que junto a la lista de referencias hacen una de las principales empresas de referencia del sector. Del a\u00f1o 2009 <strong>NAVATTA GROUP<\/strong> est\u00e1 en la nueva sede de Pilastro di Langhirano, Parma que ocupa unos 5.000 metros cuadrados: junto a ella NAVATTA ha adquirido un lote de iguales dimensiones sobre el que est\u00e1n realizando obras de urbanizaci\u00f3n por la expansi\u00f3n futura. Al mismo tiempo de la producci\u00f3n de instalaciones y m\u00e1quinas por la industria alimenticia, <strong>NAVATTA GROUP<\/strong> continua con sus tradicionales actividades relativas a la realizaci\u00f3n de partes de carpinter\u00eda y a mec\u00e1nica de precisi\u00f3n.<\/p>\n\n<div class=\"gde-error\">GDE Error: Error al recuperar el fichero. Si es necesario, desactiva la comprobaci\u00f3n de errores (404:Not Found)<\/div>\n\n<p>&nbsp;<\/p>\n<p><\/p>","protected":false},"excerpt":{"rendered":"<p>NAVATTA GROUP &#8211; PERFIL SOCIETARIO HISTORIA DEL GRUPO La Sociedad NAVATTA ha sido fundada por el Sr Giuseppe Navatta en el a\u00f1o 1983. NAVATTA inici\u00f3 su actividad como sub-proveedor preferencial de m\u00e1quinas individuales\u00a0 o sistemas por todas las principales sociedades de producci\u00f3n y venta de m\u00e1quinas de la industria de transformaci\u00f3n de fruta y vegetales [&hellip;]<\/p>\n","protected":false},"author":1,"featured_media":114,"parent":0,"menu_order":0,"comment_status":"closed","ping_status":"closed","template":"page-full.php","meta":{"_et_pb_use_builder":"","_et_pb_old_content":"","_et_gb_content_width":"","_monsterinsights_skip_tracking":false,"_monsterinsights_sitenote_active":false,"_monsterinsights_sitenote_note":"","_monsterinsights_sitenote_category":0,"footnotes":""},"_links":{"self":[{"href":"https:\/\/www.navattagroup.com\/es\/wp-json\/wp\/v2\/pages\/12"}],"collection":[{"href":"https:\/\/www.navattagroup.com\/es\/wp-json\/wp\/v2\/pages"}],"about":[{"href":"https:\/\/www.navattagroup.com\/es\/wp-json\/wp\/v2\/types\/page"}],"author":[{"embeddable":true,"href":"https:\/\/www.navattagroup.com\/es\/wp-json\/wp\/v2\/users\/1"}],"replies":[{"embeddable":true,"href":"https:\/\/www.navattagroup.com\/es\/wp-json\/wp\/v2\/comments?post=12"}],"version-history":[{"count":18,"href":"https:\/\/www.navattagroup.com\/es\/wp-json\/wp\/v2\/pages\/12\/revisions"}],"predecessor-version":[{"id":1587,"href":"https:\/\/www.navattagroup.com\/es\/wp-json\/wp\/v2\/pages\/12\/revisions\/1587"}],"wp:featuredmedia":[{"embeddable":true,"href":"https:\/\/www.navattagroup.com\/es\/wp-json\/wp\/v2\/media\/114"}],"wp:attachment":[{"href":"https:\/\/www.navattagroup.com\/es\/wp-json\/wp\/v2\/media?parent=12"}],"curies":[{"name":"wp","href":"https:\/\/api.w.org\/{rel}","templated":true}]}}