{"id":33,"date":"2013-06-11T09:59:54","date_gmt":"2013-06-11T08:59:54","guid":{"rendered":"http:\/\/www.navattagroup.com\/?page_id=33"},"modified":"2016-02-23T00:57:37","modified_gmt":"2016-02-22T23:57:37","slug":"mova","status":"publish","type":"page","link":"https:\/\/www.navattagroup.com\/es\/the-group\/mova\/","title":{"rendered":"MOVA"},"content":{"rendered":"<p><\/p>\n<h2><a href=\"http:\/\/www.navattagroup.com\/wp-content\/uploads\/2013\/06\/logo600-MOVA.png\"><img loading=\"lazy\" decoding=\"async\" class=\"aligncenter  wp-image-1297\" src=\"http:\/\/www.navattagroup.com\/wp-content\/uploads\/2013\/06\/logo600-MOVA.png\" alt=\"logo600-MOVA\" width=\"360\" height=\"124\" srcset=\"https:\/\/www.navattagroup.com\/wp-content\/uploads\/2013\/06\/logo600-MOVA.png 600w, https:\/\/www.navattagroup.com\/wp-content\/uploads\/2013\/06\/logo600-MOVA-300x103.png 300w\" sizes=\"(max-width: 360px) 100vw, 360px\" \/><\/a><\/h2>\n<p>La sociedad fue fundada en 1952 por la voluntad del Sr. Sergio Morandi y ha empezado su propia actividad empresarial como fabricante por cuenta de terceros para la industria alimenticia.<\/p>\n<p>Una vez adquirida la experiencia necesaria en el campo, la empresa <strong>MOVA<\/strong> ha promovido desde los a\u00f1os sesenta, una producci\u00f3n original que se ha desarrollado en el campo de vaciado autom\u00e1tico de las cajas para llegar a los actuales sistemas rob\u00f3ticos para bidones o contenedores, paletizadores y Depal, sistemas de lavado de contenedores industriales, sistemas de movimentaci\u00f3n de fruta y de hortalizas frescas, las l\u00edneas de procesamiento de c\u00edtricos.<\/p>\n<p>En los \u00faltimos a\u00f1os, la producci\u00f3n de <strong>MOVA<\/strong> ha logrado que crear su propia \u00e1rea de mercado en el territorio nacional, europeo e internacional.<br \/>\nDesde 2010 forma parte del Grupo <strong>MOVA Navatta<\/strong><br \/>\n<\/p>","protected":false},"excerpt":{"rendered":"<p>La sociedad fue fundada en 1952 por la voluntad del Sr. Sergio Morandi y ha empezado su propia actividad empresarial como fabricante por cuenta de terceros para la industria alimenticia. Una vez adquirida la experiencia necesaria en el campo, la empresa MOVA ha promovido desde los a\u00f1os sesenta, una producci\u00f3n original que se ha desarrollado [&hellip;]<\/p>\n","protected":false},"author":2,"featured_media":0,"parent":12,"menu_order":1,"comment_status":"closed","ping_status":"closed","template":"","meta":{"_et_pb_use_builder":"","_et_pb_old_content":"","_et_gb_content_width":"","_monsterinsights_skip_tracking":false,"_monsterinsights_sitenote_active":false,"_monsterinsights_sitenote_note":"","_monsterinsights_sitenote_category":0,"footnotes":""},"_links":{"self":[{"href":"https:\/\/www.navattagroup.com\/es\/wp-json\/wp\/v2\/pages\/33"}],"collection":[{"href":"https:\/\/www.navattagroup.com\/es\/wp-json\/wp\/v2\/pages"}],"about":[{"href":"https:\/\/www.navattagroup.com\/es\/wp-json\/wp\/v2\/types\/page"}],"author":[{"embeddable":true,"href":"https:\/\/www.navattagroup.com\/es\/wp-json\/wp\/v2\/users\/2"}],"replies":[{"embeddable":true,"href":"https:\/\/www.navattagroup.com\/es\/wp-json\/wp\/v2\/comments?post=33"}],"version-history":[{"count":13,"href":"https:\/\/www.navattagroup.com\/es\/wp-json\/wp\/v2\/pages\/33\/revisions"}],"predecessor-version":[{"id":2119,"href":"https:\/\/www.navattagroup.com\/es\/wp-json\/wp\/v2\/pages\/33\/revisions\/2119"}],"up":[{"embeddable":true,"href":"https:\/\/www.navattagroup.com\/es\/wp-json\/wp\/v2\/pages\/12"}],"wp:attachment":[{"href":"https:\/\/www.navattagroup.com\/es\/wp-json\/wp\/v2\/media?parent=33"}],"curies":[{"name":"wp","href":"https:\/\/api.w.org\/{rel}","templated":true}]}}