{"id":350,"date":"2013-06-19T15:03:31","date_gmt":"2013-06-19T14:03:31","guid":{"rendered":"http:\/\/www.navattagroup.com\/?page_id=350"},"modified":"2017-06-17T12:41:09","modified_gmt":"2017-06-17T11:41:09","slug":"pilot-processing-plants","status":"publish","type":"page","link":"https:\/\/www.navattagroup.com\/es\/pilot-processing-plants\/","title":{"rendered":"Plantas piloto"},"content":{"rendered":"<p><\/p>\n<h3>PLANTA PILOTO<\/h3>\n<p>Para permitir que el cliente pueda probar la eficacia de nuestros equipos, tenemos varias m\u00e1quinas de planta piloto que se alquilan para probar sus caracter\u00edsticas. En varios casos, sin embargo, fabricamos \u00a0plantas piloto para los clientes finales que las utilizan o para el desarrollo de nuevos productos, en el caso de las plantas industriales de alta capacidad de trabajo, o tambi\u00e9n para peque\u00f1os equipos artesanales. No hay pr\u00e1cticamente ninguna planta que no puede ser fabricada para peque\u00f1as capacidades y los m\u00e1s comunes son:<\/p>\n<ul>\n<li>Bola de concentraci\u00f3n D400 mm o 500 mm<\/li>\n<li>Autoclave Diam 750mm<\/li>\n<li>Concentrador de serpentin rotativo D 500 mm<\/li>\n<li>Intercambiadores de calor<\/li>\n<\/ul>\n<p>En todos los casos, la automatizaci\u00f3n puede empezar desde procesos simples hasta replicar exactamente la de los equipos industriales con PLC y PC con pantalla t\u00e1ctil.<\/p>\n<p>\n\t\t<div class='et-image-slider et_sliderfx_fade et_sliderauto_true et_sliderauto_speed_4000 et_slidertype_images'>\n\t\t\t<div class='et-image-slides'>\n\t\t\t\t<div class='et-tabs-content-wrapper'>\n\t\t\t\t\t<div class='et_slidecontent et-image-slide'><img loading=\"lazy\" decoding=\"async\" src=\"http:\/\/www.navattagroup.com\/wp-content\/uploads\/2014\/01\/pilotslide00.jpg\" alt=\"\" width=\"600\" height=\"300\" srcset=\"https:\/\/www.navattagroup.com\/wp-content\/uploads\/2014\/01\/pilotslide00.jpg 600w, https:\/\/www.navattagroup.com\/wp-content\/uploads\/2014\/01\/pilotslide00-300x150.jpg 300w\" sizes=\"(max-width: 600px) 100vw, 600px\" \/><span class='et-image-overlay'> <\/span><\/div>\n\n\t\t<div class='et_slidecontent et-image-slide'><img loading=\"lazy\" decoding=\"async\" src=\"http:\/\/www.navattagroup.com\/wp-content\/uploads\/2014\/01\/pilotslide01.jpg\" alt=\"\" width=\"600\" height=\"300\" srcset=\"https:\/\/www.navattagroup.com\/wp-content\/uploads\/2014\/01\/pilotslide01.jpg 600w, https:\/\/www.navattagroup.com\/wp-content\/uploads\/2014\/01\/pilotslide01-300x150.jpg 300w\" sizes=\"(max-width: 600px) 100vw, 600px\" \/><span class='et-image-overlay'> <\/span><\/div>\n\n\t\t<div class='et_slidecontent et-image-slide'><img loading=\"lazy\" decoding=\"async\" src=\"http:\/\/www.navattagroup.com\/wp-content\/uploads\/2014\/01\/pilotslide02.jpg\" alt=\"\" width=\"600\" height=\"300\" srcset=\"https:\/\/www.navattagroup.com\/wp-content\/uploads\/2014\/01\/pilotslide02.jpg 600w, https:\/\/www.navattagroup.com\/wp-content\/uploads\/2014\/01\/pilotslide02-300x150.jpg 300w\" sizes=\"(max-width: 600px) 100vw, 600px\" \/><span class='et-image-overlay'> <\/span><\/div>\n\n\t\t<div class='et_slidecontent et-image-slide'><img loading=\"lazy\" decoding=\"async\" src=\"http:\/\/www.navattagroup.com\/wp-content\/uploads\/2014\/01\/pilotslide03.jpg\" alt=\"\" width=\"600\" height=\"300\" srcset=\"https:\/\/www.navattagroup.com\/wp-content\/uploads\/2014\/01\/pilotslide03.jpg 600w, https:\/\/www.navattagroup.com\/wp-content\/uploads\/2014\/01\/pilotslide03-300x150.jpg 300w\" sizes=\"(max-width: 600px) 100vw, 600px\" \/><span class='et-image-overlay'> <\/span><\/div>\n\t\t\t\t<\/div>\n\t\t\t<\/div>\n\t\t<\/div> <!-- .et-image-slider -->\n\t\t<\/p>","protected":false},"excerpt":{"rendered":"<p>PLANTA PILOTO Para permitir que el cliente pueda probar la eficacia de nuestros equipos, tenemos varias m\u00e1quinas de planta piloto que se alquilan para probar sus caracter\u00edsticas. En varios casos, sin embargo, fabricamos \u00a0plantas piloto para los clientes finales que las utilizan o para el desarrollo de nuevos productos, en el caso de las plantas [&hellip;]<\/p>\n","protected":false},"author":2,"featured_media":0,"parent":0,"menu_order":0,"comment_status":"open","ping_status":"closed","template":"","meta":{"_et_pb_use_builder":"on","_et_pb_old_content":"<h3>IMPIANTI PILOTA<\/h3><p>Per permettere al Cliente di provare l\u2019efficacia dei nostri impianti, sono presenti in azienda diversi macchinari pilota che vengono ceduti in affitto in modo da testarne le caratteristiche. In diversi casi comunque si realizzano impianti pilota per il Cliente finale che li utilizza o per la messa a punto di nuovi prodotti, nel caso di impianti industriali ad elevata potenzialit\u00e0, oppure per piccole produzioni artigianali. Non esiste praticamente nessun impianto che non possa essere realizzato per piccole potenzialit\u00e0 ed i pi\u00f9 diffusi sono:<\/p><ul><li>Bolla di concentrazione D400mm o D600mm<\/li><li>Autoclave D750mm<\/li><li>Concentratore a serpentino D 500 mm<\/li><li>Scambiatore di calore<\/li><\/ul><p>In tutti i casi l\u2019automazione pu\u00f2 partire dai modelli pi\u00f9 semplici fino ad arrivare a replicare esattamente quella degli impianti industriali ovvero con PLC e PC con interfaccia touch-screen.<\/p><p>[tabs slidertype=\"images\" auto=\"yes\" autospeed=\"4000\"]<br \/> [imagetab width=\"600\" height=\"300\"]www.navattagroup.com\/wp-content\/uploads\/2014\/01\/pilotslide00.jpg[\/imagetab]<br \/> [imagetab width=\"600\" height=\"300\"]www.navattagroup.com\/wp-content\/uploads\/2014\/01\/pilotslide01.jpg[\/imagetab]<br \/> [imagetab width=\"600\" height=\"300\"]www.navattagroup.com\/wp-content\/uploads\/2014\/01\/pilotslide02.jpg[\/imagetab]<br \/> [imagetab width=\"600\" height=\"300\"]www.navattagroup.com\/wp-content\/uploads\/2014\/01\/pilotslide03.jpg[\/imagetab]<br \/> [\/tabs]<\/p>","_et_gb_content_width":"","_monsterinsights_skip_tracking":false,"_monsterinsights_sitenote_active":false,"_monsterinsights_sitenote_note":"","_monsterinsights_sitenote_category":0,"footnotes":""},"_links":{"self":[{"href":"https:\/\/www.navattagroup.com\/es\/wp-json\/wp\/v2\/pages\/350"}],"collection":[{"href":"https:\/\/www.navattagroup.com\/es\/wp-json\/wp\/v2\/pages"}],"about":[{"href":"https:\/\/www.navattagroup.com\/es\/wp-json\/wp\/v2\/types\/page"}],"author":[{"embeddable":true,"href":"https:\/\/www.navattagroup.com\/es\/wp-json\/wp\/v2\/users\/2"}],"replies":[{"embeddable":true,"href":"https:\/\/www.navattagroup.com\/es\/wp-json\/wp\/v2\/comments?post=350"}],"version-history":[{"count":10,"href":"https:\/\/www.navattagroup.com\/es\/wp-json\/wp\/v2\/pages\/350\/revisions"}],"predecessor-version":[{"id":2555,"href":"https:\/\/www.navattagroup.com\/es\/wp-json\/wp\/v2\/pages\/350\/revisions\/2555"}],"wp:attachment":[{"href":"https:\/\/www.navattagroup.com\/es\/wp-json\/wp\/v2\/media?parent=350"}],"curies":[{"name":"wp","href":"https:\/\/api.w.org\/{rel}","templated":true}]}}