{"id":43,"date":"2013-06-11T10:07:01","date_gmt":"2013-06-11T09:07:01","guid":{"rendered":"http:\/\/www.navattagroup.com\/?page_id=43"},"modified":"2016-04-01T00:26:24","modified_gmt":"2016-03-31T23:26:24","slug":"dallargine-ghiretti","status":"publish","type":"page","link":"https:\/\/www.navattagroup.com\/es\/the-group\/dallargine-ghiretti\/","title":{"rendered":"Dall&#8217;Argine e Ghiretti"},"content":{"rendered":"<p><\/p>\n<h2><a href=\"http:\/\/www.navattagroup.com\/wp-content\/uploads\/2013\/06\/logo600-DG.png\"><img loading=\"lazy\" decoding=\"async\" class=\"aligncenter size-full wp-image-1296\" src=\"http:\/\/www.navattagroup.com\/wp-content\/uploads\/2013\/06\/logo600-DG.png\" alt=\"logo600-D&amp;G\" width=\"222\" height=\"180\" \/><\/a><\/h2>\n<p>En el a\u00f1o 2001 <strong>NAVATTA<\/strong> ha adquirido la empresa <strong>Dall&#8217;Argine &amp; Ghiretti<\/strong>, sociedad con m\u00e1s de 40 a\u00f1os que experiencia en el sector del trato t\u00e9rmico de productos llenados en contenedores r\u00edgidos cu\u00e1l latas y tarros de vidrio y en el sector de las instalaciones de polpadura del tomate. Pertenecen a la empresa <strong>Dall&#8217;Argine y Ghiretti<\/strong> varias patentes internacionales sobre la esterilizaci\u00f3n t\u00e9rmica de los productos alimenticios envasados \u200b\u200ben contenedores r\u00edgidos.<\/p>\n<p><\/p>","protected":false},"excerpt":{"rendered":"<p>En el a\u00f1o 2001 NAVATTA ha adquirido la empresa Dall&#8217;Argine &amp; Ghiretti, sociedad con m\u00e1s de 40 a\u00f1os que experiencia en el sector del trato t\u00e9rmico de productos llenados en contenedores r\u00edgidos cu\u00e1l latas y tarros de vidrio y en el sector de las instalaciones de polpadura del tomate. Pertenecen a la empresa Dall&#8217;Argine y [&hellip;]<\/p>\n","protected":false},"author":2,"featured_media":0,"parent":12,"menu_order":2,"comment_status":"closed","ping_status":"closed","template":"","meta":{"_et_pb_use_builder":"","_et_pb_old_content":"","_et_gb_content_width":"","_monsterinsights_skip_tracking":false,"_monsterinsights_sitenote_active":false,"_monsterinsights_sitenote_note":"","_monsterinsights_sitenote_category":0,"footnotes":""},"_links":{"self":[{"href":"https:\/\/www.navattagroup.com\/es\/wp-json\/wp\/v2\/pages\/43"}],"collection":[{"href":"https:\/\/www.navattagroup.com\/es\/wp-json\/wp\/v2\/pages"}],"about":[{"href":"https:\/\/www.navattagroup.com\/es\/wp-json\/wp\/v2\/types\/page"}],"author":[{"embeddable":true,"href":"https:\/\/www.navattagroup.com\/es\/wp-json\/wp\/v2\/users\/2"}],"replies":[{"embeddable":true,"href":"https:\/\/www.navattagroup.com\/es\/wp-json\/wp\/v2\/comments?post=43"}],"version-history":[{"count":13,"href":"https:\/\/www.navattagroup.com\/es\/wp-json\/wp\/v2\/pages\/43\/revisions"}],"predecessor-version":[{"id":2118,"href":"https:\/\/www.navattagroup.com\/es\/wp-json\/wp\/v2\/pages\/43\/revisions\/2118"}],"up":[{"embeddable":true,"href":"https:\/\/www.navattagroup.com\/es\/wp-json\/wp\/v2\/pages\/12"}],"wp:attachment":[{"href":"https:\/\/www.navattagroup.com\/es\/wp-json\/wp\/v2\/media?parent=43"}],"curies":[{"name":"wp","href":"https:\/\/api.w.org\/{rel}","templated":true}]}}