{"id":56,"date":"2013-06-11T11:37:06","date_gmt":"2013-06-11T09:37:06","guid":{"rendered":"http:\/\/www.navattagroup.com\/?page_id=56"},"modified":"2019-10-10T22:33:06","modified_gmt":"2019-10-10T21:33:06","slug":"navatta","status":"publish","type":"page","link":"https:\/\/www.navattagroup.com\/es\/navatta\/","title":{"rendered":"Navatta"},"content":{"rendered":"<p>[et_pb_section bb_built=&#8221;1&#8243; fullwidth=&#8221;on&#8221; specialty=&#8221;off&#8221; next_background_color=&#8221;#000000&#8243;][et_pb_fullwidth_image src=&#8221;http:\/\/www.navattagroup.com\/wp-content\/uploads\/sedenavatta_a.jpg&#8221; show_in_lightbox=&#8221;off&#8221; url_new_window=&#8221;off&#8221; use_overlay=&#8221;off&#8221; animation=&#8221;left&#8221; border_style=&#8221;solid&#8221; _builder_version=&#8221;3.0.51&#8243; animation_style=&#8221;slide&#8221; animation_duration=&#8221;500ms&#8221; animation_intensity_slide=&#8221;10%&#8221; \/][\/et_pb_section][et_pb_section bb_built=&#8221;1&#8243; admin_label=&#8221;section&#8221; prev_background_color=&#8221;#000000&#8243;][et_pb_row admin_label=&#8221;row&#8221; background_position=&#8221;top_left&#8221; background_repeat=&#8221;repeat&#8221; background_size=&#8221;initial&#8221;][et_pb_column type=&#8221;4_4&#8243;][et_pb_text background_position=&#8221;top_left&#8221; background_repeat=&#8221;repeat&#8221; background_size=&#8221;initial&#8221; _builder_version=&#8221;3.21.3&#8243; border_style=&#8221;solid&#8221; z_index_tablet=&#8221;500&#8243;]<\/p>\n<p style=\"text-align: center;\"><img loading=\"lazy\" decoding=\"async\" class=\"alignnone wp-image-2950\" src=\"https:\/\/www.navattagroup.com\/wp-content\/uploads\/navatta_logo2019_ok-1024x460.png\" alt=\"\" width=\"450\" height=\"202\" data-id=\"2950\" srcset=\"https:\/\/www.navattagroup.com\/wp-content\/uploads\/navatta_logo2019_ok.png 1024w, https:\/\/www.navattagroup.com\/wp-content\/uploads\/navatta_logo2019_ok-300x135.png 300w\" sizes=\"(max-width: 450px) 100vw, 450px\" \/><\/p>\n<h3><b>Historia del Grupo<\/b><\/h3>\n<p>La Sociedad <strong>NAVATTA<\/strong> ha sido fundada por el Sr Giuseppe Navatta en el a\u00f1o 1983. <strong>NAVATTA<\/strong> inici\u00f3 su actividad como sub-proveedor preferencial de m\u00e1quinas individuales\u00a0 o sistemas por todas las principales sociedades de producci\u00f3n y venta de m\u00e1quinas de la industria de transformaci\u00f3n de fruta y vegetales de Parma, italianas e Internacionales, tambi\u00e9n proveyendo a su montaje y\u00a0 arranque cerca de los establecimientos de los explotadores finales. En los a\u00f1os siguientes, <strong>NAVATTA<\/strong> desarroll\u00f3 en propio la tecnolog\u00eda y continuas experiencias productivas en el sector del la recepci\u00f2n- descarga &#8211; lavado &#8211; selecci\u00f2n tomate fresco e integrando este peritaje con las consolid\u00e1tas conocimientas y realizaciones en la producci\u00f3n de tomates pelados, cubito, pulpa de tomate. En breve tiempo,<strong> NAVATTA<\/strong> se ha convertido en un centro de excelencia en la producci\u00f3n e instalaci\u00f3n de m\u00e1quinas e instalaciones en la tecnolog\u00eda de la elaboraci\u00f3n del tomate pelado y sus derivados, habiendo instalado l\u00edneas completas en todo el Mundo, con capacidad que van de las 20 a las 120 toneladas \/ hora de producto fresco en entrada.<\/p>\n<p>En el a\u00f1o 2001 <strong>NAVATTA<\/strong> ha adquirido la empresa <strong>Dall&#8217;Argine &amp; Ghiretti<\/strong>, sociedad con m\u00e1s de 40 a\u00f1os que experiencia en el sector del trato t\u00e9rmico de productos llenados en contenedores r\u00edgidos cu\u00e1l latas y tarros de vidrio y en el sector de las instalaciones de polpadura del tomate.<\/p>\n<p>En el a\u00f1o 2010 <strong>NAVATTA<\/strong> ha adquirido la empresa <strong>MOVA<\/strong>, sociedad con m\u00e1s de 60 a\u00f1os que experiencia en el sector del movimentaci\u00f2n\u00a0 y vaciado de tambores y bins, paletizadores y depal, sistemas de lavado de contenedores industriales, sistemas de movimentaci\u00f2n\u00a0 de frutos y vegetales frescos, l\u00edneas de proceso c\u00edtricos<\/p>\n<p>En el a\u00f1o 2012 <strong>NAVATTA<\/strong> ha adquirido la empresa <strong>METRO INTERNACIONAL<\/strong>, sociedad con m\u00e1s que 20 a\u00f1os leader en muchas tecnolog\u00edas de elaboraci\u00f3n de fruta, vegetales y posesora de bastantes patentes internacionales del sector, con particular respeto a la extracci\u00f3n de zumos y pur\u00e9, instalaciones de concentraci\u00f3n, instalaciones de trato y llenado en condiciones as\u00e9pticas.<\/p>\n<p>Por fin en el a\u00f1o 2012 <strong>NAVATTA<\/strong> ha devenido propietaria de la empresa<strong> GHIZZONI ETTORE<\/strong>, sociedad con m\u00e1s de 100 a\u00f1os de experiencia y centro de excelencia en la producci\u00f3n e instalaci\u00f3n de m\u00e1quinas e instalaciones por productos formulados cu\u00e1l n\u00e9ctares, zumos salsas, ketchup, mermeladas, jugos.. Todas las <strong>PERSONAS<\/strong> que le trabajan en <strong>NAVATTA GROUP<\/strong> tienen un indiscutido conocimiento tecnol\u00f3gico y multi anual experiencia del sector. <strong>NAVATTA GROUP<\/strong> detiene una impresionante lista de referencias de instalaciones y sistemas instalados en Italia, en Europa, en el Mundo entero.<\/p>\n<h3>Misi\u00f3n y principal productos<\/h3>\n<p><strong>NAVATTA GROUP<\/strong> produce, instala y arranca l\u00edneas, sistemas, m\u00e1quinas por el proceso de fruta, tomates, vegetales, cuales:<\/p>\n<ul>\n<li>Tomates pelados \/ en cubo \/ pulpas, salsas y pur\u00e9 de tomate, concentrados de tomate con llenados en cada tipo de contenedores r\u00edgidos y flexibles, llenados en as\u00e9ptico;<\/li>\n<li>Cubitos, pur\u00e9, zumos, n\u00e9ctares (naturales o concentrados) de fruta Mediterr\u00e1nea y Tropical con llenados en cada tipo de contenedores r\u00edgidos y flexibles, llenados en as\u00e9ptico;<\/li>\n<li>Instalaciones patentadas a alto rendimiento por la extracci\u00f3n de pur\u00e9 de fruta con tecnolog\u00eda &#8216;cold extraction&#8217;, sistemas de ecualizaci\u00f3n en as\u00e9ptico por pur\u00e9 \/ zumos.<\/li>\n<li>Divisi\u00f3n de Llenado as\u00e9ptico, para sacos con \/ sin boquilla tipo Bag-in-Box 3-20 litros, Bag-in-Drum 220 litros, Bin-in-Box \/ IBCs de 1,000 a 1,500 litros;<\/li>\n<li>Producci\u00f3n de Productos formulados cu\u00e1l ketchup, salsas, jugos, n\u00e9ctares, etc\u00e9tera partiendo de la recepci\u00f2n, trato y preparaci\u00f3n de los ingredientes, su dosificaci\u00f3n en autom\u00e1tico, mezclado y estabilizaci\u00f3n mec\u00e1nica y t\u00e9rmica hasta su envase final en cada tipo de contenedores r\u00edgidos y flexibles, llenados en as\u00e9ptico, llenados en mini tanks as\u00e9pticos;<\/li>\n<li>Instalaci\u00f2nes Piloto de proceso;<\/li>\n<li>Elaboraciones varias de vegetales cu\u00e1l recepci\u00f2n, preparaci\u00f3n, cocci\u00f3n, parrillado,, congelamiento.<\/li>\n<\/ul>\n<p>Hoy <strong>NAVATTA GROUP<\/strong> obra directamente sobre los mercados Selecci\u00f3n nacional e Internacional como productor e instalador de m\u00e1quinas e instalaciones por el proceso de fruta, vegetal, tomate y tiene una cartera de productos que junto a la lista de referencias hacen una de las principales empresas de referencia del sector.<\/p>\n<p>Del a\u00f1o 2009 <strong>NAVATTA GROUP<\/strong> est\u00e1 en la nueva sede de Pilastro di Langhirano, Parma que ocupa unos 10.000 metros cuadrados.<\/p>\n<p>Al mismo tiempo de la producci\u00f3n de instalaciones y m\u00e1quinas por la industria alimenticia, <strong>NAVATTA GROUP<\/strong> continua con sus tradicionales actividades relativas a la realizaci\u00f3n de partes de carpinter\u00eda y a mec\u00e1nica de precisi\u00f3n.<\/p>\n<p>[\/et_pb_text][\/et_pb_column][\/et_pb_row][\/et_pb_section]<\/p>","protected":false},"excerpt":{"rendered":"<p>[et_pb_section bb_built=&#8221;1&#8243; fullwidth=&#8221;on&#8221; specialty=&#8221;off&#8221; next_background_color=&#8221;#000000&#8243;][et_pb_fullwidth_image src=&#8221;http:\/\/www.navattagroup.com\/wp-content\/uploads\/sedenavatta_a.jpg&#8221; show_in_lightbox=&#8221;off&#8221; url_new_window=&#8221;off&#8221; use_overlay=&#8221;off&#8221; animation=&#8221;left&#8221; border_style=&#8221;solid&#8221; _builder_version=&#8221;3.0.51&#8243; animation_style=&#8221;slide&#8221; animation_duration=&#8221;500ms&#8221; animation_intensity_slide=&#8221;10%&#8221; \/][\/et_pb_section][et_pb_section bb_built=&#8221;1&#8243; admin_label=&#8221;section&#8221; prev_background_color=&#8221;#000000&#8243;][et_pb_row admin_label=&#8221;row&#8221; background_position=&#8221;top_left&#8221; background_repeat=&#8221;repeat&#8221; background_size=&#8221;initial&#8221;][et_pb_column type=&#8221;4_4&#8243;][et_pb_text background_position=&#8221;top_left&#8221; background_repeat=&#8221;repeat&#8221; background_size=&#8221;initial&#8221; _builder_version=&#8221;3.21.3&#8243; border_style=&#8221;solid&#8221; z_index_tablet=&#8221;500&#8243;] Historia del Grupo La Sociedad NAVATTA ha sido fundada por el Sr Giuseppe Navatta en el a\u00f1o 1983. NAVATTA inici\u00f3 su actividad como sub-proveedor preferencial [&hellip;]<\/p>\n","protected":false},"author":8,"featured_media":110,"parent":0,"menu_order":0,"comment_status":"closed","ping_status":"closed","template":"","meta":{"_et_pb_use_builder":"on","_et_pb_old_content":"<p style=\"text-align: center;\"><a href=\"http:\/\/www.navattagroup.com\/wp-content\/uploads\/2013\/06\/logo600-NGlogo.png\"><img class=\"aligncenter wp-image-1309\" src=\"http:\/\/www.navattagroup.com\/wp-content\/uploads\/2013\/06\/logo600-NGlogo.png\" alt=\"logo600-NGlogo\" width=\"420\" height=\"182\" \/><\/a><\/p><h3><b>Storia del Gruppo<\/b><\/h3><p>La Societ\u00e0 <strong>NAVATTA<\/strong> \u00e8 stata fondata dal Sig. Giuseppe Navatta nell\u2019anno 1983. <strong>NAVATTA<\/strong> inizi\u00f2 la sua attivit\u00e0 come sub-fornitore preferenziale di singole macchine o sistemi per tutte le principali societ\u00e0 di produzione e vendita di macchine dell\u2019industria di trasformazione di frutta e vegetali di Parma, Italiane ed Internazionali, provvedendo anche al loro montaggio ed avviamento presso gli stabilimenti degli utilizzatori finali. Negli anni seguenti <strong>NAVATTA<\/strong> svilupp\u00f2 in proprio la tecnologia e continue esperienze produttive nel settore del ricevimento \u2013 scarico \u2013 lavaggio \u2013 cernita del pomodoro fresco ed integrando questa expertise con le consolidate conoscenze e realizzazioni nella produzione di pomodori pelati, cubettati, polpa di pomodoro. In breve tempo <strong>NAVATTA<\/strong> \u00e8 diventata un centro di eccellenza nella produzione ed installazione di macchine ed impianti nella tecnologia della lavorazione del pomodoro pelato e suoi derivati, avendo installato linee complete in tutto il Mondo, con capacit\u00e0 che vanno dalle 20 alle 120 tonnellate all\u2019ora di prodotto fresco in ingresso.<\/p><p>Nell\u2019anno 2001 <strong>NAVATTA<\/strong> ha acquistato la ditta <strong>Dall\u2019Argine & Ghiretti<\/strong>, societ\u00e0 con pi\u00f9 di 40 anni di esperienza nel settore del trattamento termico di prodotti riempiti in contenitori rigidi quali lattine e vasi di vetro e nel settore degli impianti di polpatura del pomodoro.<\/p><p>Nell\u2019anno 2010 <strong>NAVATTA<\/strong> ha acquistato la ditta <strong>MOVA<\/strong>, societ\u00e0 con pi\u00f9 di 60 anni di esperienza nel settore della movimentazione e svuotamento di fusti e bins, pallettizzatori e depal, sistemi di lavaggio di contenitori industriali, sistemi di movimentazione di frutti e vegetali freschi, linee di processo agrumi.<\/p><p>Nell\u2019anno 2012 <strong>NAVATTA<\/strong> ha acquisito la ditta <strong>METRO INTERNATIONAL<\/strong>, societ\u00e0 con pi\u00f9 di 20 anni leader in diverse tecnologie di lavorazione di frutta, vegetali e detentrice di parecchi brevetti internazionali del settore, con particolare riguardo all\u2019estrazione di succhi e puree, impianti di concentrazione, impianti di trattamento e riempimento in condizioni asettiche.<\/p><p>Infine nell\u2019anno 2012 <strong>NAVATTA<\/strong> \u00e8 diventata proprietaria della ditta <strong>GHIZZONI ETTORE<\/strong>, societ\u00e0 con pi\u00f9 di 100 anni di esperienza e centro di eccellenza nella produzione ed installazione di macchine ed impianti per prodotti formulati quali nettari, succhi salse, ketchup, marmellate, sughi. Tutte le <strong>PERSONE<\/strong> che lavorano in <strong>NAVATTA GROUP<\/strong> hanno una indiscussa conoscenza tecnologica ed multi annuale esperienza del settore. <strong>NAVATTA GROUP<\/strong> detiene una impressionante lista di referenze di impianti e sistemi installati in Italia, in Europa, nel Mondo intero.<\/p><h3><b>Missione e principali prodotti<\/b><\/h3><p><strong>NAVATTA GROUP<\/strong> produce, installa ed avvia linee, sistemi, macchine per il\u00a0 processo di frutta, pomodori, vegetali, quali:<\/p><ul><li>Pomodori pelati \/ cubettati \/ polpe, salse e puree di pomodoro, concentrate di pomodoro con riempimenti in ogni tipo di contenitori rigidi e flessibili, riempimenti in asettico;<\/li><li>Cubettati, puree, succhi, nettari (naturali o concentrati) da frutta Mediterranea e Tropicale con riempimenti in ogni tipo di contenitori rigidi e flessibili, riempimenti in asettico;<\/li><li>Impianti brevettati ad alta resa per l\u2019estrazione di puree di frutta con tecnologia \u2018cold extraction\u2019, sistemi di equalizzazione in asettico per puree \/ succhi.<\/li><li>Divisione per il riempimento asettico per sacchi Bag-in-Box da 3 a 20 litri, Bag-in-Drum da 220 litri, Bin-in-Box o IBCs da 1.000 a 1.500 litri, con o senza bocchello.<\/li><li>Produzione di Prodotti formulati quali ketchup, salse, sughi, nettari, ecc. partendo dal ricevimento, trattamento e preparazione degli ingredienti, il loro dosaggio in automatico, miscelazione e stabilizzazione meccanica e termica fino al loro confezionamento finale in ogni tipo di contenitori rigidi e flessibili, riempimenti in asettico, riempimenti in mini tanks asettici;<\/li><li>Impianti Pilota di processo;<\/li><li>Lavorazioni varie di vegetali quali ricevimento, preparazione, cuocitura, grigliatura, congelamento.<\/li><\/ul><p>Oggi <strong>NAVATTA GROUP<\/strong> opera direttamente sui mercati Nazionale ed Internazionale come produttore ed installatore di macchine ed impianti per il processo di frutta, vegetali, pomodoro ed ha un portafoglio di prodotti che insieme alla lista di referenze ne fanno una delle principali ditte di riferimento del settore.<\/p><p>Dall\u2019anno 2009 <strong>NAVATTA GROUP<\/strong> \u00e8 nella nuova sede di Pilastro di Langhirano (Parma) che occupa circa 5.000 metri quadrati di superficie. Accanto ad essa <strong>NAVATTA<\/strong> ha acquistato un lotto di pari dimensioni sul quale si stanno realizzando opere di urbanizzazione per l\u2019espansione futura.<\/p><p>Allo stesso tempo della produzione di impianti e macchine per l\u2019industria alimentare, <strong>NAVATTA GROUP<\/strong> continua con le sue tradizionali attivit\u00e0 relative alla realizzazione di parti di carpenteria e meccanica di precisione per ditte esterne.<\/p>","_et_gb_content_width":"","_monsterinsights_skip_tracking":false,"_monsterinsights_sitenote_active":false,"_monsterinsights_sitenote_note":"","_monsterinsights_sitenote_category":0,"footnotes":""},"_links":{"self":[{"href":"https:\/\/www.navattagroup.com\/es\/wp-json\/wp\/v2\/pages\/56"}],"collection":[{"href":"https:\/\/www.navattagroup.com\/es\/wp-json\/wp\/v2\/pages"}],"about":[{"href":"https:\/\/www.navattagroup.com\/es\/wp-json\/wp\/v2\/types\/page"}],"author":[{"embeddable":true,"href":"https:\/\/www.navattagroup.com\/es\/wp-json\/wp\/v2\/users\/8"}],"replies":[{"embeddable":true,"href":"https:\/\/www.navattagroup.com\/es\/wp-json\/wp\/v2\/comments?post=56"}],"version-history":[{"count":60,"href":"https:\/\/www.navattagroup.com\/es\/wp-json\/wp\/v2\/pages\/56\/revisions"}],"predecessor-version":[{"id":3009,"href":"https:\/\/www.navattagroup.com\/es\/wp-json\/wp\/v2\/pages\/56\/revisions\/3009"}],"wp:featuredmedia":[{"embeddable":true,"href":"https:\/\/www.navattagroup.com\/es\/wp-json\/wp\/v2\/media\/110"}],"wp:attachment":[{"href":"https:\/\/www.navattagroup.com\/es\/wp-json\/wp\/v2\/media?parent=56"}],"curies":[{"name":"wp","href":"https:\/\/api.w.org\/{rel}","templated":true}]}}