{"id":59,"date":"2013-06-11T11:42:19","date_gmt":"2013-06-11T10:42:19","guid":{"rendered":"http:\/\/www.navattagroup.com\/?page_id=59"},"modified":"2016-02-23T00:57:47","modified_gmt":"2016-02-22T23:57:47","slug":"ghizzoni","status":"publish","type":"page","link":"https:\/\/www.navattagroup.com\/es\/the-group\/ghizzoni\/","title":{"rendered":"Ghizzoni"},"content":{"rendered":"<p><\/p>\n<h2><a href=\"http:\/\/www.navattagroup.com\/wp-content\/uploads\/2013\/06\/logo600-Ghizzoni-new.png\"><img loading=\"lazy\" decoding=\"async\" class=\"aligncenter  wp-image-1299\" src=\"http:\/\/www.navattagroup.com\/wp-content\/uploads\/2013\/06\/logo600-Ghizzoni-new.png\" alt=\"logo600-Ghizzoni-new\" width=\"420\" height=\"90\" srcset=\"https:\/\/www.navattagroup.com\/wp-content\/uploads\/2013\/06\/logo600-Ghizzoni-new.png 600w, https:\/\/www.navattagroup.com\/wp-content\/uploads\/2013\/06\/logo600-Ghizzoni-new-300x64.png 300w\" sizes=\"(max-width: 420px) 100vw, 420px\" \/><\/a><\/h2>\n<p>La empresa fue fundada a principios del siglo pasado y se ha transmitido de padres a hijos el negocio de los fabricantes de maquinaria para la industria alimentaria en general , con especial \u00e9nfasis para la industria de tomate y fruta. Adem\u00e1s de su gran experiencia en el procesamiento de los tomates ( para la producci\u00f3n de concentrado de tomate , ketchup, salsas , &#8230;) y fruta ( para la producci\u00f3n de mermeladas , conservas, pur\u00e9s , zumos &#8230; ) la Ghizzoni Ettore ha alcanzado m\u00e1quinas y plantas de tratamiento en el sector de procesamiento carne , queso y \u00a0productos l\u00e1cteos y las cocinas industriales para la preparaci\u00f3n de recetas y platos preparados . La experiencia adquirida a lo largo de muchos a\u00f1os de actividad acompa\u00f1ados por una tenacidad constante ha hecho que el nombre <strong>GHIZZONI ETTORE<\/strong> aparec\u00eda siempre entre los primeros y m\u00e1s respetados fabricantes de la industria . En los \u00faltimos a\u00f1os, la empresa Ghizzoni Ettore ha logrado que crear su propia \u00e1rea de mercado en el territorio nacional , europeo e internacional . Desde 2012 <strong>GHIZZONI ETTORE<\/strong> es parte del Grupo Navatta<\/p>\n<p><\/p>","protected":false},"excerpt":{"rendered":"<p>La empresa fue fundada a principios del siglo pasado y se ha transmitido de padres a hijos el negocio de los fabricantes de maquinaria para la industria alimentaria en general , con especial \u00e9nfasis para la industria de tomate y fruta. Adem\u00e1s de su gran experiencia en el procesamiento de los tomates ( para la [&hellip;]<\/p>\n","protected":false},"author":2,"featured_media":0,"parent":12,"menu_order":4,"comment_status":"closed","ping_status":"closed","template":"","meta":{"_et_pb_use_builder":"","_et_pb_old_content":"","_et_gb_content_width":"","_monsterinsights_skip_tracking":false,"_monsterinsights_sitenote_active":false,"_monsterinsights_sitenote_note":"","_monsterinsights_sitenote_category":0,"footnotes":""},"_links":{"self":[{"href":"https:\/\/www.navattagroup.com\/es\/wp-json\/wp\/v2\/pages\/59"}],"collection":[{"href":"https:\/\/www.navattagroup.com\/es\/wp-json\/wp\/v2\/pages"}],"about":[{"href":"https:\/\/www.navattagroup.com\/es\/wp-json\/wp\/v2\/types\/page"}],"author":[{"embeddable":true,"href":"https:\/\/www.navattagroup.com\/es\/wp-json\/wp\/v2\/users\/2"}],"replies":[{"embeddable":true,"href":"https:\/\/www.navattagroup.com\/es\/wp-json\/wp\/v2\/comments?post=59"}],"version-history":[{"count":13,"href":"https:\/\/www.navattagroup.com\/es\/wp-json\/wp\/v2\/pages\/59\/revisions"}],"predecessor-version":[{"id":2120,"href":"https:\/\/www.navattagroup.com\/es\/wp-json\/wp\/v2\/pages\/59\/revisions\/2120"}],"up":[{"embeddable":true,"href":"https:\/\/www.navattagroup.com\/es\/wp-json\/wp\/v2\/pages\/12"}],"wp:attachment":[{"href":"https:\/\/www.navattagroup.com\/es\/wp-json\/wp\/v2\/media?parent=59"}],"curies":[{"name":"wp","href":"https:\/\/api.w.org\/{rel}","templated":true}]}}