{"id":63,"date":"2013-06-11T11:51:03","date_gmt":"2013-06-11T10:51:03","guid":{"rendered":"http:\/\/www.navattagroup.com\/?page_id=63"},"modified":"2016-02-23T00:57:14","modified_gmt":"2016-02-22T23:57:14","slug":"metro-international","status":"publish","type":"page","link":"https:\/\/www.navattagroup.com\/es\/the-group\/metro-international\/","title":{"rendered":"Metro International"},"content":{"rendered":"<p><\/p>\n<h2><a href=\"http:\/\/www.navattagroup.com\/wp-content\/uploads\/2013\/06\/logo600-METRO.png\"><img loading=\"lazy\" decoding=\"async\" class=\"aligncenter size-full wp-image-1298\" src=\"http:\/\/www.navattagroup.com\/wp-content\/uploads\/2013\/06\/logo600-METRO.png\" alt=\"logo600-METRO\" width=\"133\" height=\"150\" \/><\/a><\/h2>\n<p>Metro International Ltd. fue fundada por el Ing. . Carlo Sassi en 1991 , y su actividad es el dise\u00f1o , fabricaci\u00f3n y comercializaci\u00f3n de m\u00e1quinas y instalaciones para la industria alimenticia, las industrias de procesamiento de vegetales (frutas , tomates, c\u00edtricos) , con aplicaciones en la industria qu\u00edmica y ecol\u00f3gica. La producci\u00f3n de Metro International Ltd. se puede resumir de la siguiente manera :<\/p>\n<p style=\"padding-left: 30px;\">&#8211; Equipos completas para la producci\u00f3n de pur\u00e9 de fruta natural o concentrado ( producto semielaborado para la industria ) &#8211; Equipos completas para la producci\u00f3n de zumos y n\u00e9ctares de frutas (productos terminados para el consumo) &#8211; Sistemas completos para el procesamiento del tomate para obtener concentradi ( semielaborado ) , salsa de tomate ( producto final ) , cubetado (para pizza , etc.) -Equipos para mermeladas y confituras de fruta &#8211; Plantas para salsas y aderezos &#8211; Sistemas as\u00e9pticos &#8211; Lavadoras de frutas y hortalizas &#8211; Intercambiadores de calor para diversos usos ( est\u00e9riles y no est\u00e9riles ) &#8211; Extractores de jugo y pur\u00e9 &#8211; Los evaporadores (unidades de concentraci\u00f3n ) de diferentes tipos:<\/p>\n<p style=\"padding-left: 60px;\">\u2022 Circulaci\u00f3n forzada \u2022 pel\u00edcula descendente \u2022 capa sutil turbulenta \u2022 circulaci\u00f3n mixta<\/p>\n<p>Es parte del patrimonio empresarial una serie de patentes que ayudan a caracterizar la originalidad de la producci\u00f3n de Metro International Srl , la mayor\u00eda de las patentes se han extendido al extranjero, en particular en los Estados Unidos de Am\u00e9rica.<\/p>\n<p style=\"padding-left: 30px;\">&#8211; Extractor de jugo y pur\u00e9 de dos etapas vertical &#8221; Twin- Jet&#8221; ( extendido USA ) &#8211; Sistema de drenaje de productos l\u00edquidos as\u00e9pticos bif\u00e1sicos &#8211; Separador de Vapor tronco-c\u00f3nica por evaporadores (Extendido USA ) &#8211; Rotor de pasaje total de los vapores por evaporador de capa sutil turbulenta &#8221; Vapor Jet&#8221; &#8211; Evaporador de circulaci\u00f3n forzada con intercambiador de tubos conc\u00e9ntricos<\/p>\n<p>En los \u00faltimos a\u00f1os, la producci\u00f3n de Metro International Ltd. ha logrado que crear su propia \u00e1rea de mercado en el territorio Nacional , Europeo e Internacional. A partir de 2012 , <strong>METRO INTERNATIONAL<\/strong> es parte del Grupo<strong> Navatta<\/strong> .<\/p>\n<p><\/p>","protected":false},"excerpt":{"rendered":"<p>Metro International Ltd. fue fundada por el Ing. . Carlo Sassi en 1991 , y su actividad es el dise\u00f1o , fabricaci\u00f3n y comercializaci\u00f3n de m\u00e1quinas y instalaciones para la industria alimenticia, las industrias de procesamiento de vegetales (frutas , tomates, c\u00edtricos) , con aplicaciones en la industria qu\u00edmica y ecol\u00f3gica. La producci\u00f3n de Metro [&hellip;]<\/p>\n","protected":false},"author":2,"featured_media":0,"parent":12,"menu_order":5,"comment_status":"closed","ping_status":"closed","template":"","meta":{"_et_pb_use_builder":"","_et_pb_old_content":"","_et_gb_content_width":"","_monsterinsights_skip_tracking":false,"_monsterinsights_sitenote_active":false,"_monsterinsights_sitenote_note":"","_monsterinsights_sitenote_category":0,"footnotes":""},"_links":{"self":[{"href":"https:\/\/www.navattagroup.com\/es\/wp-json\/wp\/v2\/pages\/63"}],"collection":[{"href":"https:\/\/www.navattagroup.com\/es\/wp-json\/wp\/v2\/pages"}],"about":[{"href":"https:\/\/www.navattagroup.com\/es\/wp-json\/wp\/v2\/types\/page"}],"author":[{"embeddable":true,"href":"https:\/\/www.navattagroup.com\/es\/wp-json\/wp\/v2\/users\/2"}],"replies":[{"embeddable":true,"href":"https:\/\/www.navattagroup.com\/es\/wp-json\/wp\/v2\/comments?post=63"}],"version-history":[{"count":19,"href":"https:\/\/www.navattagroup.com\/es\/wp-json\/wp\/v2\/pages\/63\/revisions"}],"predecessor-version":[{"id":2117,"href":"https:\/\/www.navattagroup.com\/es\/wp-json\/wp\/v2\/pages\/63\/revisions\/2117"}],"up":[{"embeddable":true,"href":"https:\/\/www.navattagroup.com\/es\/wp-json\/wp\/v2\/pages\/12"}],"wp:attachment":[{"href":"https:\/\/www.navattagroup.com\/es\/wp-json\/wp\/v2\/media?parent=63"}],"curies":[{"name":"wp","href":"https:\/\/api.w.org\/{rel}","templated":true}]}}