{"id":973,"date":"2013-12-23T16:53:14","date_gmt":"2013-12-23T15:53:14","guid":{"rendered":"http:\/\/www.navattagroup.com\/?page_id=973"},"modified":"2016-02-23T02:07:56","modified_gmt":"2016-02-23T01:07:56","slug":"ketchup","status":"publish","type":"page","link":"https:\/\/www.navattagroup.com\/es\/ketchup\/","title":{"rendered":"Ketchup"},"content":{"rendered":"<p>L\u00cdNEAS KETCHUP<\/p>\n<p>Para la producci\u00f3n de ketchup se empieza del almacenaje de los ingredientes fundamentales como: concentrado de tomate, glucosa, aceite, vinagre y otros productos en soluci\u00f3n acuosa o en polvo.<br \/>\nPara las l\u00edneas de elevada producci\u00f3n se puede producir la glucosa a partir del az\u00facar cristalino.<br \/>\nLa dosificaci\u00f3n de los ingredientes que componen la receta se realiza con cuenta-litros para los productos bombeables, dosificadores gravim\u00e9tricos para los polvos, sistemas de pesaje.<br \/>\nUna vez dosificados los ingredientes de la receta se provee a su mezcla y a las fases siguientes de tratamiento.<br \/>\nEn el caso de producciones peque\u00f1as tambi\u00e9n se realiza una fase de cocci\u00f3n en cocedores adecuados pasando luego directamente a lo llenado.<\/p>\n<p>\n\t\t<div class='et-image-slider et_sliderfx_fade et_sliderauto_true et_sliderauto_speed_4000 et_slidertype_images'>\n\t\t\t<div class='et-image-slides'>\n\t\t\t\t<div class='et-tabs-content-wrapper'>\n\t\t\t\t\t<div class='et_slidecontent et-image-slide'><img loading=\"lazy\" decoding=\"async\" src=\"http:\/\/www.navattagroup.com\/wp-content\/uploads\/2014\/01\/ketchslide00.jpg\" alt=\"\" width=\"600\" height=\"300\" srcset=\"https:\/\/www.navattagroup.com\/wp-content\/uploads\/2014\/01\/ketchslide00.jpg 600w, https:\/\/www.navattagroup.com\/wp-content\/uploads\/2014\/01\/ketchslide00-300x150.jpg 300w\" sizes=\"(max-width: 600px) 100vw, 600px\" \/><span class='et-image-overlay'> <\/span><\/div>\n\n\t\t<div class='et_slidecontent et-image-slide'><img loading=\"lazy\" decoding=\"async\" src=\"http:\/\/www.navattagroup.com\/wp-content\/uploads\/2014\/01\/ketchslide01.jpg\" alt=\"\" width=\"600\" height=\"300\" srcset=\"https:\/\/www.navattagroup.com\/wp-content\/uploads\/2014\/01\/ketchslide01.jpg 600w, https:\/\/www.navattagroup.com\/wp-content\/uploads\/2014\/01\/ketchslide01-300x150.jpg 300w\" sizes=\"(max-width: 600px) 100vw, 600px\" \/><span class='et-image-overlay'> <\/span><\/div>\n\n\t\t<div class='et_slidecontent et-image-slide'><img loading=\"lazy\" decoding=\"async\" src=\"http:\/\/www.navattagroup.com\/wp-content\/uploads\/2014\/01\/ketchslide02.jpg\" alt=\"\" width=\"600\" height=\"300\" srcset=\"https:\/\/www.navattagroup.com\/wp-content\/uploads\/2014\/01\/ketchslide02.jpg 600w, https:\/\/www.navattagroup.com\/wp-content\/uploads\/2014\/01\/ketchslide02-300x150.jpg 300w\" sizes=\"(max-width: 600px) 100vw, 600px\" \/><span class='et-image-overlay'> <\/span><\/div>\n\n\t\t<div class='et_slidecontent et-image-slide'><img loading=\"lazy\" decoding=\"async\" src=\"http:\/\/www.navattagroup.com\/wp-content\/uploads\/2014\/01\/ketchslide03.jpg\" alt=\"\" width=\"600\" height=\"300\" srcset=\"https:\/\/www.navattagroup.com\/wp-content\/uploads\/2014\/01\/ketchslide03.jpg 600w, https:\/\/www.navattagroup.com\/wp-content\/uploads\/2014\/01\/ketchslide03-300x150.jpg 300w\" sizes=\"(max-width: 600px) 100vw, 600px\" \/><span class='et-image-overlay'> <\/span><\/div>\n\n\t\t<div class='et_slidecontent et-image-slide'><img loading=\"lazy\" decoding=\"async\" src=\"http:\/\/www.navattagroup.com\/wp-content\/uploads\/2014\/01\/ketchslide04.jpg\" alt=\"\" width=\"600\" height=\"300\" srcset=\"https:\/\/www.navattagroup.com\/wp-content\/uploads\/2014\/01\/ketchslide04.jpg 600w, https:\/\/www.navattagroup.com\/wp-content\/uploads\/2014\/01\/ketchslide04-300x150.jpg 300w\" sizes=\"(max-width: 600px) 100vw, 600px\" \/><span class='et-image-overlay'> <\/span><\/div>\n\n\t\t<div class='et_slidecontent et-image-slide'><img loading=\"lazy\" decoding=\"async\" src=\"http:\/\/www.navattagroup.com\/wp-content\/uploads\/2014\/01\/ketchslide05.jpg\" alt=\"\" width=\"600\" height=\"300\" srcset=\"https:\/\/www.navattagroup.com\/wp-content\/uploads\/2014\/01\/ketchslide05.jpg 600w, https:\/\/www.navattagroup.com\/wp-content\/uploads\/2014\/01\/ketchslide05-300x150.jpg 300w\" sizes=\"(max-width: 600px) 100vw, 600px\" \/><span class='et-image-overlay'> <\/span><\/div>\n\n\t\t<div class='et_slidecontent et-image-slide'><img loading=\"lazy\" decoding=\"async\" src=\"http:\/\/www.navattagroup.com\/wp-content\/uploads\/2014\/01\/ketchslide06.jpg\" alt=\"\" width=\"600\" height=\"300\" srcset=\"https:\/\/www.navattagroup.com\/wp-content\/uploads\/2014\/01\/ketchslide06.jpg 600w, https:\/\/www.navattagroup.com\/wp-content\/uploads\/2014\/01\/ketchslide06-300x150.jpg 300w\" sizes=\"(max-width: 600px) 100vw, 600px\" \/><span class='et-image-overlay'> <\/span><\/div>\n\n\t\t<div class='et_slidecontent et-image-slide'><img loading=\"lazy\" decoding=\"async\" src=\"http:\/\/www.navattagroup.com\/wp-content\/uploads\/2014\/01\/ketchslide07.jpg\" alt=\"\" width=\"600\" height=\"300\" srcset=\"https:\/\/www.navattagroup.com\/wp-content\/uploads\/2014\/01\/ketchslide07.jpg 600w, https:\/\/www.navattagroup.com\/wp-content\/uploads\/2014\/01\/ketchslide07-300x150.jpg 300w\" sizes=\"(max-width: 600px) 100vw, 600px\" \/><span class='et-image-overlay'> <\/span><\/div>\n\t\t\t\t<\/div>\n\t\t\t<\/div>\n\t\t<\/div> <!-- .et-image-slider -->\n\t\t<\/p>","protected":false},"excerpt":{"rendered":"<p>L\u00cdNEAS KETCHUP Para la producci\u00f3n de ketchup se empieza del almacenaje de los ingredientes fundamentales como: concentrado de tomate, glucosa, aceite, vinagre y otros productos en soluci\u00f3n acuosa o en polvo. Para las l\u00edneas de elevada producci\u00f3n se puede producir la glucosa a partir del az\u00facar cristalino. La dosificaci\u00f3n de los ingredientes que componen la [&hellip;]<\/p>\n","protected":false},"author":2,"featured_media":0,"parent":0,"menu_order":0,"comment_status":"closed","ping_status":"closed","template":"","meta":{"_et_pb_use_builder":"on","_et_pb_old_content":"<p>LINEE KETCHUP<\/p><p>Per la produzione di ketchup si parte dallo stoccaggio degli ingredienti fondamentali quali: concentrato di pomodoro, glucosio, olio, aceto e altri prodotti in soluzione acquosa o in polvere.<br \/> Per le linee ad elevata produzione si pu\u00f2 produrre il glucosio a partire da zucchero cristallino.<br \/> Il dosaggio degli ingredienti componenti la ricetta si effettua con conta-litri per i prodotti pompabili, dosatori gravitometrici per le polveri, sistemi di pesatura.<br \/> Una volta dosati gli ingredienti della ricetta si provvede alla loro miscelazione e alle successive fasi di lavorazione.<br \/> Nel caso di piccole produzioni si effettua anche una fase di cottura in appositi cuocitori passando poi direttamente al riempimento.<\/p><p>[tabs slidertype=\"images\" auto=\"yes\" autospeed=\"4000\"]<br \/> [imagetab width=\"600\" height=\"300\"]www.navattagroup.com\/wp-content\/uploads\/2014\/01\/ketchslide00.jpg[\/imagetab]<br \/> [imagetab width=\"600\" height=\"300\"]www.navattagroup.com\/wp-content\/uploads\/2014\/01\/ketchslide01.jpg[\/imagetab]<br \/> [imagetab width=\"600\" height=\"300\"]www.navattagroup.com\/wp-content\/uploads\/2014\/01\/ketchslide02.jpg[\/imagetab]<br \/> [imagetab width=\"600\" height=\"300\"]www.navattagroup.com\/wp-content\/uploads\/2014\/01\/ketchslide03.jpg[\/imagetab]<br \/> [imagetab width=\"600\" height=\"300\"]www.navattagroup.com\/wp-content\/uploads\/2014\/01\/ketchslide04.jpg[\/imagetab]<br \/> [imagetab width=\"600\" height=\"300\"]www.navattagroup.com\/wp-content\/uploads\/2014\/01\/ketchslide05.jpg[\/imagetab]<br \/> [imagetab width=\"600\" height=\"300\"]www.navattagroup.com\/wp-content\/uploads\/2014\/01\/ketchslide06.jpg[\/imagetab]<br \/> [imagetab width=\"600\" height=\"300\"]www.navattagroup.com\/wp-content\/uploads\/2014\/01\/ketchslide07.jpg[\/imagetab]<br \/> [\/tabs]<\/p>","_et_gb_content_width":"","_monsterinsights_skip_tracking":false,"_monsterinsights_sitenote_active":false,"_monsterinsights_sitenote_note":"","_monsterinsights_sitenote_category":0,"footnotes":""},"_links":{"self":[{"href":"https:\/\/www.navattagroup.com\/es\/wp-json\/wp\/v2\/pages\/973"}],"collection":[{"href":"https:\/\/www.navattagroup.com\/es\/wp-json\/wp\/v2\/pages"}],"about":[{"href":"https:\/\/www.navattagroup.com\/es\/wp-json\/wp\/v2\/types\/page"}],"author":[{"embeddable":true,"href":"https:\/\/www.navattagroup.com\/es\/wp-json\/wp\/v2\/users\/2"}],"replies":[{"embeddable":true,"href":"https:\/\/www.navattagroup.com\/es\/wp-json\/wp\/v2\/comments?post=973"}],"version-history":[{"count":11,"href":"https:\/\/www.navattagroup.com\/es\/wp-json\/wp\/v2\/pages\/973\/revisions"}],"predecessor-version":[{"id":2156,"href":"https:\/\/www.navattagroup.com\/es\/wp-json\/wp\/v2\/pages\/973\/revisions\/2156"}],"wp:attachment":[{"href":"https:\/\/www.navattagroup.com\/es\/wp-json\/wp\/v2\/media?parent=973"}],"curies":[{"name":"wp","href":"https:\/\/api.w.org\/{rel}","templated":true}]}}