{"id":1141,"date":"2014-01-30T15:47:02","date_gmt":"2014-01-30T14:47:02","guid":{"rendered":"http:\/\/www.navattagroup.com\/?page_id=1141"},"modified":"2019-07-21T23:43:01","modified_gmt":"2019-07-21T22:43:01","slug":"sauces-cloned","status":"publish","type":"page","link":"https:\/\/www.navattagroup.com\/fr\/sauces-cloned\/","title":{"rendered":"Cremes et Pesto"},"content":{"rendered":"<p><\/p>\n<h4>LIGNES DE CREMES ET PESTO<\/h4>\n<p>La ligne id\u00e9ale est celle avec la coupeuse qui peut fonctionner sous vide ou avec chauffage direct\u00a0 ou indirect.<br \/>\nLa partie solide de la recette est pr\u00e9par\u00e9e et pes\u00e9e s\u00e9par\u00e9ment, habituellement en berlines et charg\u00e9e dans la coupeuse.<br \/>\nLa partie liquide est dos\u00e9e directement dans la coupeuse avec compte-litres ou elle peut \u00eatre ajout\u00e9e \u00e0 la partie solide directement dans les berlines.<br \/>\nLa coupeuse permet aussi le fonctionnement sous vide pour \u00e9viter l\u2019oxydation et le brunissement des v\u00e9g\u00e9tales.<br \/>\nApr\u00e8s la coupeuse il y la phase de pasteurisation ou on peut passer directement \u00e0 la tr\u00e9mie de remplissage.<br \/>\nLe couteau permet le fonctionnement sous vide \u00e9viter l&#8217;oxydation et le brunissement des plantes. La fraise se d\u00e9place \u00e0 la pasteurisation, ou vous pouvez aller directement \u00e0 la tr\u00e9mie de la remplisseuse. Le produit dans le r\u00e9cipient sera envoy\u00e9 \u00e0 la phase suivante de pasteurisation dans le tunnel ou \u00e0 la st\u00e9rilisation dans l&#8217;autoclave.<\/p>\n<p>\n\t\t<div class='et-image-slider et_sliderfx_fade et_sliderauto_true et_sliderauto_speed_4000 et_slidertype_images'>\n\t\t\t<div class='et-image-slides'>\n\t\t\t\t<div class='et-tabs-content-wrapper'>\n\t\t\t\t\t<div class='et_slidecontent et-image-slide'><img loading=\"lazy\" decoding=\"async\" src=\"http:\/\/www.navattagroup.com\/wp-content\/uploads\/2014\/01\/pestoslide00.jpg\" alt=\"\" width=\"600\" height=\"300\" srcset=\"https:\/\/www.navattagroup.com\/wp-content\/uploads\/2014\/01\/pestoslide00.jpg 600w, https:\/\/www.navattagroup.com\/wp-content\/uploads\/2014\/01\/pestoslide00-300x150.jpg 300w\" sizes=\"(max-width: 600px) 100vw, 600px\" \/><span class='et-image-overlay'> <\/span><\/div>\n\n\t\t<div class='et_slidecontent et-image-slide'><img loading=\"lazy\" decoding=\"async\" src=\"http:\/\/www.navattagroup.com\/wp-content\/uploads\/2014\/01\/pestoslide01.jpg\" alt=\"\" width=\"600\" height=\"300\" srcset=\"https:\/\/www.navattagroup.com\/wp-content\/uploads\/2014\/01\/pestoslide01.jpg 600w, https:\/\/www.navattagroup.com\/wp-content\/uploads\/2014\/01\/pestoslide01-300x150.jpg 300w\" sizes=\"(max-width: 600px) 100vw, 600px\" \/><span class='et-image-overlay'> <\/span><\/div>\n\n\t\t<div class='et_slidecontent et-image-slide'><img loading=\"lazy\" decoding=\"async\" src=\"http:\/\/www.navattagroup.com\/wp-content\/uploads\/2014\/01\/pestoslide02.jpg\" alt=\"\" width=\"600\" height=\"300\" srcset=\"https:\/\/www.navattagroup.com\/wp-content\/uploads\/2014\/01\/pestoslide02.jpg 600w, https:\/\/www.navattagroup.com\/wp-content\/uploads\/2014\/01\/pestoslide02-300x150.jpg 300w\" sizes=\"(max-width: 600px) 100vw, 600px\" \/><span class='et-image-overlay'> <\/span><\/div>\n\n\t\t<div class='et_slidecontent et-image-slide'><img loading=\"lazy\" decoding=\"async\" src=\"http:\/\/www.navattagroup.com\/wp-content\/uploads\/2014\/01\/pestoslide03.jpg\" alt=\"\" width=\"600\" height=\"300\" srcset=\"https:\/\/www.navattagroup.com\/wp-content\/uploads\/2014\/01\/pestoslide03.jpg 600w, https:\/\/www.navattagroup.com\/wp-content\/uploads\/2014\/01\/pestoslide03-300x150.jpg 300w\" sizes=\"(max-width: 600px) 100vw, 600px\" \/><span class='et-image-overlay'> <\/span><\/div>\n\n\t\t<div class='et_slidecontent et-image-slide'><img loading=\"lazy\" decoding=\"async\" src=\"http:\/\/www.navattagroup.com\/wp-content\/uploads\/2014\/01\/pestoslide04.jpg\" alt=\"\" width=\"600\" height=\"300\" srcset=\"https:\/\/www.navattagroup.com\/wp-content\/uploads\/2014\/01\/pestoslide04.jpg 600w, https:\/\/www.navattagroup.com\/wp-content\/uploads\/2014\/01\/pestoslide04-300x150.jpg 300w\" sizes=\"(max-width: 600px) 100vw, 600px\" \/><span class='et-image-overlay'> <\/span><\/div>\n\n\t\t<div class='et_slidecontent et-image-slide'><img loading=\"lazy\" decoding=\"async\" src=\"http:\/\/www.navattagroup.com\/wp-content\/uploads\/2014\/01\/pestoslide05.jpg\" alt=\"\" width=\"600\" height=\"300\" srcset=\"https:\/\/www.navattagroup.com\/wp-content\/uploads\/2014\/01\/pestoslide05.jpg 600w, https:\/\/www.navattagroup.com\/wp-content\/uploads\/2014\/01\/pestoslide05-300x150.jpg 300w\" sizes=\"(max-width: 600px) 100vw, 600px\" \/><span class='et-image-overlay'> <\/span><\/div>\n\t\t\t\t<\/div>\n\t\t\t<\/div>\n\t\t<\/div> <!-- .et-image-slider -->\n\t\t<\/p>","protected":false},"excerpt":{"rendered":"<p>LIGNES DE CREMES ET PESTO La ligne id\u00e9ale est celle avec la coupeuse qui peut fonctionner sous vide ou avec chauffage direct\u00a0 ou indirect. La partie solide de la recette est pr\u00e9par\u00e9e et pes\u00e9e s\u00e9par\u00e9ment, habituellement en berlines et charg\u00e9e dans la coupeuse. La partie liquide est dos\u00e9e directement dans la coupeuse avec compte-litres ou [&hellip;]<\/p>\n","protected":false},"author":2,"featured_media":0,"parent":0,"menu_order":0,"comment_status":"closed","ping_status":"closed","template":"","meta":{"_et_pb_use_builder":"on","_et_pb_old_content":"<h4>LINEE CREME E PESTO<\/h4><p>L\u2019impianto ideale \u00e8 quello con cutter che pu\u00f2 funzionare sottovuoto o con riscaldamento diretto od indiretto.<br \/> La parte solida della ricetta viene preparata e pesata separatamente, di solito in vagonetti e caricata nel cutter.<br \/> La parte liquida viene dosata direttamente nel cutter con conta-litri o pu\u00f2 venire aggiunta alla parte solida direttamente nei vagonetti.<br \/> Il cutter permette anche il funzionamento sotto vuoto per evitare l\u2019ossidazione e imbrunimento dei vegetali.<br \/> Dal cutter si passa alla fase di pastorizzazione o si pu\u00f2 andare direttamente alla tramoggia della riempitrice.<br \/> Il prodotto nel contenitore subir\u00e0 la successiva fase di pastorizzazione nel tunnel o di sterilizzazione in autoclave.<\/p><p>[tabs slidertype=\"images\" auto=\"yes\" autospeed=\"4000\"]<br \/> [imagetab width=\"600\" height=\"300\"]www.navattagroup.com\/wp-content\/uploads\/2014\/01\/pestoslide00.jpg[\/imagetab]<br \/> [imagetab width=\"600\" height=\"300\"]www.navattagroup.com\/wp-content\/uploads\/2014\/01\/pestoslide01.jpg[\/imagetab]<br \/> [imagetab width=\"600\" height=\"300\"]www.navattagroup.com\/wp-content\/uploads\/2014\/01\/pestoslide02.jpg[\/imagetab]<br \/> [imagetab width=\"600\" height=\"300\"]www.navattagroup.com\/wp-content\/uploads\/2014\/01\/pestoslide03.jpg[\/imagetab]<br \/> [imagetab width=\"600\" height=\"300\"]www.navattagroup.com\/wp-content\/uploads\/2014\/01\/pestoslide04.jpg[\/imagetab]<br \/> [imagetab width=\"600\" height=\"300\"]www.navattagroup.com\/wp-content\/uploads\/2014\/01\/pestoslide05.jpg[\/imagetab]<br \/> [\/tabs]<\/p>","_et_gb_content_width":"","_monsterinsights_skip_tracking":false,"_monsterinsights_sitenote_active":false,"_monsterinsights_sitenote_note":"","_monsterinsights_sitenote_category":0,"footnotes":""},"_links":{"self":[{"href":"https:\/\/www.navattagroup.com\/fr\/wp-json\/wp\/v2\/pages\/1141"}],"collection":[{"href":"https:\/\/www.navattagroup.com\/fr\/wp-json\/wp\/v2\/pages"}],"about":[{"href":"https:\/\/www.navattagroup.com\/fr\/wp-json\/wp\/v2\/types\/page"}],"author":[{"embeddable":true,"href":"https:\/\/www.navattagroup.com\/fr\/wp-json\/wp\/v2\/users\/2"}],"replies":[{"embeddable":true,"href":"https:\/\/www.navattagroup.com\/fr\/wp-json\/wp\/v2\/comments?post=1141"}],"version-history":[{"count":8,"href":"https:\/\/www.navattagroup.com\/fr\/wp-json\/wp\/v2\/pages\/1141\/revisions"}],"predecessor-version":[{"id":3000,"href":"https:\/\/www.navattagroup.com\/fr\/wp-json\/wp\/v2\/pages\/1141\/revisions\/3000"}],"wp:attachment":[{"href":"https:\/\/www.navattagroup.com\/fr\/wp-json\/wp\/v2\/media?parent=1141"}],"curies":[{"name":"wp","href":"https:\/\/api.w.org\/{rel}","templated":true}]}}