{"id":12,"date":"2013-06-10T12:14:55","date_gmt":"2013-06-10T11:14:55","guid":{"rendered":"http:\/\/www.navattagroup.com\/?page_id=12"},"modified":"2015-11-05T11:46:49","modified_gmt":"2015-11-05T10:46:49","slug":"the-group","status":"publish","type":"page","link":"https:\/\/www.navattagroup.com\/fr\/the-group\/","title":{"rendered":"Le Groupe Navatta"},"content":{"rendered":"<p><\/p>\n<h2><b>NAVATTA GROUP &#8211; PROFIL DE LA SOCIETE<\/b><\/h2>\n<h3><b>HISTOIRE DU GROUPE<\/b><\/h3>\n<p>La Soci\u00e9t\u00e9 <strong>NAVATTA<\/strong> a \u00e9t\u00e9 fond\u00e9e par\u00a0 Mr. Giuseppe Navatta en 1983. <strong>NAVATTA<\/strong> initia son activit\u00e9 comme sous- fournisseur privil\u00e9gi\u00e9 de machines singles ou des syst\u00e8mes pour toutes les grandes Soci\u00e9t\u00e9s de production et\u00a0 vente de machines pour l\u2019industrie de transformation de fruit et v\u00e9g\u00e9tales les plus importantes en Parma, Italiennes et Internationales,\u00a0 en pourvoyant aussi \u00e0 l\u2019installation et mise en marche chez les \u00e9tablissements des utilisateurs finaux. Dans les ann\u00e9es suivantes <strong>NAVATTA<\/strong> d\u00e9veloppait \u00e0 son compte la technologie et les exp\u00e9riences de production continues dans\u00a0 le secteur de la r\u00e9ception \u2013 d\u00e9chargement \u2013 lavage\u2013 triage de la tomate fraiche, en int\u00e9grant cette expertise avec la synth\u00e8se des connaissances et les r\u00e9alisations dans la production des tomates pel\u00e9es, coup\u00e9es en d\u00e9s, pulpe de tomate. En peu de temps <strong>NAVATTA<\/strong> est devenue un centre d\u2019excellence pour la production de machines et installations dans les techniques de traitement des tomates pel\u00e9es et ses d\u00e9riv\u00e9s,\u00a0 ayant des lignes compl\u00e8tes install\u00e9es dans tout le Monde, avec capacit\u00e9 allant de 20 \u00e0 120 tonnes \/ heure de produit fraiche. En l\u2019an 2001 <strong>NAVATTA<\/strong> a acquis l\u2019entreprise<strong> Dall\u2019Argine &amp; Ghiretti<\/strong>, soci\u00e9t\u00e9 avec plus de 40 ans d\u2019exp\u00e9rience dans le secteur du traitement thermique de produits remplis en contenants rigides tels que bo\u00eetes et vases en verre et dans le secteur des installations de pulpe de tomate. En l\u2019an 2010 <strong>NAVATTA<\/strong> a achet\u00e9 l\u2019entreprise<strong> MOVA<\/strong>, soci\u00e9t\u00e9 avec plus de 60 ans d\u2019exp\u00e9rience dans la manutention et vidage de f\u00fbts et bins, palettiseurs et d\u00e9palettiseur, syst\u00e8mes de lavage de r\u00e9cipients industriels, syst\u00e8mes de manutention des fruits et v\u00e9g\u00e9taux fra\u00eeches, lignes de proc\u00e8s agrumes. En l\u2019an 2012 <strong>NAVATTA<\/strong> a acquis l\u2019entreprise <strong>METRO INTERNATIONAL<\/strong>, soci\u00e9t\u00e9 avec plus de 20 ans leader en diff\u00e9rentes technologies de traitement de fruits, v\u00e9g\u00e9taux et titulaire de plusieurs brevets internationaux dans le secteur, avec une attention particuli\u00e8re a l\u2019extraction de jus et pur\u00e9es, installations de concentration, installations de traitement et remplissage en conditions aseptiques. En fin en l\u2019an 2012 <strong>NAVATTA<\/strong> est devenue propri\u00e9taire de l\u2019entreprise<strong> GHIZZONI ETTORE<\/strong>, soci\u00e9t\u00e9 avec plus de 100 ans d\u2019exp\u00e9rience et centre d\u2019excellence dans la production de machines et installations pour produits formul\u00e9s tels que nectars, jus,\u00a0 sauces, ketchup, marmelades, jus de fruits. Toutes les <strong>PERSONNES<\/strong> qui travaillent dans <strong>NAVATTA GROUP<\/strong> ont une connaissance technologique incontest\u00e9e et exp\u00e9rience multi annuelle dans le secteur. <strong>NAVATTA GROUP<\/strong> d\u00e9tient une \u00e9tonnante liste des r\u00e9f\u00e9rences d\u2019installations et syst\u00e8mes construits en Italie, en Europe, dans le\u00a0 Monde entier.<\/p>\n<h3>NAVATTA GROUP \u2013 MISSION ET PRODUITS PRINCIPAUX<\/h3>\n<p><strong>NAVATTA GROUP\u00a0<\/strong> construit, installe et mit en marche lignes, syst\u00e8mes, machines pour le traitement de fruit, tomates, v\u00e9g\u00e9taux, tels que:<\/p>\n<ul>\n<li>Tomates pel\u00e9es \/ coup\u00e9es en d\u00e9s \/ pulpes, sauces et pur\u00e9es de tomate, tomate concentr\u00e9e avec remplissages de tous genres de contenants rigides et flexibles, remplissages en aseptique;<\/li>\n<li>Coup\u00e9s en d\u00e9s, pur\u00e9es, jus, nectars (naturels ou concentr\u00e9s) de fruit M\u00e9diterran\u00e9en et Tropicale avec remplissages de tous genres de contenants rigides et flexibles, remplissages en aseptique;<\/li>\n<li>Installations brevet\u00e9es \u00e0 haute rendement pour l\u2019extraction de pur\u00e9es de fruit avec technologie \u2018extraction \u00e0 froid\u2019, syst\u00e8mes d\u2019\u00e9galisation en aseptique pour pur\u00e9es \/ jus.<\/li>\n<li>Division de Remplissage Aseptique, sacs avec bec \/ sans bec, Bag-in-Box de 3 \u00e0 20 litres, Bag-in-tambour 220 litres, Bin-in-Box \/ IBCs 1,000 \u00e0 1,500 litres;<\/li>\n<li>Production de Produits formul\u00e9s tels que ketchup, sauces, jus, nectars, etc. en partant de la r\u00e9ception, traitement et pr\u00e9paration des ingr\u00e9dients, leur dosage en automatique, mixage et stabilisation m\u00e9canique et thermique jusqu\u2019\u00e0 leur emballage final dans tous genres de containeurs rigides et flexibles, remplissages en aseptique, remplissages en mini tanks aseptiques;<\/li>\n<li>Installations pilote de proc\u00e8s;<\/li>\n<li>Traitements diff\u00e9rents de v\u00e9g\u00e9taux tels que r\u00e9ception, pr\u00e9paration, cuissage, grillage, cong\u00e9lation.<\/li>\n<\/ul>\n<p>Aujourd\u2019hui <strong>NAVATTA GROUP<\/strong> op\u00e8re directement sur le march\u00e9 National et International comme fabricant et installateur de machines et installations pour le traitement de fruit, v\u00e9g\u00e9taux, tomates et dispose d\u2019un portefeuille de produits qui, ainsi que la liste de r\u00e9f\u00e9rences, en fait l\u2019un des leaders du secteur. Depuis l\u2019ann\u00e9e 2009 <strong>NAVATTA GROUP<\/strong> est dans le nouveau si\u00e8ge \u00e0 Pilastro di Langhirano, Parma qui occupe environs 5.000 m\u00e8tres carr\u00e9s: a c\u00f4t\u00e9 <strong>NAVATTA<\/strong>\u00a0 a achet\u00e9 un lot de dimensions \u00e9gales, sur lequel on est en train d\u2019effectuer des travaux d\u2019urbanisation pour l\u2019expansion future. En m\u00eame temps de la production d\u2019installations et machines pour l\u2019industrie alimentaire, <strong>NAVATTA GROUP<\/strong> continue ses activit\u00e9s traditionnelles li\u00e9es \u00e0 la r\u00e9alisation de pi\u00e8ces de charpenterie et m\u00e9canique de pr\u00e9cision pour des soci\u00e9t\u00e9s ext\u00e9rieures<\/p>\n<p>\n<div class=\"gde-error\">GDE Erreur: Erreur lors de la r\u00e9cup\u00e9ration du fichier - si n\u00e9cessaire, arr\u00eatez la v\u00e9rification d'erreurs (404:Not Found)<\/div>\n<\/p>","protected":false},"excerpt":{"rendered":"<p>NAVATTA GROUP &#8211; PROFIL DE LA SOCIETE HISTOIRE DU GROUPE La Soci\u00e9t\u00e9 NAVATTA a \u00e9t\u00e9 fond\u00e9e par\u00a0 Mr. Giuseppe Navatta en 1983. NAVATTA initia son activit\u00e9 comme sous- fournisseur privil\u00e9gi\u00e9 de machines singles ou des syst\u00e8mes pour toutes les grandes Soci\u00e9t\u00e9s de production et\u00a0 vente de machines pour l\u2019industrie de transformation de fruit et v\u00e9g\u00e9tales [&hellip;]<\/p>\n","protected":false},"author":1,"featured_media":114,"parent":0,"menu_order":0,"comment_status":"closed","ping_status":"closed","template":"page-full.php","meta":{"_et_pb_use_builder":"","_et_pb_old_content":"","_et_gb_content_width":"","_monsterinsights_skip_tracking":false,"_monsterinsights_sitenote_active":false,"_monsterinsights_sitenote_note":"","_monsterinsights_sitenote_category":0,"footnotes":""},"_links":{"self":[{"href":"https:\/\/www.navattagroup.com\/fr\/wp-json\/wp\/v2\/pages\/12"}],"collection":[{"href":"https:\/\/www.navattagroup.com\/fr\/wp-json\/wp\/v2\/pages"}],"about":[{"href":"https:\/\/www.navattagroup.com\/fr\/wp-json\/wp\/v2\/types\/page"}],"author":[{"embeddable":true,"href":"https:\/\/www.navattagroup.com\/fr\/wp-json\/wp\/v2\/users\/1"}],"replies":[{"embeddable":true,"href":"https:\/\/www.navattagroup.com\/fr\/wp-json\/wp\/v2\/comments?post=12"}],"version-history":[{"count":18,"href":"https:\/\/www.navattagroup.com\/fr\/wp-json\/wp\/v2\/pages\/12\/revisions"}],"predecessor-version":[{"id":1587,"href":"https:\/\/www.navattagroup.com\/fr\/wp-json\/wp\/v2\/pages\/12\/revisions\/1587"}],"wp:featuredmedia":[{"embeddable":true,"href":"https:\/\/www.navattagroup.com\/fr\/wp-json\/wp\/v2\/media\/114"}],"wp:attachment":[{"href":"https:\/\/www.navattagroup.com\/fr\/wp-json\/wp\/v2\/media?parent=12"}],"curies":[{"name":"wp","href":"https:\/\/api.w.org\/{rel}","templated":true}]}}