{"id":199,"date":"2013-06-17T11:10:10","date_gmt":"2013-06-17T10:10:10","guid":{"rendered":"http:\/\/www.navattagroup.com\/?page_id=199"},"modified":"2017-07-06T14:58:23","modified_gmt":"2017-07-06T13:58:23","slug":"fruits","status":"publish","type":"page","link":"https:\/\/www.navattagroup.com\/fr\/fruits\/","title":{"rendered":"Fruit"},"content":{"rendered":"<p>[et_pb_section admin_label=&#8221;Section&#8221; fullwidth=&#8221;on&#8221; specialty=&#8221;off&#8221;][et_pb_fullwidth_image admin_label=&#8221;Immagine a Larghezza Intera&#8221; src=&#8221;http:\/\/www.navattagroup.com\/wp-content\/uploads\/2013\/06\/arance.jpg&#8221; alt=&#8221;frutta &#8211; fruit&#8221; show_in_lightbox=&#8221;off&#8221; url_new_window=&#8221;off&#8221; use_overlay=&#8221;off&#8221; animation=&#8221;left&#8221; use_border_color=&#8221;off&#8221; border_color=&#8221;#ffffff&#8221; border_style=&#8221;solid&#8221; saved_tabs=&#8221;all&#8221;] [\/et_pb_fullwidth_image][\/et_pb_section][et_pb_section admin_label=&#8221;section&#8221;][et_pb_row admin_label=&#8221;row&#8221;][et_pb_column type=&#8221;4_4&#8243;][et_pb_text admin_label=&#8221;Texte&#8221; background_layout=&#8221;light&#8221; text_orientation=&#8221;left&#8221; use_border_color=&#8221;off&#8221; border_color=&#8221;#ffffff&#8221; border_style=&#8221;solid&#8221;]<\/p>\n<h3><a href=\"http:\/\/www.navattagroup.com\/wp-content\/uploads\/2013\/06\/insidebanner-orange.jpg\"><img loading=\"lazy\" decoding=\"async\" class=\"alignnone size-full wp-image-197\" src=\"http:\/\/www.navattagroup.com\/wp-content\/uploads\/2013\/06\/insidebanner-orange.jpg\" alt=\"insidebanner-orange\" width=\"580\" height=\"200\" srcset=\"https:\/\/www.navattagroup.com\/wp-content\/uploads\/2013\/06\/insidebanner-orange.jpg 580w, https:\/\/www.navattagroup.com\/wp-content\/uploads\/2013\/06\/insidebanner-orange-300x103.jpg 300w\" sizes=\"(max-width: 580px) 100vw, 580px\" \/><\/a><\/h3>\n<h3>LIGNES TRANSFORMATION\u00a0 DE\u00a0 FRUITS<\/h3>\n<p>Pour la transformation des fruits nous pouvons fournir des lignes et des machines pour tous types de fruits, continentales, tropicales,\u00a0 avec noyau, d\u00e9noyaut\u00e9es, agrumes. Le sch\u00e9ma fait r\u00e9f\u00e9rence \u00e0 une ligne avec la maxime flexibilit\u00e9 mais pas optimis\u00e9e pour des produits particuliers. Les produits qu\u2019on peut obtenir sont pur\u00e9es ou jus naturels ou concentr\u00e9s pasteuris\u00e9s ou en aseptique.<\/p>\n\n\t\t<div class='et-image-slider et_sliderfx_fade et_sliderauto_true et_sliderauto_speed_4000 et_slidertype_images'>\n\t\t\t<div class='et-image-slides'>\n\t\t\t\t<div class='et-tabs-content-wrapper'>\n\t\t\t\t\t<div class='et_slidecontent et-image-slide'><img loading=\"lazy\" decoding=\"async\" src=\"http:\/\/www.navattagroup.com\/wp-content\/uploads\/2014\/01\/fruitslide00.jpg\" alt=\"\" width=\"600\" height=\"300\" srcset=\"https:\/\/www.navattagroup.com\/wp-content\/uploads\/2014\/01\/fruitslide00.jpg 600w, https:\/\/www.navattagroup.com\/wp-content\/uploads\/2014\/01\/fruitslide00-300x150.jpg 300w\" sizes=\"(max-width: 600px) 100vw, 600px\" \/><span class='et-image-overlay'> <\/span><\/div>\n\n\t\t<div class='et_slidecontent et-image-slide'><img loading=\"lazy\" decoding=\"async\" src=\"http:\/\/www.navattagroup.com\/wp-content\/uploads\/2014\/01\/fruitslide01.jpg\" alt=\"\" width=\"600\" height=\"300\" srcset=\"https:\/\/www.navattagroup.com\/wp-content\/uploads\/2014\/01\/fruitslide01.jpg 600w, https:\/\/www.navattagroup.com\/wp-content\/uploads\/2014\/01\/fruitslide01-300x150.jpg 300w\" sizes=\"(max-width: 600px) 100vw, 600px\" \/><span class='et-image-overlay'> <\/span><\/div>\n\n\t\t<div class='et_slidecontent et-image-slide'><img loading=\"lazy\" decoding=\"async\" src=\"http:\/\/www.navattagroup.com\/wp-content\/uploads\/2014\/01\/fruitslide02.jpg\" alt=\"\" width=\"600\" height=\"300\" srcset=\"https:\/\/www.navattagroup.com\/wp-content\/uploads\/2014\/01\/fruitslide02.jpg 600w, https:\/\/www.navattagroup.com\/wp-content\/uploads\/2014\/01\/fruitslide02-300x150.jpg 300w\" sizes=\"(max-width: 600px) 100vw, 600px\" \/><span class='et-image-overlay'> <\/span><\/div>\n\n\t\t<div class='et_slidecontent et-image-slide'><img loading=\"lazy\" decoding=\"async\" src=\"http:\/\/www.navattagroup.com\/wp-content\/uploads\/2014\/01\/fruitslide03.jpg\" alt=\"\" width=\"600\" height=\"300\" srcset=\"https:\/\/www.navattagroup.com\/wp-content\/uploads\/2014\/01\/fruitslide03.jpg 600w, https:\/\/www.navattagroup.com\/wp-content\/uploads\/2014\/01\/fruitslide03-300x150.jpg 300w\" sizes=\"(max-width: 600px) 100vw, 600px\" \/><span class='et-image-overlay'> <\/span><\/div>\n\n\t\t<div class='et_slidecontent et-image-slide'><img loading=\"lazy\" decoding=\"async\" src=\"http:\/\/www.navattagroup.com\/wp-content\/uploads\/2014\/01\/fruitslide04.jpg\" alt=\"\" width=\"600\" height=\"300\" srcset=\"https:\/\/www.navattagroup.com\/wp-content\/uploads\/2014\/01\/fruitslide04.jpg 600w, https:\/\/www.navattagroup.com\/wp-content\/uploads\/2014\/01\/fruitslide04-300x150.jpg 300w\" sizes=\"(max-width: 600px) 100vw, 600px\" \/><span class='et-image-overlay'> <\/span><\/div>\n\n\t\t<div class='et_slidecontent et-image-slide'><img loading=\"lazy\" decoding=\"async\" src=\"http:\/\/www.navattagroup.com\/wp-content\/uploads\/2014\/01\/fruitslide05.jpg\" alt=\"\" width=\"600\" height=\"300\" srcset=\"https:\/\/www.navattagroup.com\/wp-content\/uploads\/2014\/01\/fruitslide05.jpg 600w, https:\/\/www.navattagroup.com\/wp-content\/uploads\/2014\/01\/fruitslide05-300x150.jpg 300w\" sizes=\"(max-width: 600px) 100vw, 600px\" \/><span class='et-image-overlay'> <\/span><\/div>\n\t\t\t\t<\/div>\n\t\t\t<\/div>\n\t\t<\/div> <!-- .et-image-slider -->\n\t\t\n<p><div tabindex=\"0\" class=\"cycloneslider cycloneslider-template-standard cycloneslider-width-responsive\" id=\"cycloneslider-frutta-evaporatori-13\" style=\"max-width:960px\" > <div class=\"cycloneslider-slides cycle-slideshow\" data-cycle-allow-wrap=\"true\" data-cycle-dynamic-height=\"off\" data-cycle-auto-height=\"960:600\" data-cycle-auto-height-easing=\"null\" data-cycle-auto-height-speed=\"250\" data-cycle-delay=\"0\" data-cycle-easing=\"\" data-cycle-fx=\"fade\" data-cycle-hide-non-active=\"true\" data-cycle-log=\"false\" data-cycle-next=\"#cycloneslider-frutta-evaporatori-13 .cycloneslider-next\" data-cycle-pager=\"#cycloneslider-frutta-evaporatori-13 .cycloneslider-pager\" data-cycle-pause-on-hover=\"true\" data-cycle-prev=\"#cycloneslider-frutta-evaporatori-13 .cycloneslider-prev\" data-cycle-slides=\"&gt; div\" data-cycle-speed=\"1000\" data-cycle-swipe=\"1\" data-cycle-tile-count=\"7\" data-cycle-tile-delay=\"100\" data-cycle-tile-vertical=\"true\" data-cycle-timeout=\"4000\" > <div class=\"cycloneslider-slide cycloneslider-slide-image\" > <img decoding=\"async\" src=\"https:\/\/www.navattagroup.com\/wp-content\/uploads\/2-Evaporatore-a-film-cadente-Sahyadri-960x600.jpg\" alt=\"\" title=\"\" \/> <div class=\"cycloneslider-caption\"> <div class=\"cycloneslider-caption-title\"><\/div> <div class=\"cycloneslider-caption-description\">Double effect falling film evaporator for papaya, guava, mango, puree, pomegranate juice and grape juice.<\/div> <\/div> <\/div> <div class=\"cycloneslider-slide cycloneslider-slide-image\" > <img decoding=\"async\" src=\"https:\/\/www.navattagroup.com\/wp-content\/uploads\/3-evaporatore-a-strato-sottile-turbolento-105210-b-scaled-960x600.jpg\" alt=\"\" title=\"\" \/> <div class=\"cycloneslider-caption\"> <div class=\"cycloneslider-caption-title\"><\/div> <div class=\"cycloneslider-caption-description\">Turbulent thin film evaporator mod. VJ 57 for very high viscosity product<\/div> <\/div> <\/div> <\/div> <div class=\"cycloneslider-pager\"><\/div> <a href=\"#\" class=\"cycloneslider-prev\"> <span class=\"arrow\"><\/span> <\/a> <a href=\"#\" class=\"cycloneslider-next\"> <span class=\"arrow\"><\/span> <\/a> <\/div><br \/>\n<div tabindex=\"0\" class=\"cycloneslider cycloneslider-template-standard cycloneslider-width-responsive\" id=\"cycloneslider-formul-sl06-14\" style=\"max-width:900px\" > <div class=\"cycloneslider-slides cycle-slideshow\" data-cycle-allow-wrap=\"true\" data-cycle-dynamic-height=\"off\" data-cycle-auto-height=\"900:500\" data-cycle-auto-height-easing=\"null\" data-cycle-auto-height-speed=\"250\" data-cycle-delay=\"0\" data-cycle-easing=\"\" data-cycle-fx=\"fade\" data-cycle-hide-non-active=\"true\" data-cycle-log=\"false\" data-cycle-next=\"#cycloneslider-formul-sl06-14 .cycloneslider-next\" data-cycle-pager=\"#cycloneslider-formul-sl06-14 .cycloneslider-pager\" data-cycle-pause-on-hover=\"true\" data-cycle-prev=\"#cycloneslider-formul-sl06-14 .cycloneslider-prev\" data-cycle-slides=\"&gt; div\" data-cycle-speed=\"1000\" data-cycle-swipe=\"1\" data-cycle-tile-count=\"7\" data-cycle-tile-delay=\"100\" data-cycle-tile-vertical=\"true\" data-cycle-timeout=\"4000\" > <div class=\"cycloneslider-slide cycloneslider-slide-image\" > <img decoding=\"async\" src=\"https:\/\/www.navattagroup.com\/wp-content\/uploads\/Scraped-surface-pasteurizer-900x500.jpg\" alt=\"\" title=\"\" \/> <div class=\"cycloneslider-caption\"> <div class=\"cycloneslider-caption-title\"><\/div> <div class=\"cycloneslider-caption-description\">Scraped surface pasteurizer<\/div> <\/div> <\/div> <div class=\"cycloneslider-slide cycloneslider-slide-image\" > <img decoding=\"async\" src=\"https:\/\/www.navattagroup.com\/wp-content\/uploads\/Formulates-preparation-line-with-rotary-coil-evaporator-900x500.jpg\" alt=\"\" title=\"\" \/> <div class=\"cycloneslider-caption\"> <div class=\"cycloneslider-caption-title\"><\/div> <div class=\"cycloneslider-caption-description\">Formulates preparation line with rotary coil evaporator<\/div> <\/div> <\/div> <div class=\"cycloneslider-slide cycloneslider-slide-image\" > <img decoding=\"async\" src=\"https:\/\/www.navattagroup.com\/wp-content\/uploads\/raffreddatore_laterale-900x500.jpg\" alt=\"\" title=\"\" \/> <div class=\"cycloneslider-caption\"> <div class=\"cycloneslider-caption-title\"><\/div> <div class=\"cycloneslider-caption-description\">Spiral Cooler with inlet tunnel to mantain temperature for 5-10 kg bags or 5 kg stand-up pouches. Capacity about 1700 containers per hour<\/div> <\/div> <\/div> <div class=\"cycloneslider-slide cycloneslider-slide-image\" > <img decoding=\"async\" src=\"https:\/\/www.navattagroup.com\/wp-content\/uploads\/raffreddatore_spirale-900x500.jpg\" alt=\"\" title=\"\" \/> <div class=\"cycloneslider-caption\"> <div class=\"cycloneslider-caption-title\"><\/div> <div class=\"cycloneslider-caption-description\">Spiral Cooler with inlet tunnel to mantain temperature for 5-10 kg bags or 5 kg stand-up pouches. Capacity about 1700 containers per hour<\/div> <\/div> <\/div> <div class=\"cycloneslider-slide cycloneslider-slide-image\" > <img decoding=\"async\" src=\"https:\/\/www.navattagroup.com\/wp-content\/uploads\/Jam-with-pieces-production-line-900x500.jpg\" alt=\"\" title=\"\" \/> <div class=\"cycloneslider-caption\"> <div class=\"cycloneslider-caption-title\"><\/div> <div class=\"cycloneslider-caption-description\">Jam with pieces production line<\/div> <\/div> <\/div> <div class=\"cycloneslider-slide cycloneslider-slide-image\" > <img decoding=\"async\" src=\"https:\/\/www.navattagroup.com\/wp-content\/uploads\/De-aeration-group-900x500.jpg\" alt=\"\" title=\"\" \/> <div class=\"cycloneslider-caption\"> <div class=\"cycloneslider-caption-title\"><\/div> <div class=\"cycloneslider-caption-description\">De-aeration group<\/div> <\/div> <\/div> <div class=\"cycloneslider-slide cycloneslider-slide-image\" > <img decoding=\"async\" src=\"https:\/\/www.navattagroup.com\/wp-content\/uploads\/Aseptic-sterilizer-900x500.jpg\" alt=\"\" title=\"\" \/> <div class=\"cycloneslider-caption\"> <div class=\"cycloneslider-caption-title\"><\/div> <div class=\"cycloneslider-caption-description\">Aseptic sterilizer<\/div> <\/div> <\/div> <div class=\"cycloneslider-slide cycloneslider-slide-image\" > <img decoding=\"async\" src=\"https:\/\/www.navattagroup.com\/wp-content\/uploads\/Spiral-water-pasteurizer-cooler-\u2013-dryer-tunnel-for-cups-114-\u2013-128-gr.--900x500.jpg\" alt=\"\" title=\"\" \/> <div class=\"cycloneslider-caption\"> <div class=\"cycloneslider-caption-title\"><\/div> <div class=\"cycloneslider-caption-description\">Spiral water pasteurizer - cooler \u2013 dryer tunnel for cups 114 \u2013 128 gr<\/div> <\/div> <\/div> <div class=\"cycloneslider-slide cycloneslider-slide-image\" > <img decoding=\"async\" src=\"https:\/\/www.navattagroup.com\/wp-content\/uploads\/Holding-mixing-vat-for-product-with-pieces-and-for-mayo-and-mustard-900x500.jpg\" alt=\"\" title=\"\" \/> <div class=\"cycloneslider-caption\"> <div class=\"cycloneslider-caption-title\"><\/div> <div class=\"cycloneslider-caption-description\">Holding mixing vat for product with pieces and for mayo and mustard<\/div> <\/div> <\/div> <div class=\"cycloneslider-slide cycloneslider-slide-image\" > <img decoding=\"async\" src=\"https:\/\/www.navattagroup.com\/wp-content\/uploads\/Under-Vacuum-Cutter-for-vegetable-creams-production-with-cart-elevator-900x500.jpg\" alt=\"\" title=\"\" \/> <div class=\"cycloneslider-caption\"> <div class=\"cycloneslider-caption-title\"><\/div> <div class=\"cycloneslider-caption-description\">Under Vacuum Cutter for vegetable creams production with cart elevator<\/div> <\/div> <\/div> <div class=\"cycloneslider-slide cycloneslider-slide-image\" > <img decoding=\"async\" src=\"https:\/\/www.navattagroup.com\/wp-content\/uploads\/Ketchup-dosing-\u2013-mixing-unit-900x500.jpg\" alt=\"\" title=\"\" \/> <div class=\"cycloneslider-caption\"> <div class=\"cycloneslider-caption-title\"><\/div> <div class=\"cycloneslider-caption-description\">Ketchup dosing \u2013 mixing unit<\/div> <\/div> <\/div> <div class=\"cycloneslider-slide cycloneslider-slide-image\" > <img decoding=\"async\" src=\"https:\/\/www.navattagroup.com\/wp-content\/uploads\/C.I.P.-System-900x500.jpg\" alt=\"\" title=\"\" \/> <div class=\"cycloneslider-caption\"> <div class=\"cycloneslider-caption-title\"><\/div> <div class=\"cycloneslider-caption-description\">C.I.P. System<\/div> <\/div> <\/div> <div class=\"cycloneslider-slide cycloneslider-slide-image\" > <img decoding=\"async\" src=\"https:\/\/www.navattagroup.com\/wp-content\/uploads\/Ketchup-and-Jam-production-line-900x500.jpg\" alt=\"\" title=\"\" \/> <div class=\"cycloneslider-caption\"> <div class=\"cycloneslider-caption-title\"><\/div> <div class=\"cycloneslider-caption-description\">Ketchup and Jam production line<\/div> <\/div> <\/div> <div class=\"cycloneslider-slide cycloneslider-slide-image\" > <img decoding=\"async\" src=\"https:\/\/www.navattagroup.com\/wp-content\/uploads\/9-preparazione-pectina6498silvia-900x500.jpg\" alt=\"\" title=\"\" \/> <div class=\"cycloneslider-caption\"> <div class=\"cycloneslider-caption-title\"><\/div> <div class=\"cycloneslider-caption-description\">Pectine preparation group<\/div> <\/div> <\/div> <\/div> <div class=\"cycloneslider-pager\"><\/div> <a href=\"#\" class=\"cycloneslider-prev\"> <span class=\"arrow\"><\/span> <\/a> <a href=\"#\" class=\"cycloneslider-next\"> <span class=\"arrow\"><\/span> <\/a> <\/div><\/p>\n<p>[\/et_pb_text][\/et_pb_column][\/et_pb_row][\/et_pb_section]<\/p>","protected":false},"excerpt":{"rendered":"<p>[et_pb_section admin_label=&#8221;Section&#8221; fullwidth=&#8221;on&#8221; specialty=&#8221;off&#8221;][et_pb_fullwidth_image admin_label=&#8221;Immagine a Larghezza Intera&#8221; src=&#8221;http:\/\/www.navattagroup.com\/wp-content\/uploads\/2013\/06\/arance.jpg&#8221; alt=&#8221;frutta &#8211; fruit&#8221; show_in_lightbox=&#8221;off&#8221; url_new_window=&#8221;off&#8221; use_overlay=&#8221;off&#8221; animation=&#8221;left&#8221; use_border_color=&#8221;off&#8221; border_color=&#8221;#ffffff&#8221; border_style=&#8221;solid&#8221; saved_tabs=&#8221;all&#8221;] [\/et_pb_fullwidth_image][\/et_pb_section][et_pb_section admin_label=&#8221;section&#8221;][et_pb_row admin_label=&#8221;row&#8221;][et_pb_column type=&#8221;4_4&#8243;][et_pb_text admin_label=&#8221;Texte&#8221; background_layout=&#8221;light&#8221; text_orientation=&#8221;left&#8221; use_border_color=&#8221;off&#8221; border_color=&#8221;#ffffff&#8221; border_style=&#8221;solid&#8221;] LIGNES TRANSFORMATION\u00a0 DE\u00a0 FRUITS Pour la transformation des fruits nous pouvons fournir des lignes et des machines pour tous types de fruits, continentales, tropicales,\u00a0 avec [&hellip;]<\/p>\n","protected":false},"author":2,"featured_media":0,"parent":0,"menu_order":0,"comment_status":"closed","ping_status":"closed","template":"","meta":{"_et_pb_use_builder":"on","_et_pb_old_content":"<h3>LINEE FRUTTA<\/h3><p>Per la lavorazione della frutta possiamo fornire linee e macchine per tutti i tipi di frutta continentale, tropicale, con nocciolo, senza nocciolo e agrumi. Lo schema si riferisce ad una linea con la massima flessibilit\u00e0 ma non ottimizzata per particolari prodotti. I prodotti che si possono ottenere sono puree o succhi naturali o concentrati pastorizzati o in asettico.<\/p><p>[tabs slidertype=\"images\" auto=\"yes\" autospeed=\"4000\"]<br \/> [imagetab width=\"600\" height=\"300\"]www.navattagroup.com\/wp-content\/uploads\/2014\/01\/fruitslide00.jpg[\/imagetab]<br \/> [imagetab width=\"600\" height=\"300\"]www.navattagroup.com\/wp-content\/uploads\/2014\/01\/fruitslide01.jpg[\/imagetab]<br \/> [imagetab width=\"600\" height=\"300\"]www.navattagroup.com\/wp-content\/uploads\/2014\/01\/fruitslide02.jpg[\/imagetab]<br \/> [imagetab width=\"600\" height=\"300\"]www.navattagroup.com\/wp-content\/uploads\/2014\/01\/fruitslide03.jpg[\/imagetab]<br \/> [imagetab width=\"600\" height=\"300\"]www.navattagroup.com\/wp-content\/uploads\/2014\/01\/fruitslide04.jpg[\/imagetab]<br \/> [imagetab width=\"600\" height=\"300\"]www.navattagroup.com\/wp-content\/uploads\/2014\/01\/fruitslide05.jpg[\/imagetab]<br \/> [\/tabs]<\/p>","_et_gb_content_width":"","_monsterinsights_skip_tracking":false,"_monsterinsights_sitenote_active":false,"_monsterinsights_sitenote_note":"","_monsterinsights_sitenote_category":0,"footnotes":""},"_links":{"self":[{"href":"https:\/\/www.navattagroup.com\/fr\/wp-json\/wp\/v2\/pages\/199"}],"collection":[{"href":"https:\/\/www.navattagroup.com\/fr\/wp-json\/wp\/v2\/pages"}],"about":[{"href":"https:\/\/www.navattagroup.com\/fr\/wp-json\/wp\/v2\/types\/page"}],"author":[{"embeddable":true,"href":"https:\/\/www.navattagroup.com\/fr\/wp-json\/wp\/v2\/users\/2"}],"replies":[{"embeddable":true,"href":"https:\/\/www.navattagroup.com\/fr\/wp-json\/wp\/v2\/comments?post=199"}],"version-history":[{"count":21,"href":"https:\/\/www.navattagroup.com\/fr\/wp-json\/wp\/v2\/pages\/199\/revisions"}],"predecessor-version":[{"id":2576,"href":"https:\/\/www.navattagroup.com\/fr\/wp-json\/wp\/v2\/pages\/199\/revisions\/2576"}],"wp:attachment":[{"href":"https:\/\/www.navattagroup.com\/fr\/wp-json\/wp\/v2\/media?parent=199"}],"curies":[{"name":"wp","href":"https:\/\/api.w.org\/{rel}","templated":true}]}}