{"id":33,"date":"2013-06-11T09:59:54","date_gmt":"2013-06-11T08:59:54","guid":{"rendered":"http:\/\/www.navattagroup.com\/?page_id=33"},"modified":"2016-02-23T00:57:37","modified_gmt":"2016-02-22T23:57:37","slug":"mova","status":"publish","type":"page","link":"https:\/\/www.navattagroup.com\/fr\/the-group\/mova\/","title":{"rendered":"MOVA"},"content":{"rendered":"<p><\/p>\n<h2><a href=\"http:\/\/www.navattagroup.com\/wp-content\/uploads\/2013\/06\/logo600-MOVA.png\"><img loading=\"lazy\" decoding=\"async\" class=\"aligncenter  wp-image-1297\" src=\"http:\/\/www.navattagroup.com\/wp-content\/uploads\/2013\/06\/logo600-MOVA.png\" alt=\"logo600-MOVA\" width=\"360\" height=\"124\" srcset=\"https:\/\/www.navattagroup.com\/wp-content\/uploads\/2013\/06\/logo600-MOVA.png 600w, https:\/\/www.navattagroup.com\/wp-content\/uploads\/2013\/06\/logo600-MOVA-300x103.png 300w\" sizes=\"(max-width: 360px) 100vw, 360px\" \/><\/a><\/h2>\n<p>La soci\u00e9t\u00e9 <strong>MOVA<\/strong> a \u00e9t\u00e9 fond\u00e9e en 1952 par la volont\u00e9 de Monsieur Sergio Morandi et a commenc\u00e9 son activit\u00e9 comme fabricant pour le compte d\u2019autrui d&#8217;\u00e9quipement pour l&#8217;industrie alimentaire.<\/p>\n<p>Acquis l&#8217;exp\u00e9rience n\u00e9cessaire dans le domaine, <strong>MOVA<\/strong> a favoris\u00e9 depuis les ann\u00e9es soixante, une production originale qui s&#8217;est d\u00e9velopp\u00e9e dans le domaine de la vidange automatique de bo\u00eetes pour obtenir les syst\u00e8mes actuels robotiques pour f\u00fbts ou bacs, palettiseurs et depal, syst\u00e8mes de lavage conteneurs industriels, syst\u00e8mes de manutention pour fruits et v\u00e9g\u00e9taux frais, lignes pour\u00a0 le traitement des agrumes. La production de <strong>MOVA<\/strong> a r\u00e9ussi au cours des ann\u00e9es \u00e0 cr\u00e9er sa propre zone de march\u00e9 sur le territoire national, europ\u00e9en et international.<\/p>\n<p>A partir de l\u2019ann\u00e9e 2010 la Soci\u00e9t\u00e9 <strong>MOVA<\/strong> fait partie du\u00a0 <strong>Groupe NAVATTA<\/strong>.<br \/>\n<\/p>","protected":false},"excerpt":{"rendered":"<p>La soci\u00e9t\u00e9 MOVA a \u00e9t\u00e9 fond\u00e9e en 1952 par la volont\u00e9 de Monsieur Sergio Morandi et a commenc\u00e9 son activit\u00e9 comme fabricant pour le compte d\u2019autrui d&#8217;\u00e9quipement pour l&#8217;industrie alimentaire. Acquis l&#8217;exp\u00e9rience n\u00e9cessaire dans le domaine, MOVA a favoris\u00e9 depuis les ann\u00e9es soixante, une production originale qui s&#8217;est d\u00e9velopp\u00e9e dans le domaine de la vidange [&hellip;]<\/p>\n","protected":false},"author":2,"featured_media":0,"parent":12,"menu_order":1,"comment_status":"closed","ping_status":"closed","template":"","meta":{"_et_pb_use_builder":"","_et_pb_old_content":"","_et_gb_content_width":"","_monsterinsights_skip_tracking":false,"_monsterinsights_sitenote_active":false,"_monsterinsights_sitenote_note":"","_monsterinsights_sitenote_category":0,"footnotes":""},"_links":{"self":[{"href":"https:\/\/www.navattagroup.com\/fr\/wp-json\/wp\/v2\/pages\/33"}],"collection":[{"href":"https:\/\/www.navattagroup.com\/fr\/wp-json\/wp\/v2\/pages"}],"about":[{"href":"https:\/\/www.navattagroup.com\/fr\/wp-json\/wp\/v2\/types\/page"}],"author":[{"embeddable":true,"href":"https:\/\/www.navattagroup.com\/fr\/wp-json\/wp\/v2\/users\/2"}],"replies":[{"embeddable":true,"href":"https:\/\/www.navattagroup.com\/fr\/wp-json\/wp\/v2\/comments?post=33"}],"version-history":[{"count":13,"href":"https:\/\/www.navattagroup.com\/fr\/wp-json\/wp\/v2\/pages\/33\/revisions"}],"predecessor-version":[{"id":2119,"href":"https:\/\/www.navattagroup.com\/fr\/wp-json\/wp\/v2\/pages\/33\/revisions\/2119"}],"up":[{"embeddable":true,"href":"https:\/\/www.navattagroup.com\/fr\/wp-json\/wp\/v2\/pages\/12"}],"wp:attachment":[{"href":"https:\/\/www.navattagroup.com\/fr\/wp-json\/wp\/v2\/media?parent=33"}],"curies":[{"name":"wp","href":"https:\/\/api.w.org\/{rel}","templated":true}]}}