{"id":43,"date":"2013-06-11T10:07:01","date_gmt":"2013-06-11T09:07:01","guid":{"rendered":"http:\/\/www.navattagroup.com\/?page_id=43"},"modified":"2016-04-01T00:26:24","modified_gmt":"2016-03-31T23:26:24","slug":"dallargine-ghiretti","status":"publish","type":"page","link":"https:\/\/www.navattagroup.com\/fr\/the-group\/dallargine-ghiretti\/","title":{"rendered":"Dall&#8217;Argine e Ghiretti"},"content":{"rendered":"<p><\/p>\n<h2><a href=\"http:\/\/www.navattagroup.com\/wp-content\/uploads\/2013\/06\/logo600-DG.png\"><img loading=\"lazy\" decoding=\"async\" class=\"aligncenter size-full wp-image-1296\" src=\"http:\/\/www.navattagroup.com\/wp-content\/uploads\/2013\/06\/logo600-DG.png\" alt=\"logo600-D&amp;G\" width=\"222\" height=\"180\" \/><\/a><\/h2>\n<p>En l\u2019an 2001 <strong>NAVATTA<\/strong> a acquis l\u2019entreprise <strong>Dall\u2019Argine &amp; Ghiretti<\/strong>, soci\u00e9t\u00e9 avec plus de 40 ans d\u2019exp\u00e9rience dans le secteur du traitement thermique de produits remplis en contenants rigides tels que bo\u00eetes et vases en verre et dans le secteur des installations de pulpe de tomate. A la Soci\u00e9t\u00e9 <strong>Dall&#8217;Argine &amp; Ghiretti<\/strong> appartiennent divers brevets internationaux relatifs aux traitements thermiques de st\u00e9rilisation produits alimentaires emball\u00e9s dans des contenants rigides.<\/p>\n<p><\/p>","protected":false},"excerpt":{"rendered":"<p>En l\u2019an 2001 NAVATTA a acquis l\u2019entreprise Dall\u2019Argine &amp; Ghiretti, soci\u00e9t\u00e9 avec plus de 40 ans d\u2019exp\u00e9rience dans le secteur du traitement thermique de produits remplis en contenants rigides tels que bo\u00eetes et vases en verre et dans le secteur des installations de pulpe de tomate. A la Soci\u00e9t\u00e9 Dall&#8217;Argine &amp; Ghiretti appartiennent divers brevets [&hellip;]<\/p>\n","protected":false},"author":2,"featured_media":0,"parent":12,"menu_order":2,"comment_status":"closed","ping_status":"closed","template":"","meta":{"_et_pb_use_builder":"","_et_pb_old_content":"","_et_gb_content_width":"","_monsterinsights_skip_tracking":false,"_monsterinsights_sitenote_active":false,"_monsterinsights_sitenote_note":"","_monsterinsights_sitenote_category":0,"footnotes":""},"_links":{"self":[{"href":"https:\/\/www.navattagroup.com\/fr\/wp-json\/wp\/v2\/pages\/43"}],"collection":[{"href":"https:\/\/www.navattagroup.com\/fr\/wp-json\/wp\/v2\/pages"}],"about":[{"href":"https:\/\/www.navattagroup.com\/fr\/wp-json\/wp\/v2\/types\/page"}],"author":[{"embeddable":true,"href":"https:\/\/www.navattagroup.com\/fr\/wp-json\/wp\/v2\/users\/2"}],"replies":[{"embeddable":true,"href":"https:\/\/www.navattagroup.com\/fr\/wp-json\/wp\/v2\/comments?post=43"}],"version-history":[{"count":13,"href":"https:\/\/www.navattagroup.com\/fr\/wp-json\/wp\/v2\/pages\/43\/revisions"}],"predecessor-version":[{"id":2118,"href":"https:\/\/www.navattagroup.com\/fr\/wp-json\/wp\/v2\/pages\/43\/revisions\/2118"}],"up":[{"embeddable":true,"href":"https:\/\/www.navattagroup.com\/fr\/wp-json\/wp\/v2\/pages\/12"}],"wp:attachment":[{"href":"https:\/\/www.navattagroup.com\/fr\/wp-json\/wp\/v2\/media?parent=43"}],"curies":[{"name":"wp","href":"https:\/\/api.w.org\/{rel}","templated":true}]}}