{"id":56,"date":"2013-06-11T11:37:06","date_gmt":"2013-06-11T09:37:06","guid":{"rendered":"http:\/\/www.navattagroup.com\/?page_id=56"},"modified":"2019-10-10T22:33:06","modified_gmt":"2019-10-10T21:33:06","slug":"navatta","status":"publish","type":"page","link":"https:\/\/www.navattagroup.com\/fr\/navatta\/","title":{"rendered":"Navatta"},"content":{"rendered":"<p>[et_pb_section bb_built=&#8221;1&#8243; fullwidth=&#8221;on&#8221; specialty=&#8221;off&#8221; next_background_color=&#8221;#000000&#8243;][et_pb_fullwidth_image src=&#8221;http:\/\/www.navattagroup.com\/wp-content\/uploads\/sedenavatta_a.jpg&#8221; show_in_lightbox=&#8221;off&#8221; url_new_window=&#8221;off&#8221; use_overlay=&#8221;off&#8221; animation=&#8221;left&#8221; border_style=&#8221;solid&#8221; _builder_version=&#8221;3.0.51&#8243; animation_style=&#8221;slide&#8221; animation_duration=&#8221;500ms&#8221; animation_intensity_slide=&#8221;10%&#8221; \/][\/et_pb_section][et_pb_section bb_built=&#8221;1&#8243; admin_label=&#8221;section&#8221; prev_background_color=&#8221;#000000&#8243;][et_pb_row admin_label=&#8221;row&#8221; background_position=&#8221;top_left&#8221; background_repeat=&#8221;repeat&#8221; background_size=&#8221;initial&#8221;][et_pb_column type=&#8221;4_4&#8243;][et_pb_text background_position=&#8221;top_left&#8221; background_repeat=&#8221;repeat&#8221; background_size=&#8221;initial&#8221; _builder_version=&#8221;3.21.3&#8243; border_style=&#8221;solid&#8221; z_index_tablet=&#8221;500&#8243;]<\/p>\n<p style=\"text-align: center;\"><img loading=\"lazy\" decoding=\"async\" class=\"alignnone wp-image-2950\" src=\"https:\/\/www.navattagroup.com\/wp-content\/uploads\/navatta_logo2019_ok-1024x460.png\" alt=\"\" width=\"450\" height=\"202\" data-id=\"2950\" srcset=\"https:\/\/www.navattagroup.com\/wp-content\/uploads\/navatta_logo2019_ok.png 1024w, https:\/\/www.navattagroup.com\/wp-content\/uploads\/navatta_logo2019_ok-300x135.png 300w\" sizes=\"(max-width: 450px) 100vw, 450px\" \/><\/p>\n<h3><b>Histoire du Groupe<\/b><\/h3>\n<p>La Soci\u00e9t\u00e9 <strong>NAVATTA<\/strong> a \u00e9t\u00e9 fond\u00e9e par\u00a0 Mr. Giuseppe Navatta en 1983. <strong>NAVATTA<\/strong> initia son activit\u00e9 comme sous- fournisseur privil\u00e9gi\u00e9 de machines singles ou des syst\u00e8mes pour toutes les grandes Soci\u00e9t\u00e9s de production et\u00a0 vente de machines pour l\u2019industrie de transformation de fruit et v\u00e9g\u00e9tales les plus importantes en Parma, Italiennes et Internationales,\u00a0 en pourvoyant aussi \u00e0 l\u2019installation et mise en marche chez les \u00e9tablissements des utilisateurs finaux. Dans les ann\u00e9es suivantes <strong>NAVATTA<\/strong> d\u00e9veloppait \u00e0 son compte la technologie et les exp\u00e9riences de production continues dans\u00a0 le secteur de la r\u00e9ception \u2013 d\u00e9chargement \u2013 lavage\u2013 triage de la tomate fraiche, en int\u00e9grant cette expertise avec la synth\u00e8se des connaissances et les r\u00e9alisations dans la production des tomates pel\u00e9es, coup\u00e9es en d\u00e9s, pulpe de tomate. En peu de temps <strong>NAVATTA<\/strong> est devenue un centre d\u2019excellence pour la production de machines et installations dans les techniques de traitement des tomates pel\u00e9es et ses d\u00e9riv\u00e9s,\u00a0 ayant des lignes compl\u00e8tes install\u00e9es dans tout le Monde, avec capacit\u00e9 allant de 20 \u00e0 120 tonnes \/ heure de produit fraiche.<\/p>\n<p>En l\u2019an 2001 <strong>NAVATTA<\/strong> a acquis l\u2019entreprise<strong> Dall\u2019Argine &amp; Ghiretti<\/strong>, soci\u00e9t\u00e9 avec plus de 40 ans d\u2019exp\u00e9rience dans le secteur du traitement thermique de produits remplis en contenants rigides tels que bo\u00eetes et vases en verre et dans le secteur des installations de pulpe de tomate.<\/p>\n<p>En l\u2019an 2010 <strong>NAVATTA<\/strong> a achet\u00e9 l\u2019entreprise<strong> MOVA<\/strong>, soci\u00e9t\u00e9 avec plus de 60 ans d\u2019exp\u00e9rience dans la manutention et vidage de f\u00fbts et bins, palettiseurs et d\u00e9palettiseur, syst\u00e8mes de lavage de r\u00e9cipients industriels, syst\u00e8mes de manutention des fruits et v\u00e9g\u00e9taux fra\u00eeches, lignes de proc\u00e8s agrumes.<\/p>\n<p>En l\u2019an 2012 <strong>NAVATTA<\/strong> a acquis l\u2019entreprise <strong>METRO INTERNATIONAL<\/strong>, soci\u00e9t\u00e9 avec plus de 20 ans leader en diff\u00e9rentes technologies de traitement de fruits, v\u00e9g\u00e9taux et titulaire de plusieurs brevets internationaux dans le secteur, avec une attention particuli\u00e8re a l\u2019extraction de jus et pur\u00e9es, installations de concentration, installations de traitement et remplissage en conditions aseptiques.<\/p>\n<p>En fin en l\u2019an 2012 <strong>NAVATTA<\/strong> est devenue propri\u00e9taire de l\u2019entreprise<strong> GHIZZONI ETTORE<\/strong>, soci\u00e9t\u00e9 avec plus de 100 ans d\u2019exp\u00e9rience et centre d\u2019excellence dans la production de machines et installations pour produits formul\u00e9s tels que nectars, jus,\u00a0 sauces, ketchup, marmelades, jus de fruits. Toutes les <strong>PERSONNES<\/strong> qui travaillent dans <strong>NAVATTA GROUP<\/strong> ont une connaissance technologique incontest\u00e9e et exp\u00e9rience multi annuelle dans le secteur. <strong>NAVATTA GROUP<\/strong> d\u00e9tient une \u00e9tonnante liste des r\u00e9f\u00e9rences d\u2019installations et syst\u00e8mes construits en Italie, en Europe, dans le\u00a0 Monde entier.<\/p>\n<h3>Mission et produits principaux<\/h3>\n<p><strong>NAVATTA GROUP <\/strong>construit, installe et mit en marche lignes, syst\u00e8mes, machines pour le traitement de fruit, tomates, v\u00e9g\u00e9taux, tels que:<\/p>\n<ul>\n<li>Tomates pel\u00e9es \/ coup\u00e9es en d\u00e9s \/ pulpes, sauces et pur\u00e9es de tomate, tomate concentr\u00e9e avec remplissages de tous genres de contenants rigides et flexibles, remplissages en aseptique;<\/li>\n<li>Coup\u00e9s en d\u00e9s, pur\u00e9es, jus, nectars (naturels ou concentr\u00e9s) de fruit M\u00e9diterran\u00e9en et Tropicale avec remplissages de tous genres de contenants rigides et flexibles, remplissages en aseptique;<\/li>\n<li>Installations brevet\u00e9es \u00e0 haute rendement pour l\u2019extraction de pur\u00e9es de fruit avec technologie \u2018extraction \u00e0 froid\u2019, syst\u00e8mes d\u2019\u00e9galisation en aseptique pour pur\u00e9es \/ jus.<\/li>\n<li>Division de Remplissage Aseptique, sacs avec bec \/ sans bec, Bag-in-Box de 3 \u00e0 20 litres, Bag-in-tambour 220 litres, Bin-in-Box \/ IBCs 1,000 \u00e0 1,500 litres;<\/li>\n<li>Production de Produits formul\u00e9s tels que ketchup, sauces, jus, nectars, etc. en partant de la r\u00e9ception, traitement et pr\u00e9paration des ingr\u00e9dients, leur dosage en automatique, mixage et stabilisation m\u00e9canique et thermique jusqu\u2019\u00e0 leur emballage final dans tous genres de containeurs rigides et flexibles, remplissages en aseptique, remplissages en mini tanks aseptiques;<\/li>\n<li>Installations pilote de proc\u00e8s;<\/li>\n<li>Traitements diff\u00e9rents de v\u00e9g\u00e9taux tels que r\u00e9ception, pr\u00e9paration, cuissage, grillage, cong\u00e9lation.<\/li>\n<\/ul>\n<p>Aujourd\u2019hui <strong>NAVATTA GROUP<\/strong> op\u00e8re directement sur le march\u00e9 National et International comme fabricant et installateur de machines et installations pour le traitement de fruit, v\u00e9g\u00e9taux, tomates et dispose d\u2019un portefeuille de produits qui, ainsi que la liste de r\u00e9f\u00e9rences, en fait l\u2019un des leaders du secteur.<\/p>\n<p>Depuis l\u2019ann\u00e9e 2009 <strong>NAVATTA GROUP<\/strong> est dans le nouveau si\u00e8ge \u00e0 Pilastro di Langhirano, Parma qui occupe environs 10.000 m\u00e8tres carr\u00e9s.<\/p>\n<p>En m\u00eame temps de la production d\u2019installations et machines pour l\u2019industrie alimentaire, <strong>NAVATTA GROUP<\/strong> continue ses activit\u00e9s traditionnelles li\u00e9es \u00e0 la r\u00e9alisation de pi\u00e8ces de charpenterie et m\u00e9canique de pr\u00e9cision pour des soci\u00e9t\u00e9s ext\u00e9rieures.<\/p>\n<p>[\/et_pb_text][\/et_pb_column][\/et_pb_row][\/et_pb_section]<\/p>","protected":false},"excerpt":{"rendered":"<p>[et_pb_section bb_built=&#8221;1&#8243; fullwidth=&#8221;on&#8221; specialty=&#8221;off&#8221; next_background_color=&#8221;#000000&#8243;][et_pb_fullwidth_image src=&#8221;http:\/\/www.navattagroup.com\/wp-content\/uploads\/sedenavatta_a.jpg&#8221; show_in_lightbox=&#8221;off&#8221; url_new_window=&#8221;off&#8221; use_overlay=&#8221;off&#8221; animation=&#8221;left&#8221; border_style=&#8221;solid&#8221; _builder_version=&#8221;3.0.51&#8243; animation_style=&#8221;slide&#8221; animation_duration=&#8221;500ms&#8221; animation_intensity_slide=&#8221;10%&#8221; \/][\/et_pb_section][et_pb_section bb_built=&#8221;1&#8243; admin_label=&#8221;section&#8221; prev_background_color=&#8221;#000000&#8243;][et_pb_row admin_label=&#8221;row&#8221; background_position=&#8221;top_left&#8221; background_repeat=&#8221;repeat&#8221; background_size=&#8221;initial&#8221;][et_pb_column type=&#8221;4_4&#8243;][et_pb_text background_position=&#8221;top_left&#8221; background_repeat=&#8221;repeat&#8221; background_size=&#8221;initial&#8221; _builder_version=&#8221;3.21.3&#8243; border_style=&#8221;solid&#8221; z_index_tablet=&#8221;500&#8243;] Histoire du Groupe La Soci\u00e9t\u00e9 NAVATTA a \u00e9t\u00e9 fond\u00e9e par\u00a0 Mr. Giuseppe Navatta en 1983. NAVATTA initia son activit\u00e9 comme sous- fournisseur privil\u00e9gi\u00e9 de machines [&hellip;]<\/p>\n","protected":false},"author":8,"featured_media":110,"parent":0,"menu_order":0,"comment_status":"closed","ping_status":"closed","template":"","meta":{"_et_pb_use_builder":"on","_et_pb_old_content":"<p style=\"text-align: center;\"><a href=\"http:\/\/www.navattagroup.com\/wp-content\/uploads\/2013\/06\/logo600-NGlogo.png\"><img class=\"aligncenter wp-image-1309\" src=\"http:\/\/www.navattagroup.com\/wp-content\/uploads\/2013\/06\/logo600-NGlogo.png\" alt=\"logo600-NGlogo\" width=\"420\" height=\"182\" \/><\/a><\/p><h3><b>Storia del Gruppo<\/b><\/h3><p>La Societ\u00e0 <strong>NAVATTA<\/strong> \u00e8 stata fondata dal Sig. Giuseppe Navatta nell\u2019anno 1983. <strong>NAVATTA<\/strong> inizi\u00f2 la sua attivit\u00e0 come sub-fornitore preferenziale di singole macchine o sistemi per tutte le principali societ\u00e0 di produzione e vendita di macchine dell\u2019industria di trasformazione di frutta e vegetali di Parma, Italiane ed Internazionali, provvedendo anche al loro montaggio ed avviamento presso gli stabilimenti degli utilizzatori finali. Negli anni seguenti <strong>NAVATTA<\/strong> svilupp\u00f2 in proprio la tecnologia e continue esperienze produttive nel settore del ricevimento \u2013 scarico \u2013 lavaggio \u2013 cernita del pomodoro fresco ed integrando questa expertise con le consolidate conoscenze e realizzazioni nella produzione di pomodori pelati, cubettati, polpa di pomodoro. In breve tempo <strong>NAVATTA<\/strong> \u00e8 diventata un centro di eccellenza nella produzione ed installazione di macchine ed impianti nella tecnologia della lavorazione del pomodoro pelato e suoi derivati, avendo installato linee complete in tutto il Mondo, con capacit\u00e0 che vanno dalle 20 alle 120 tonnellate all\u2019ora di prodotto fresco in ingresso.<\/p><p>Nell\u2019anno 2001 <strong>NAVATTA<\/strong> ha acquistato la ditta <strong>Dall\u2019Argine & Ghiretti<\/strong>, societ\u00e0 con pi\u00f9 di 40 anni di esperienza nel settore del trattamento termico di prodotti riempiti in contenitori rigidi quali lattine e vasi di vetro e nel settore degli impianti di polpatura del pomodoro.<\/p><p>Nell\u2019anno 2010 <strong>NAVATTA<\/strong> ha acquistato la ditta <strong>MOVA<\/strong>, societ\u00e0 con pi\u00f9 di 60 anni di esperienza nel settore della movimentazione e svuotamento di fusti e bins, pallettizzatori e depal, sistemi di lavaggio di contenitori industriali, sistemi di movimentazione di frutti e vegetali freschi, linee di processo agrumi.<\/p><p>Nell\u2019anno 2012 <strong>NAVATTA<\/strong> ha acquisito la ditta <strong>METRO INTERNATIONAL<\/strong>, societ\u00e0 con pi\u00f9 di 20 anni leader in diverse tecnologie di lavorazione di frutta, vegetali e detentrice di parecchi brevetti internazionali del settore, con particolare riguardo all\u2019estrazione di succhi e puree, impianti di concentrazione, impianti di trattamento e riempimento in condizioni asettiche.<\/p><p>Infine nell\u2019anno 2012 <strong>NAVATTA<\/strong> \u00e8 diventata proprietaria della ditta <strong>GHIZZONI ETTORE<\/strong>, societ\u00e0 con pi\u00f9 di 100 anni di esperienza e centro di eccellenza nella produzione ed installazione di macchine ed impianti per prodotti formulati quali nettari, succhi salse, ketchup, marmellate, sughi. Tutte le <strong>PERSONE<\/strong> che lavorano in <strong>NAVATTA GROUP<\/strong> hanno una indiscussa conoscenza tecnologica ed multi annuale esperienza del settore. <strong>NAVATTA GROUP<\/strong> detiene una impressionante lista di referenze di impianti e sistemi installati in Italia, in Europa, nel Mondo intero.<\/p><h3><b>Missione e principali prodotti<\/b><\/h3><p><strong>NAVATTA GROUP<\/strong> produce, installa ed avvia linee, sistemi, macchine per il\u00a0 processo di frutta, pomodori, vegetali, quali:<\/p><ul><li>Pomodori pelati \/ cubettati \/ polpe, salse e puree di pomodoro, concentrate di pomodoro con riempimenti in ogni tipo di contenitori rigidi e flessibili, riempimenti in asettico;<\/li><li>Cubettati, puree, succhi, nettari (naturali o concentrati) da frutta Mediterranea e Tropicale con riempimenti in ogni tipo di contenitori rigidi e flessibili, riempimenti in asettico;<\/li><li>Impianti brevettati ad alta resa per l\u2019estrazione di puree di frutta con tecnologia \u2018cold extraction\u2019, sistemi di equalizzazione in asettico per puree \/ succhi.<\/li><li>Divisione per il riempimento asettico per sacchi Bag-in-Box da 3 a 20 litri, Bag-in-Drum da 220 litri, Bin-in-Box o IBCs da 1.000 a 1.500 litri, con o senza bocchello.<\/li><li>Produzione di Prodotti formulati quali ketchup, salse, sughi, nettari, ecc. partendo dal ricevimento, trattamento e preparazione degli ingredienti, il loro dosaggio in automatico, miscelazione e stabilizzazione meccanica e termica fino al loro confezionamento finale in ogni tipo di contenitori rigidi e flessibili, riempimenti in asettico, riempimenti in mini tanks asettici;<\/li><li>Impianti Pilota di processo;<\/li><li>Lavorazioni varie di vegetali quali ricevimento, preparazione, cuocitura, grigliatura, congelamento.<\/li><\/ul><p>Oggi <strong>NAVATTA GROUP<\/strong> opera direttamente sui mercati Nazionale ed Internazionale come produttore ed installatore di macchine ed impianti per il processo di frutta, vegetali, pomodoro ed ha un portafoglio di prodotti che insieme alla lista di referenze ne fanno una delle principali ditte di riferimento del settore.<\/p><p>Dall\u2019anno 2009 <strong>NAVATTA GROUP<\/strong> \u00e8 nella nuova sede di Pilastro di Langhirano (Parma) che occupa circa 5.000 metri quadrati di superficie. Accanto ad essa <strong>NAVATTA<\/strong> ha acquistato un lotto di pari dimensioni sul quale si stanno realizzando opere di urbanizzazione per l\u2019espansione futura.<\/p><p>Allo stesso tempo della produzione di impianti e macchine per l\u2019industria alimentare, <strong>NAVATTA GROUP<\/strong> continua con le sue tradizionali attivit\u00e0 relative alla realizzazione di parti di carpenteria e meccanica di precisione per ditte esterne.<\/p>","_et_gb_content_width":"","_monsterinsights_skip_tracking":false,"_monsterinsights_sitenote_active":false,"_monsterinsights_sitenote_note":"","_monsterinsights_sitenote_category":0,"footnotes":""},"_links":{"self":[{"href":"https:\/\/www.navattagroup.com\/fr\/wp-json\/wp\/v2\/pages\/56"}],"collection":[{"href":"https:\/\/www.navattagroup.com\/fr\/wp-json\/wp\/v2\/pages"}],"about":[{"href":"https:\/\/www.navattagroup.com\/fr\/wp-json\/wp\/v2\/types\/page"}],"author":[{"embeddable":true,"href":"https:\/\/www.navattagroup.com\/fr\/wp-json\/wp\/v2\/users\/8"}],"replies":[{"embeddable":true,"href":"https:\/\/www.navattagroup.com\/fr\/wp-json\/wp\/v2\/comments?post=56"}],"version-history":[{"count":60,"href":"https:\/\/www.navattagroup.com\/fr\/wp-json\/wp\/v2\/pages\/56\/revisions"}],"predecessor-version":[{"id":3009,"href":"https:\/\/www.navattagroup.com\/fr\/wp-json\/wp\/v2\/pages\/56\/revisions\/3009"}],"wp:featuredmedia":[{"embeddable":true,"href":"https:\/\/www.navattagroup.com\/fr\/wp-json\/wp\/v2\/media\/110"}],"wp:attachment":[{"href":"https:\/\/www.navattagroup.com\/fr\/wp-json\/wp\/v2\/media?parent=56"}],"curies":[{"name":"wp","href":"https:\/\/api.w.org\/{rel}","templated":true}]}}