{"id":59,"date":"2013-06-11T11:42:19","date_gmt":"2013-06-11T10:42:19","guid":{"rendered":"http:\/\/www.navattagroup.com\/?page_id=59"},"modified":"2016-02-23T00:57:47","modified_gmt":"2016-02-22T23:57:47","slug":"ghizzoni","status":"publish","type":"page","link":"https:\/\/www.navattagroup.com\/fr\/the-group\/ghizzoni\/","title":{"rendered":"Ghizzoni"},"content":{"rendered":"<p><\/p>\n<h2><a href=\"http:\/\/www.navattagroup.com\/wp-content\/uploads\/2013\/06\/logo600-Ghizzoni-new.png\"><img loading=\"lazy\" decoding=\"async\" class=\"aligncenter  wp-image-1299\" src=\"http:\/\/www.navattagroup.com\/wp-content\/uploads\/2013\/06\/logo600-Ghizzoni-new.png\" alt=\"logo600-Ghizzoni-new\" width=\"420\" height=\"90\" srcset=\"https:\/\/www.navattagroup.com\/wp-content\/uploads\/2013\/06\/logo600-Ghizzoni-new.png 600w, https:\/\/www.navattagroup.com\/wp-content\/uploads\/2013\/06\/logo600-Ghizzoni-new-300x64.png 300w\" sizes=\"(max-width: 420px) 100vw, 420px\" \/><\/a><\/h2>\n<p>L&#8217;entreprise a \u00e9t\u00e9 fond\u00e9e au d\u00e9but du dernier si\u00e8cle, l\u2019activit\u00e9 des fabricants de machines pour l&#8217;industrie alimentaire en g\u00e9n\u00e9ral a \u00e9t\u00e9 transmise de p\u00e8re en fils, avec une attention particuli\u00e8re \u00e0 la mise en conserve des tomates et des fruits. En plus de la grande exp\u00e9rience dans le traitement des tomates (pour la production de concentr\u00e9, ketchup, sauces, &#8230; ) et des fruits (pour la production de confitures, conserves, pur\u00e9es, jus &#8230; ) la Soci\u00e9t\u00e9\u00a0<strong> GHIZZONI ETTORE<\/strong> a cr\u00e9\u00e9 des machines et des installations dans les secteurs de traitement viande, fromage et produits laitiers et cuisines industrielles pour la pr\u00e9paration des recettes et des plats pr\u00e9par\u00e9s . L&#8217;exp\u00e9rience acquise au cours de nombreuses ann\u00e9es d&#8217;activit\u00e9 accompagn\u00e9e par une force op\u00e9rationnelle constante a signifi\u00e9 que le nom<strong> GHIZZONI ETTORE<\/strong> est toujours inclus parmi les premiers et les plus respect\u00e9s fabricants du secteur. La Soci\u00e9t\u00e9<strong> GHIZZONI ETTORE<\/strong> a r\u00e9ussi pendant les ann\u00e9es \u00e0 cr\u00e9er leur propre zone de march\u00e9 sur le territoire\u00a0 national, europ\u00e9en et international. A partir de l\u2019ann\u00e9e\u00a0 2012<strong> GHIZZONI ETTORE<\/strong> est partie du groupe Navatta.<\/p>\n<p><\/p>","protected":false},"excerpt":{"rendered":"<p>L&#8217;entreprise a \u00e9t\u00e9 fond\u00e9e au d\u00e9but du dernier si\u00e8cle, l\u2019activit\u00e9 des fabricants de machines pour l&#8217;industrie alimentaire en g\u00e9n\u00e9ral a \u00e9t\u00e9 transmise de p\u00e8re en fils, avec une attention particuli\u00e8re \u00e0 la mise en conserve des tomates et des fruits. En plus de la grande exp\u00e9rience dans le traitement des tomates (pour la production de [&hellip;]<\/p>\n","protected":false},"author":2,"featured_media":0,"parent":12,"menu_order":4,"comment_status":"closed","ping_status":"closed","template":"","meta":{"_et_pb_use_builder":"","_et_pb_old_content":"","_et_gb_content_width":"","_monsterinsights_skip_tracking":false,"_monsterinsights_sitenote_active":false,"_monsterinsights_sitenote_note":"","_monsterinsights_sitenote_category":0,"footnotes":""},"_links":{"self":[{"href":"https:\/\/www.navattagroup.com\/fr\/wp-json\/wp\/v2\/pages\/59"}],"collection":[{"href":"https:\/\/www.navattagroup.com\/fr\/wp-json\/wp\/v2\/pages"}],"about":[{"href":"https:\/\/www.navattagroup.com\/fr\/wp-json\/wp\/v2\/types\/page"}],"author":[{"embeddable":true,"href":"https:\/\/www.navattagroup.com\/fr\/wp-json\/wp\/v2\/users\/2"}],"replies":[{"embeddable":true,"href":"https:\/\/www.navattagroup.com\/fr\/wp-json\/wp\/v2\/comments?post=59"}],"version-history":[{"count":13,"href":"https:\/\/www.navattagroup.com\/fr\/wp-json\/wp\/v2\/pages\/59\/revisions"}],"predecessor-version":[{"id":2120,"href":"https:\/\/www.navattagroup.com\/fr\/wp-json\/wp\/v2\/pages\/59\/revisions\/2120"}],"up":[{"embeddable":true,"href":"https:\/\/www.navattagroup.com\/fr\/wp-json\/wp\/v2\/pages\/12"}],"wp:attachment":[{"href":"https:\/\/www.navattagroup.com\/fr\/wp-json\/wp\/v2\/media?parent=59"}],"curies":[{"name":"wp","href":"https:\/\/api.w.org\/{rel}","templated":true}]}}