{"id":63,"date":"2013-06-11T11:51:03","date_gmt":"2013-06-11T10:51:03","guid":{"rendered":"http:\/\/www.navattagroup.com\/?page_id=63"},"modified":"2016-02-23T00:57:14","modified_gmt":"2016-02-22T23:57:14","slug":"metro-international","status":"publish","type":"page","link":"https:\/\/www.navattagroup.com\/fr\/the-group\/metro-international\/","title":{"rendered":"Metro International"},"content":{"rendered":"<p><\/p>\n<h2><a href=\"http:\/\/www.navattagroup.com\/wp-content\/uploads\/2013\/06\/logo600-METRO.png\"><img loading=\"lazy\" decoding=\"async\" class=\"aligncenter size-full wp-image-1298\" src=\"http:\/\/www.navattagroup.com\/wp-content\/uploads\/2013\/06\/logo600-METRO.png\" alt=\"logo600-METRO\" width=\"133\" height=\"150\" \/><\/a><\/h2>\n<p><strong>METRO INTERNATIONAL<\/strong> a \u00e9t\u00e9 fond\u00e9e par Ing\u00e9nieur Mr. Carlo Sassi en 1991, et son activit\u00e9 est la conception, la fabrication et la commercialisation de machines et \u00e9quipements pour l&#8217;industrie alimentaire , les industries de transformation de v\u00e9g\u00e9taux ( fruits , tomates , agrumes ) , avec des applications dans l&#8217;industrie chimique et \u00e9cologique. La production de <strong>METRO INTERNATIONAL<\/strong> peut donc se r\u00e9sumer comme suit :<\/p>\n<p style=\"padding-left: 30px;\">&#8211; Installations compl\u00e8tes pour la production de pur\u00e9e de fruit naturelle ou concentr\u00e9e (produits semi-finis pour l&#8217;industrie ) &#8211; Installations compl\u00e8tes pour la production de jus de fruits et nectars (produits finis destin\u00e9s \u00e0 la consommation ) &#8211; Syst\u00e8mes complets pour le traitement de tomate pour obtenir le produit concentr\u00e9 ( semi-fini ) ,\u00a0 pass\u00e9 ( produit fini ), coup\u00e9 en d\u00e9s (Pizza, etc.) &#8211; \u00c9quipements pour les confitures et les conserves de fruits &#8211; Installations pour sauces et vinaigrettes &#8211; Syst\u00e8mes de conditionnement aseptique &#8211; Machines \u00e0 laver pour fruits et v\u00e9g\u00e9taux &#8211; Les \u00e9changeurs de chaleur pour diverses utilisations ( st\u00e9riles et non st\u00e9riles ) &#8211; Extracteurs de jus et pur\u00e9e &#8211; Les \u00e9vaporateurs (unit\u00e9s de concentration ) de diff\u00e9rents types:<\/p>\n<p style=\"padding-left: 60px;\">\u2022 circulation forc\u00e9e \u2022 flot tombant \u2022 couche mince turbulente \u2022 dans la circulation mixte<\/p>\n<p>Patrimoine de\u00a0 l&#8217;entreprise est une s\u00e9rie de brevets qui permettent de caract\u00e9riser l&#8217;originalit\u00e9 de la production de <strong>METRO INTERNATIONAL<\/strong>; la plupart des brevets ont \u00e9t\u00e9 \u00e9tendus \u00e0 l&#8217;\u00e9tranger, notamment aux Etats- Unis d&#8217;Am\u00e9rique .<\/p>\n<p style=\"padding-left: 30px;\">&#8211; Extracteur de jus et pur\u00e9e \u00e0 double \u00e9tage vertical &#8220;Twin &#8211; Jet &#8221; (\u00e9tendu aux \u00c9tats-Unis) &#8211; Syst\u00e8me de drainage de produits liquides aseptiques biphasiques &#8211; S\u00e9parateur de vapeur tronqu\u00e9 conique pour \u00e9vaporateurs (\u00e9tendu aux \u00c9tats-Unis) &#8211; Rotor \u00e0 passage total des vapeurs pour \u00e9vaporateur \u00e0 couche mince turbulent &#8221; Vapour Jet &#8221; &#8211; \u00e9vaporateur \u00e0 circulation forc\u00e9e avec \u00e9changeur de chaleur \u00e0 tuyaux concentriques<\/p>\n<p>La production de METRO INTERNATIONAL a r\u00e9ussi pendant les ann\u00e9es \u00e0 cr\u00e9er sa propre aire de march\u00e9 sur le territoire national, europ\u00e9en et international. \u00c0 partir de l\u2019ann\u00e9e 2012 , <strong>Metro International<\/strong> fait partie du groupe<strong> Navatta<\/strong> .<\/p>\n<p><\/p>","protected":false},"excerpt":{"rendered":"<p>METRO INTERNATIONAL a \u00e9t\u00e9 fond\u00e9e par Ing\u00e9nieur Mr. Carlo Sassi en 1991, et son activit\u00e9 est la conception, la fabrication et la commercialisation de machines et \u00e9quipements pour l&#8217;industrie alimentaire , les industries de transformation de v\u00e9g\u00e9taux ( fruits , tomates , agrumes ) , avec des applications dans l&#8217;industrie chimique et \u00e9cologique. La production [&hellip;]<\/p>\n","protected":false},"author":2,"featured_media":0,"parent":12,"menu_order":5,"comment_status":"closed","ping_status":"closed","template":"","meta":{"_et_pb_use_builder":"","_et_pb_old_content":"","_et_gb_content_width":"","_monsterinsights_skip_tracking":false,"_monsterinsights_sitenote_active":false,"_monsterinsights_sitenote_note":"","_monsterinsights_sitenote_category":0,"footnotes":""},"_links":{"self":[{"href":"https:\/\/www.navattagroup.com\/fr\/wp-json\/wp\/v2\/pages\/63"}],"collection":[{"href":"https:\/\/www.navattagroup.com\/fr\/wp-json\/wp\/v2\/pages"}],"about":[{"href":"https:\/\/www.navattagroup.com\/fr\/wp-json\/wp\/v2\/types\/page"}],"author":[{"embeddable":true,"href":"https:\/\/www.navattagroup.com\/fr\/wp-json\/wp\/v2\/users\/2"}],"replies":[{"embeddable":true,"href":"https:\/\/www.navattagroup.com\/fr\/wp-json\/wp\/v2\/comments?post=63"}],"version-history":[{"count":19,"href":"https:\/\/www.navattagroup.com\/fr\/wp-json\/wp\/v2\/pages\/63\/revisions"}],"predecessor-version":[{"id":2117,"href":"https:\/\/www.navattagroup.com\/fr\/wp-json\/wp\/v2\/pages\/63\/revisions\/2117"}],"up":[{"embeddable":true,"href":"https:\/\/www.navattagroup.com\/fr\/wp-json\/wp\/v2\/pages\/12"}],"wp:attachment":[{"href":"https:\/\/www.navattagroup.com\/fr\/wp-json\/wp\/v2\/media?parent=63"}],"curies":[{"name":"wp","href":"https:\/\/api.w.org\/{rel}","templated":true}]}}