{"id":33,"date":"2013-06-11T09:59:54","date_gmt":"2013-06-11T08:59:54","guid":{"rendered":"http:\/\/www.navattagroup.com\/?page_id=33"},"modified":"2016-02-23T00:57:37","modified_gmt":"2016-02-22T23:57:37","slug":"mova","status":"publish","type":"page","link":"https:\/\/www.navattagroup.com\/it\/the-group\/mova\/","title":{"rendered":"MOVA"},"content":{"rendered":"<p><\/p>\n<h2><a href=\"http:\/\/www.navattagroup.com\/wp-content\/uploads\/2013\/06\/logo600-MOVA.png\"><img loading=\"lazy\" decoding=\"async\" class=\"aligncenter wp-image-1297\" src=\"http:\/\/www.navattagroup.com\/wp-content\/uploads\/2013\/06\/logo600-MOVA.png\" alt=\"logo600-MOVA\" width=\"360\" height=\"124\" srcset=\"https:\/\/www.navattagroup.com\/wp-content\/uploads\/2013\/06\/logo600-MOVA.png 600w, https:\/\/www.navattagroup.com\/wp-content\/uploads\/2013\/06\/logo600-MOVA-300x103.png 300w\" sizes=\"(max-width: 360px) 100vw, 360px\" \/><\/a><\/h2>\n<p>La ditta <strong>MOVA<\/strong> \u00e8 nata nel 1952 per volont\u00e0 del Sig. Morandi Sergio ed ha iniziato la propria attivit\u00e0 quale produttore per conto terzi di macchine ed attrezzature destinate all\u2019industria alimentare.<\/p>\n<p>Acquisita la necessaria esperienza nel settore, la <strong>MOVA<\/strong> ha promosso fin dagli anni sessanta, una produzione originale che si \u00e8 sviluppata nel campo dello svuotamento in automatico di cassette per arrivare agli attuali sistemi robotizzati per fusti o bins, pallettizzatori e depal, sistemi di lavaggio di contenitori industriali, sistemi di movimentazione di frutti e vegetali freschi, linee di processo agrumi.<\/p>\n<p>La produzione di<strong> MOVA<\/strong> \u00e8 riuscita negli anni a crearsi una propria area di mercato sul territorio Nazionale, Europeo ed Internazionale.<\/p>\n<p>Dall\u2019anno 2010 <strong>MOVA<\/strong> \u00e8 parte del Gruppo <strong>NAVATTA<\/strong>.<\/p>","protected":false},"excerpt":{"rendered":"<p>La ditta MOVA \u00e8 nata nel 1952 per volont\u00e0 del Sig. Morandi Sergio ed ha iniziato la propria attivit\u00e0 quale produttore per conto terzi di macchine ed attrezzature destinate all\u2019industria alimentare. Acquisita la necessaria esperienza nel settore, la MOVA ha promosso fin dagli anni sessanta, una produzione originale che si \u00e8 sviluppata nel campo dello [&hellip;]<\/p>\n","protected":false},"author":2,"featured_media":0,"parent":12,"menu_order":1,"comment_status":"closed","ping_status":"closed","template":"","meta":{"_et_pb_use_builder":"","_et_pb_old_content":"","_et_gb_content_width":"","_monsterinsights_skip_tracking":false,"_monsterinsights_sitenote_active":false,"_monsterinsights_sitenote_note":"","_monsterinsights_sitenote_category":0,"footnotes":""},"_links":{"self":[{"href":"https:\/\/www.navattagroup.com\/it\/wp-json\/wp\/v2\/pages\/33"}],"collection":[{"href":"https:\/\/www.navattagroup.com\/it\/wp-json\/wp\/v2\/pages"}],"about":[{"href":"https:\/\/www.navattagroup.com\/it\/wp-json\/wp\/v2\/types\/page"}],"author":[{"embeddable":true,"href":"https:\/\/www.navattagroup.com\/it\/wp-json\/wp\/v2\/users\/2"}],"replies":[{"embeddable":true,"href":"https:\/\/www.navattagroup.com\/it\/wp-json\/wp\/v2\/comments?post=33"}],"version-history":[{"count":13,"href":"https:\/\/www.navattagroup.com\/it\/wp-json\/wp\/v2\/pages\/33\/revisions"}],"predecessor-version":[{"id":2119,"href":"https:\/\/www.navattagroup.com\/it\/wp-json\/wp\/v2\/pages\/33\/revisions\/2119"}],"up":[{"embeddable":true,"href":"https:\/\/www.navattagroup.com\/it\/wp-json\/wp\/v2\/pages\/12"}],"wp:attachment":[{"href":"https:\/\/www.navattagroup.com\/it\/wp-json\/wp\/v2\/media?parent=33"}],"curies":[{"name":"wp","href":"https:\/\/api.w.org\/{rel}","templated":true}]}}