{"id":1134,"date":"2014-01-29T17:25:02","date_gmt":"2014-01-29T16:25:02","guid":{"rendered":"http:\/\/www.navattagroup.com\/?page_id=1134"},"modified":"2019-07-21T23:36:16","modified_gmt":"2019-07-21T22:36:16","slug":"jam","status":"publish","type":"page","link":"https:\/\/www.navattagroup.com\/pt\/jam\/","title":{"rendered":"(Italiano) Confetture"},"content":{"rendered":"<p class=\"qtranxs-available-languages-message qtranxs-available-languages-message-pt\">Desculpe-nos, mas este texto esta apenas dispon\u00edvel em <a href=\"https:\/\/www.navattagroup.com\/it\/wp-json\/wp\/v2\/pages\/1134\" class=\"qtranxs-available-language-link qtranxs-available-language-link-it\" title=\"Italiano\">Italiano<\/a>, <a href=\"https:\/\/www.navattagroup.com\/en\/wp-json\/wp\/v2\/pages\/1134\" class=\"qtranxs-available-language-link qtranxs-available-language-link-en\" title=\"English\">English<\/a>, <a href=\"https:\/\/www.navattagroup.com\/fr\/wp-json\/wp\/v2\/pages\/1134\" class=\"qtranxs-available-language-link qtranxs-available-language-link-fr\" title=\"Fran\u00e7ais\">Fran\u00e7ais<\/a>, <a href=\"https:\/\/www.navattagroup.com\/es\/wp-json\/wp\/v2\/pages\/1134\" class=\"qtranxs-available-language-link qtranxs-available-language-link-es\" title=\"Espa\u00f1ol\">Espa\u00f1ol<\/a> y <a href=\"https:\/\/www.navattagroup.com\/RU\/wp-json\/wp\/v2\/pages\/1134\" class=\"qtranxs-available-language-link qtranxs-available-language-link-RU\" title=\"\u0420\u0443\u0441\u0441\u043a\u0438\u0439\">\u0420\u0443\u0441\u0441\u043a\u0438\u0439<\/a>.<\/p><p>[et_pb_section bb_built=&#8221;1&#8243; fullwidth=&#8221;on&#8221; specialty=&#8221;off&#8221; next_background_color=&#8221;#000000&#8243;][et_pb_fullwidth_image src=&#8221;http:\/\/www.navattagroup.com\/wp-content\/uploads\/2014\/01\/confetture.jpg&#8221; show_in_lightbox=&#8221;off&#8221; url_new_window=&#8221;off&#8221; use_overlay=&#8221;off&#8221; animation=&#8221;left&#8221; use_border_color=&#8221;off&#8221; border_color=&#8221;#ffffff&#8221; border_style=&#8221;solid&#8221; animation_style=&#8221;slide&#8221; animation_duration=&#8221;500ms&#8221; animation_intensity_slide=&#8221;10%&#8221; animation_direction=&#8221;left&#8221; \/][\/et_pb_section][et_pb_section bb_built=&#8221;1&#8243; admin_label=&#8221;section&#8221; prev_background_color=&#8221;#000000&#8243;][et_pb_row admin_label=&#8221;row&#8221; background_position=&#8221;top_left&#8221; background_repeat=&#8221;repeat&#8221; background_size=&#8221;initial&#8221;][et_pb_column type=&#8221;4_4&#8243;][et_pb_text background_position=&#8221;top_left&#8221; background_repeat=&#8221;repeat&#8221; background_size=&#8221;initial&#8221; _builder_version=&#8221;3.21.3&#8243; z_index_tablet=&#8221;500&#8243;]<\/p>\n<h4>LINEE CONFETTURE<\/h4>\n<p>Gli ingredienti base delle confetture sono: frutta, zucchero e pectine.<br \/> La frutta pu\u00f2 essere in diversi formati: fresca, congelata IQF (Individual Quick Frozen) o congelata in blocchi<br \/> La frutta fresca e IQF si carica direttamente con coclee mentre la frutta congelata in blocchi deve essere precedentemente triturata.<br \/> Tutti i prodotti vengono dosati in una vasca per essere preriscaldati alla temperatura di concentrazione.<br \/> Pectine e acido citrico vengono disciolti in soluzione acquosa.<br \/> La miscela di frutta e zucchero passa poi nel concentratore dove viene concentrata, aggiunta la pectine e acido citrico.<br \/> Nel concentratore, in caso di prodotti poco termosensibili, si pu\u00f2 realizzare anche la pastorizzazione.<\/p>\n\n\t\t<div class='et-image-slider et_sliderfx_fade et_sliderauto_true et_sliderauto_speed_4000 et_slidertype_images'>\n\t\t\t<div class='et-image-slides'>\n\t\t\t\t<div class='et-tabs-content-wrapper'>\n\t\t\t\t\t<div class='et_slidecontent et-image-slide'><img loading=\"lazy\" decoding=\"async\" src=\"http:\/\/www.navattagroup.com\/wp-content\/uploads\/2014\/01\/confslide00.jpg\" alt=\"\" width=\"600\" height=\"300\" srcset=\"https:\/\/www.navattagroup.com\/wp-content\/uploads\/2014\/01\/confslide00.jpg 600w, https:\/\/www.navattagroup.com\/wp-content\/uploads\/2014\/01\/confslide00-300x150.jpg 300w\" sizes=\"(max-width: 600px) 100vw, 600px\" \/><span class='et-image-overlay'> <\/span><\/div> \n\t\t<div class='et_slidecontent et-image-slide'><img loading=\"lazy\" decoding=\"async\" src=\"http:\/\/www.navattagroup.com\/wp-content\/uploads\/2014\/01\/confslide01.jpg\" alt=\"\" width=\"600\" height=\"300\" srcset=\"https:\/\/www.navattagroup.com\/wp-content\/uploads\/2014\/01\/confslide01.jpg 600w, https:\/\/www.navattagroup.com\/wp-content\/uploads\/2014\/01\/confslide01-300x150.jpg 300w\" sizes=\"(max-width: 600px) 100vw, 600px\" \/><span class='et-image-overlay'> <\/span><\/div> \n\t\t<div class='et_slidecontent et-image-slide'><img loading=\"lazy\" decoding=\"async\" src=\"http:\/\/www.navattagroup.com\/wp-content\/uploads\/2014\/01\/confslide02.jpg\" alt=\"\" width=\"600\" height=\"300\" srcset=\"https:\/\/www.navattagroup.com\/wp-content\/uploads\/2014\/01\/confslide02.jpg 600w, https:\/\/www.navattagroup.com\/wp-content\/uploads\/2014\/01\/confslide02-300x150.jpg 300w\" sizes=\"(max-width: 600px) 100vw, 600px\" \/><span class='et-image-overlay'> <\/span><\/div> \n\t\t<div class='et_slidecontent et-image-slide'><img loading=\"lazy\" decoding=\"async\" src=\"http:\/\/www.navattagroup.com\/wp-content\/uploads\/2014\/01\/confslide03.jpg\" alt=\"\" width=\"600\" height=\"300\" srcset=\"https:\/\/www.navattagroup.com\/wp-content\/uploads\/2014\/01\/confslide03.jpg 600w, https:\/\/www.navattagroup.com\/wp-content\/uploads\/2014\/01\/confslide03-300x150.jpg 300w\" sizes=\"(max-width: 600px) 100vw, 600px\" \/><span class='et-image-overlay'> <\/span><\/div> \n\t\t<div class='et_slidecontent et-image-slide'><img loading=\"lazy\" decoding=\"async\" src=\"http:\/\/www.navattagroup.com\/wp-content\/uploads\/2014\/01\/confslide04.jpg\" alt=\"\" width=\"600\" height=\"300\" srcset=\"https:\/\/www.navattagroup.com\/wp-content\/uploads\/2014\/01\/confslide04.jpg 600w, https:\/\/www.navattagroup.com\/wp-content\/uploads\/2014\/01\/confslide04-300x150.jpg 300w\" sizes=\"(max-width: 600px) 100vw, 600px\" \/><span class='et-image-overlay'> <\/span><\/div> \n\t\t<div class='et_slidecontent et-image-slide'><img loading=\"lazy\" decoding=\"async\" src=\"http:\/\/www.navattagroup.com\/wp-content\/uploads\/2014\/01\/confslide05.jpg\" alt=\"\" width=\"600\" height=\"300\" srcset=\"https:\/\/www.navattagroup.com\/wp-content\/uploads\/2014\/01\/confslide05.jpg 600w, https:\/\/www.navattagroup.com\/wp-content\/uploads\/2014\/01\/confslide05-300x150.jpg 300w\" sizes=\"(max-width: 600px) 100vw, 600px\" \/><span class='et-image-overlay'> <\/span><\/div> \n\t\t<div class='et_slidecontent et-image-slide'><img loading=\"lazy\" decoding=\"async\" src=\"http:\/\/www.navattagroup.com\/wp-content\/uploads\/2014\/01\/confslide06.jpg\" alt=\"\" width=\"600\" height=\"300\" srcset=\"https:\/\/www.navattagroup.com\/wp-content\/uploads\/2014\/01\/confslide06.jpg 600w, https:\/\/www.navattagroup.com\/wp-content\/uploads\/2014\/01\/confslide06-300x150.jpg 300w\" sizes=\"(max-width: 600px) 100vw, 600px\" \/><span class='et-image-overlay'> <\/span><\/div> \n\t\t<div class='et_slidecontent et-image-slide'><img loading=\"lazy\" decoding=\"async\" src=\"http:\/\/www.navattagroup.com\/wp-content\/uploads\/INITIATIVE-1-PREPARAZ-RASCHIAT.jpg\" alt=\"\" width=\"600\" height=\"300\" \/><span class='et-image-overlay'> <\/span><\/div> \n\t\t<div class='et_slidecontent et-image-slide'><img loading=\"lazy\" decoding=\"async\" src=\"http:\/\/www.navattagroup.com\/wp-content\/uploads\/INITIATIVE-2-FRONTE.jpg\" alt=\"\" width=\"600\" height=\"300\" \/><span class='et-image-overlay'> <\/span><\/div>\n\t\t\t\t<\/div>\n\t\t\t<\/div>\n\t\t<\/div> <!-- .et-image-slider -->\n\t\t\n<div tabindex=\"0\" class=\"cycloneslider cycloneslider-template-standard cycloneslider-width-responsive\" id=\"cycloneslider-italiano-confe-05-1\" style=\"max-width:960px\" > <div class=\"cycloneslider-slides cycle-slideshow\" data-cycle-allow-wrap=\"true\" data-cycle-dynamic-height=\"off\" data-cycle-auto-height=\"960:600\" data-cycle-auto-height-easing=\"null\" data-cycle-auto-height-speed=\"250\" data-cycle-delay=\"0\" data-cycle-easing=\"\" data-cycle-fx=\"fade\" data-cycle-hide-non-active=\"true\" data-cycle-log=\"false\" data-cycle-next=\"#cycloneslider-italiano-confe-05-1 .cycloneslider-next\" data-cycle-pager=\"#cycloneslider-italiano-confe-05-1 .cycloneslider-pager\" data-cycle-pause-on-hover=\"true\" data-cycle-prev=\"#cycloneslider-italiano-confe-05-1 .cycloneslider-prev\" data-cycle-slides=\"&gt; div\" data-cycle-speed=\"1000\" data-cycle-swipe=\"1\" data-cycle-tile-count=\"7\" data-cycle-tile-delay=\"100\" data-cycle-tile-vertical=\"true\" data-cycle-timeout=\"4000\" > <div class=\"cycloneslider-slide cycloneslider-slide-image\" > <img decoding=\"async\" src=\"https:\/\/www.navattagroup.com\/wp-content\/uploads\/Formulates-preparation-line-with-rotary-coil-evaporator-960x600.jpg\" alt=\"\" title=\"\" \/> <div class=\"cycloneslider-caption\"> <div class=\"cycloneslider-caption-title\"><\/div> <div class=\"cycloneslider-caption-description\">Formulates preparation line with rotary coil evaporator<\/div> <\/div> <\/div> <div class=\"cycloneslider-slide cycloneslider-slide-image\" > <img decoding=\"async\" src=\"https:\/\/www.navattagroup.com\/wp-content\/uploads\/Jam-with-pieces-production-line-960x600.jpg\" alt=\"\" title=\"\" \/> <div class=\"cycloneslider-caption\"> <div class=\"cycloneslider-caption-title\"><\/div> <div class=\"cycloneslider-caption-description\">Jam with pieces production line<\/div> <\/div> <\/div> <div class=\"cycloneslider-slide cycloneslider-slide-image\" > <img decoding=\"async\" src=\"https:\/\/www.navattagroup.com\/wp-content\/uploads\/Mediterranean-Fruit-receiving-washing-de-stoning-de-pulping-line-with-cold-extraction-and-enzymatic-inactivator-960x600.jpg\" alt=\"\" title=\"\" \/> <div class=\"cycloneslider-caption\"> <div class=\"cycloneslider-caption-title\"><\/div> <div class=\"cycloneslider-caption-description\">Mediterranean Fruit receiving, washing, de-stoning, de-pulping line with cold extraction and enzymatic inactivator<\/div> <\/div> <\/div> <div class=\"cycloneslider-slide cycloneslider-slide-image\" > <img decoding=\"async\" src=\"https:\/\/www.navattagroup.com\/wp-content\/uploads\/Mediterranean-Fruit-receiving-washing-de-stoning-de-pulping-line-with-cold-extraction-and-enzymatic-inactivator-1-960x600.jpg\" alt=\"\" title=\"\" \/> <div class=\"cycloneslider-caption\"> <div class=\"cycloneslider-caption-title\"><\/div> <div class=\"cycloneslider-caption-description\">Mediterranean Fruit receiving, washing, de-stoning, de-pulping line with cold extraction and enzymatic inactivator<\/div> <\/div> <\/div> <div class=\"cycloneslider-slide cycloneslider-slide-image\" > <img decoding=\"async\" src=\"https:\/\/www.navattagroup.com\/wp-content\/uploads\/Ketchup-and-Jam-production-line-960x600.jpg\" alt=\"\" title=\"\" \/> <div class=\"cycloneslider-caption\"> <div class=\"cycloneslider-caption-title\"><\/div> <div class=\"cycloneslider-caption-description\">Ketchup and Jam production line<\/div> <\/div> <\/div> <\/div> <div class=\"cycloneslider-pager\"><\/div> <a href=\"#\" class=\"cycloneslider-prev\"> <span class=\"arrow\"><\/span> <\/a> <a href=\"#\" class=\"cycloneslider-next\"> <span class=\"arrow\"><\/span> <\/a> <\/div>\n<p>[\/et_pb_text][\/et_pb_column][\/et_pb_row][\/et_pb_section]<\/p>","protected":false},"excerpt":{"rendered":"<p>Desculpe-nos, mas este texto esta apenas dispon\u00edvel em Italiano, English, Fran\u00e7ais, Espa\u00f1ol y \u0420\u0443\u0441\u0441\u043a\u0438\u0439.[et_pb_section bb_built=&#8221;1&#8243; fullwidth=&#8221;on&#8221; specialty=&#8221;off&#8221; next_background_color=&#8221;#000000&#8243;][et_pb_fullwidth_image src=&#8221;http:\/\/www.navattagroup.com\/wp-content\/uploads\/2014\/01\/confetture.jpg&#8221; show_in_lightbox=&#8221;off&#8221; url_new_window=&#8221;off&#8221; use_overlay=&#8221;off&#8221; animation=&#8221;left&#8221; use_border_color=&#8221;off&#8221; border_color=&#8221;#ffffff&#8221; border_style=&#8221;solid&#8221; animation_style=&#8221;slide&#8221; animation_duration=&#8221;500ms&#8221; animation_intensity_slide=&#8221;10%&#8221; animation_direction=&#8221;left&#8221; \/][\/et_pb_section][et_pb_section bb_built=&#8221;1&#8243; admin_label=&#8221;section&#8221; prev_background_color=&#8221;#000000&#8243;][et_pb_row admin_label=&#8221;row&#8221; background_position=&#8221;top_left&#8221; background_repeat=&#8221;repeat&#8221; background_size=&#8221;initial&#8221;][et_pb_column type=&#8221;4_4&#8243;][et_pb_text background_position=&#8221;top_left&#8221; background_repeat=&#8221;repeat&#8221; background_size=&#8221;initial&#8221; _builder_version=&#8221;3.21.3&#8243; z_index_tablet=&#8221;500&#8243;] LINEE CONFETTURE Gli ingredienti base delle confetture sono: frutta, zucchero e [&hellip;]<\/p>\n","protected":false},"author":2,"featured_media":0,"parent":0,"menu_order":2,"comment_status":"closed","ping_status":"closed","template":"","meta":{"_et_pb_use_builder":"on","_et_pb_old_content":"<h4>LINEE CONFETTURE<\/h4><p>Gli ingredienti base delle confetture sono: frutta, zucchero e pectine.<br \/> La frutta pu\u00f2 essere in diversi formati: fresca, congelata IQF (Individual Quick Frozen) o congelata in blocchi<br \/> La frutta fresca e IQF si carica direttamente con coclee mentre la frutta congelata in blocchi deve essere precedentemente triturata.<br \/> Tutti i prodotti vengono dosati in una vasca per essere preriscaldati alla temperatura di concentrazione.<br \/> Pectine e acido citrico vengono disciolti in soluzione acquosa.<br \/> La miscela di frutta e zucchero passa poi nel concentratore dove viene concentrata, aggiunta la pectine e acido citrico.<br \/> Nel concentratore, in caso di prodotti poco termosensibili, si pu\u00f2 realizzare anche la pastorizzazione.<\/p><p>[tabs slidertype=\"images\" auto=\"yes\" autospeed=\"4000\"]<br \/> [imagetab width=\"600\" height=\"300\"]www.navattagroup.com\/wp-content\/uploads\/2014\/01\/confslide00.jpg[\/imagetab]<br \/> [imagetab width=\"600\" height=\"300\"]www.navattagroup.com\/wp-content\/uploads\/2014\/01\/confslide01.jpg[\/imagetab]<br \/> [imagetab width=\"600\" height=\"300\"]www.navattagroup.com\/wp-content\/uploads\/2014\/01\/confslide02.jpg[\/imagetab]<br \/> [imagetab width=\"600\" height=\"300\"]www.navattagroup.com\/wp-content\/uploads\/2014\/01\/confslide03.jpg[\/imagetab]<br \/> [imagetab width=\"600\" height=\"300\"]www.navattagroup.com\/wp-content\/uploads\/2014\/01\/confslide04.jpg[\/imagetab]<br \/> [imagetab width=\"600\" height=\"300\"]www.navattagroup.com\/wp-content\/uploads\/2014\/01\/confslide05.jpg[\/imagetab]<br \/> [imagetab width=\"600\" height=\"300\"]www.navattagroup.com\/wp-content\/uploads\/2014\/01\/confslide06.jpg[\/imagetab]<br \/> [\/tabs]<\/p>","_et_gb_content_width":"","_monsterinsights_skip_tracking":false,"_monsterinsights_sitenote_active":false,"_monsterinsights_sitenote_note":"","_monsterinsights_sitenote_category":0,"footnotes":""},"_links":{"self":[{"href":"https:\/\/www.navattagroup.com\/pt\/wp-json\/wp\/v2\/pages\/1134"}],"collection":[{"href":"https:\/\/www.navattagroup.com\/pt\/wp-json\/wp\/v2\/pages"}],"about":[{"href":"https:\/\/www.navattagroup.com\/pt\/wp-json\/wp\/v2\/types\/page"}],"author":[{"embeddable":true,"href":"https:\/\/www.navattagroup.com\/pt\/wp-json\/wp\/v2\/users\/2"}],"replies":[{"embeddable":true,"href":"https:\/\/www.navattagroup.com\/pt\/wp-json\/wp\/v2\/comments?post=1134"}],"version-history":[{"count":0,"href":"https:\/\/www.navattagroup.com\/pt\/wp-json\/wp\/v2\/pages\/1134\/revisions"}],"wp:attachment":[{"href":"https:\/\/www.navattagroup.com\/pt\/wp-json\/wp\/v2\/media?parent=1134"}],"curies":[{"name":"wp","href":"https:\/\/api.w.org\/{rel}","templated":true}]}}