{"id":1138,"date":"2014-01-30T15:40:02","date_gmt":"2014-01-30T14:40:02","guid":{"rendered":"http:\/\/www.navattagroup.com\/?page_id=1138"},"modified":"2016-02-23T02:28:36","modified_gmt":"2016-02-23T01:28:36","slug":"sauces","status":"publish","type":"page","link":"https:\/\/www.navattagroup.com\/pt\/sauces\/","title":{"rendered":"(Italiano) Sughi"},"content":{"rendered":"<p class=\"qtranxs-available-languages-message qtranxs-available-languages-message-pt\">Desculpe-nos, mas este texto esta apenas dispon\u00edvel em <a href=\"https:\/\/www.navattagroup.com\/it\/wp-json\/wp\/v2\/pages\/1138\" class=\"qtranxs-available-language-link qtranxs-available-language-link-it\" title=\"Italiano\">Italiano<\/a>, <a href=\"https:\/\/www.navattagroup.com\/en\/wp-json\/wp\/v2\/pages\/1138\" class=\"qtranxs-available-language-link qtranxs-available-language-link-en\" title=\"English\">English<\/a>, <a href=\"https:\/\/www.navattagroup.com\/fr\/wp-json\/wp\/v2\/pages\/1138\" class=\"qtranxs-available-language-link qtranxs-available-language-link-fr\" title=\"Fran\u00e7ais\">Fran\u00e7ais<\/a>, <a href=\"https:\/\/www.navattagroup.com\/es\/wp-json\/wp\/v2\/pages\/1138\" class=\"qtranxs-available-language-link qtranxs-available-language-link-es\" title=\"Espa\u00f1ol\">Espa\u00f1ol<\/a> y <a href=\"https:\/\/www.navattagroup.com\/RU\/wp-json\/wp\/v2\/pages\/1138\" class=\"qtranxs-available-language-link qtranxs-available-language-link-RU\" title=\"\u0420\u0443\u0441\u0441\u043a\u0438\u0439\">\u0420\u0443\u0441\u0441\u043a\u0438\u0439<\/a>.<\/p><p>[et_pb_section fullwidth=&#8221;on&#8221; specialty=&#8221;off&#8221; admin_label=&#8221;Sezione&#8221;][et_pb_fullwidth_image admin_label=&#8221;Immagine a Larghezza Intera&#8221; src=&#8221;http:\/\/www.navattagroup.com\/wp-content\/uploads\/2014\/01\/sughipronti.jpg&#8221; show_in_lightbox=&#8221;off&#8221; url_new_window=&#8221;off&#8221; use_overlay=&#8221;off&#8221; animation=&#8221;left&#8221; use_border_color=&#8221;off&#8221; border_color=&#8221;#ffffff&#8221; border_style=&#8221;solid&#8221; \/][\/et_pb_section][et_pb_section admin_label=&#8221;section&#8221;][et_pb_row admin_label=&#8221;row&#8221;][et_pb_column type=&#8221;4_4&#8243;][et_pb_text admin_label=&#8221;Testo&#8221;]<\/p>\n<h4>LINEE SUGHI<\/h4>\n<p>Il processo descritto permette la realizzazione di preparati sia per piatti pronti che per l\u2019industria delle conserve.<br \/>\nPer la preparazione di sughi, salse, rag\u00f9 e soffritti si procede in diversi modi in funzione della produzione da ottenere e del tipo di prodotto.<br \/>\nIl processo di cottura pu\u00f2 avvenire sotto vuoto o a pressione atmosferica.<br \/>\nLa cottura sotto vuoto permette di realizzare prodotti di qualit\u00e0 superiore in quanto il processo di cottura e concentrazione (riduzione) del prodotto pu\u00f2 avvenire a temperature inferiori ai 100\u00b0C e in tempi pi\u00f9 brevi.<br \/>\nLo schema \u00e8 rappresentativo di un impianto a medio-alta produzione.<br \/>\nSi parte dallo stoccaggio di materia prima liquida in serbatoi, il cubettato e concentrato vengono travasati dai fusti in serbatoi di stoccaggio.<br \/>\nLa parte solida viene alimentata con coclee o vagonetti.<br \/>\nL\u2019alimentazione di tutti i prodotti avviene in una vasca di miscelazione e preriscaldo oppure direttamente nel cuocitore.<br \/>\nI dosaggi si effettuano generalmente con celle di carico o conta-litri.<br \/>\nNel cuocitore si effettua tutto il processo aggiungendo eventuali aromi in soluzione acquosa o in polvere.<br \/>\nDal cuocitore si passa ad un polmone di sosta che provvede a mantenere il prodotto in temperatura e miscelato.<br \/>\nSuccessivamente si effettua l\u2019eventuale pastorizzazione per procedere al riempimento.<br \/>\nA riempimento avvenuto il prodotto lo si pu\u00f2 pastorizzate nel tunnel o sterilizzare in autoclave<\/p>\n\n\t\t<div class='et-image-slider et_sliderfx_fade et_sliderauto_true et_sliderauto_speed_4000 et_slidertype_images'>\n\t\t\t<div class='et-image-slides'>\n\t\t\t\t<div class='et-tabs-content-wrapper'>\n\t\t\t\t\t<div class='et_slidecontent et-image-slide'><img loading=\"lazy\" decoding=\"async\" src=\"http:\/\/www.navattagroup.com\/wp-content\/uploads\/2014\/01\/sughislide00.jpg\" alt=\"\" width=\"600\" height=\"300\" srcset=\"https:\/\/www.navattagroup.com\/wp-content\/uploads\/2014\/01\/sughislide00.jpg 600w, https:\/\/www.navattagroup.com\/wp-content\/uploads\/2014\/01\/sughislide00-300x150.jpg 300w\" sizes=\"(max-width: 600px) 100vw, 600px\" \/><span class='et-image-overlay'> <\/span><\/div>\n\n\t\t<div class='et_slidecontent et-image-slide'><img loading=\"lazy\" decoding=\"async\" src=\"http:\/\/www.navattagroup.com\/wp-content\/uploads\/2014\/01\/sughislide01.jpg\" alt=\"\" width=\"600\" height=\"300\" srcset=\"https:\/\/www.navattagroup.com\/wp-content\/uploads\/2014\/01\/sughislide01.jpg 600w, https:\/\/www.navattagroup.com\/wp-content\/uploads\/2014\/01\/sughislide01-300x150.jpg 300w\" sizes=\"(max-width: 600px) 100vw, 600px\" \/><span class='et-image-overlay'> <\/span><\/div>\n\n\t\t<div class='et_slidecontent et-image-slide'><img loading=\"lazy\" decoding=\"async\" src=\"http:\/\/www.navattagroup.com\/wp-content\/uploads\/2014\/01\/sughislide02.jpg\" alt=\"\" width=\"600\" height=\"300\" srcset=\"https:\/\/www.navattagroup.com\/wp-content\/uploads\/2014\/01\/sughislide02.jpg 600w, https:\/\/www.navattagroup.com\/wp-content\/uploads\/2014\/01\/sughislide02-300x150.jpg 300w\" sizes=\"(max-width: 600px) 100vw, 600px\" \/><span class='et-image-overlay'> <\/span><\/div>\n\n\t\t<div class='et_slidecontent et-image-slide'><img loading=\"lazy\" decoding=\"async\" src=\"http:\/\/www.navattagroup.com\/wp-content\/uploads\/2014\/01\/sughislide03.jpg\" alt=\"\" width=\"600\" height=\"300\" srcset=\"https:\/\/www.navattagroup.com\/wp-content\/uploads\/2014\/01\/sughislide03.jpg 600w, https:\/\/www.navattagroup.com\/wp-content\/uploads\/2014\/01\/sughislide03-300x150.jpg 300w\" sizes=\"(max-width: 600px) 100vw, 600px\" \/><span class='et-image-overlay'> <\/span><\/div>\n\n\t\t<div class='et_slidecontent et-image-slide'><img loading=\"lazy\" decoding=\"async\" src=\"http:\/\/www.navattagroup.com\/wp-content\/uploads\/2014\/01\/sughislide04.jpg\" alt=\"\" width=\"600\" height=\"300\" srcset=\"https:\/\/www.navattagroup.com\/wp-content\/uploads\/2014\/01\/sughislide04.jpg 600w, https:\/\/www.navattagroup.com\/wp-content\/uploads\/2014\/01\/sughislide04-300x150.jpg 300w\" sizes=\"(max-width: 600px) 100vw, 600px\" \/><span class='et-image-overlay'> <\/span><\/div>\n\n\t\t<div class='et_slidecontent et-image-slide'><img loading=\"lazy\" decoding=\"async\" src=\"http:\/\/www.navattagroup.com\/wp-content\/uploads\/2014\/01\/sughislide05.jpg\" alt=\"\" width=\"600\" height=\"300\" srcset=\"https:\/\/www.navattagroup.com\/wp-content\/uploads\/2014\/01\/sughislide05.jpg 600w, https:\/\/www.navattagroup.com\/wp-content\/uploads\/2014\/01\/sughislide05-300x150.jpg 300w\" sizes=\"(max-width: 600px) 100vw, 600px\" \/><span class='et-image-overlay'> <\/span><\/div>\n\n\t\t<div class='et_slidecontent et-image-slide'><img loading=\"lazy\" decoding=\"async\" src=\"http:\/\/www.navattagroup.com\/wp-content\/uploads\/2014\/01\/sughislide06.jpg\" alt=\"\" width=\"600\" height=\"300\" srcset=\"https:\/\/www.navattagroup.com\/wp-content\/uploads\/2014\/01\/sughislide06.jpg 600w, https:\/\/www.navattagroup.com\/wp-content\/uploads\/2014\/01\/sughislide06-300x150.jpg 300w\" sizes=\"(max-width: 600px) 100vw, 600px\" \/><span class='et-image-overlay'> <\/span><\/div>\n\t\t\t\t<\/div>\n\t\t\t<\/div>\n\t\t<\/div> <!-- .et-image-slider -->\n\t\t\n<p>[\/et_pb_text][\/et_pb_column][\/et_pb_row][\/et_pb_section]<\/p>","protected":false},"excerpt":{"rendered":"<p>Desculpe-nos, mas este texto esta apenas dispon\u00edvel em Italiano, English, Fran\u00e7ais, Espa\u00f1ol y \u0420\u0443\u0441\u0441\u043a\u0438\u0439.[et_pb_section fullwidth=&#8221;on&#8221; specialty=&#8221;off&#8221; admin_label=&#8221;Sezione&#8221;][et_pb_fullwidth_image admin_label=&#8221;Immagine a Larghezza Intera&#8221; src=&#8221;http:\/\/www.navattagroup.com\/wp-content\/uploads\/2014\/01\/sughipronti.jpg&#8221; show_in_lightbox=&#8221;off&#8221; url_new_window=&#8221;off&#8221; use_overlay=&#8221;off&#8221; animation=&#8221;left&#8221; use_border_color=&#8221;off&#8221; border_color=&#8221;#ffffff&#8221; border_style=&#8221;solid&#8221; \/][\/et_pb_section][et_pb_section admin_label=&#8221;section&#8221;][et_pb_row admin_label=&#8221;row&#8221;][et_pb_column type=&#8221;4_4&#8243;][et_pb_text admin_label=&#8221;Testo&#8221;] LINEE SUGHI Il processo descritto permette la realizzazione di preparati sia per piatti pronti che per l\u2019industria delle conserve. Per la [&hellip;]<\/p>\n","protected":false},"author":2,"featured_media":0,"parent":0,"menu_order":0,"comment_status":"closed","ping_status":"closed","template":"","meta":{"_et_pb_use_builder":"on","_et_pb_old_content":"<h4>LINEE SUGHI<\/h4><p>Il processo descritto permette la realizzazione di preparati sia per piatti pronti che per l\u2019industria delle conserve.<br \/> Per la preparazione di sughi, salse, rag\u00f9 e soffritti si procede in diversi modi in funzione della produzione da ottenere e del tipo di prodotto.<br \/> Il processo di cottura pu\u00f2 avvenire sotto vuoto o a pressione atmosferica.<br \/> La cottura sotto vuoto permette di realizzare prodotti di qualit\u00e0 superiore in quanto il processo di cottura e concentrazione (riduzione) del prodotto pu\u00f2 avvenire a temperature inferiori ai 100\u00b0C e in tempi pi\u00f9 brevi.<br \/> Lo schema \u00e8 rappresentativo di un impianto a medio-alta produzione.<br \/> Si parte dallo stoccaggio di materia prima liquida in serbatoi, il cubettato e concentrato vengono travasati dai fusti in serbatoi di stoccaggio.<br \/> La parte solida viene alimentata con coclee o vagonetti.<br \/> L\u2019alimentazione di tutti i prodotti avviene in una vasca di miscelazione e preriscaldo oppure direttamente nel cuocitore.<br \/> I dosaggi si effettuano generalmente con celle di carico o conta-litri.<br \/> Nel cuocitore si effettua tutto il processo aggiungendo eventuali aromi in soluzione acquosa o in polvere.<br \/> Dal cuocitore si passa ad un polmone di sosta che provvede a mantenere il prodotto in temperatura e miscelato.<br \/> Successivamente si effettua l\u2019eventuale pastorizzazione per procedere al riempimento.<br \/> A riempimento avvenuto il prodotto lo si pu\u00f2 pastorizzate nel tunnel o sterilizzare in autoclave<\/p><p>[tabs slidertype=\"images\" auto=\"yes\" autospeed=\"4000\"]<br \/> [imagetab width=\"600\" height=\"300\"]www.navattagroup.com\/wp-content\/uploads\/2014\/01\/sughislide00.jpg[\/imagetab]<br \/> [imagetab width=\"600\" height=\"300\"]www.navattagroup.com\/wp-content\/uploads\/2014\/01\/sughislide01.jpg[\/imagetab]<br \/> [imagetab width=\"600\" height=\"300\"]www.navattagroup.com\/wp-content\/uploads\/2014\/01\/sughislide02.jpg[\/imagetab]<br \/> [imagetab width=\"600\" height=\"300\"]www.navattagroup.com\/wp-content\/uploads\/2014\/01\/sughislide03.jpg[\/imagetab]<br \/> [imagetab width=\"600\" height=\"300\"]www.navattagroup.com\/wp-content\/uploads\/2014\/01\/sughislide04.jpg[\/imagetab]<br \/> [imagetab width=\"600\" height=\"300\"]www.navattagroup.com\/wp-content\/uploads\/2014\/01\/sughislide05.jpg[\/imagetab]<br \/> [imagetab width=\"600\" height=\"300\"]www.navattagroup.com\/wp-content\/uploads\/2014\/01\/sughislide06.jpg[\/imagetab]<br \/> [\/tabs]<\/p>","_et_gb_content_width":"","_monsterinsights_skip_tracking":false,"_monsterinsights_sitenote_active":false,"_monsterinsights_sitenote_note":"","_monsterinsights_sitenote_category":0,"footnotes":""},"_links":{"self":[{"href":"https:\/\/www.navattagroup.com\/pt\/wp-json\/wp\/v2\/pages\/1138"}],"collection":[{"href":"https:\/\/www.navattagroup.com\/pt\/wp-json\/wp\/v2\/pages"}],"about":[{"href":"https:\/\/www.navattagroup.com\/pt\/wp-json\/wp\/v2\/types\/page"}],"author":[{"embeddable":true,"href":"https:\/\/www.navattagroup.com\/pt\/wp-json\/wp\/v2\/users\/2"}],"replies":[{"embeddable":true,"href":"https:\/\/www.navattagroup.com\/pt\/wp-json\/wp\/v2\/comments?post=1138"}],"version-history":[{"count":0,"href":"https:\/\/www.navattagroup.com\/pt\/wp-json\/wp\/v2\/pages\/1138\/revisions"}],"wp:attachment":[{"href":"https:\/\/www.navattagroup.com\/pt\/wp-json\/wp\/v2\/media?parent=1138"}],"curies":[{"name":"wp","href":"https:\/\/api.w.org\/{rel}","templated":true}]}}