{"id":12,"date":"2013-06-10T12:14:55","date_gmt":"2013-06-10T11:14:55","guid":{"rendered":"http:\/\/www.navattagroup.com\/?page_id=12"},"modified":"2015-11-05T11:46:49","modified_gmt":"2015-11-05T10:46:49","slug":"the-group","status":"publish","type":"page","link":"https:\/\/www.navattagroup.com\/pt\/the-group\/","title":{"rendered":"O Grupo Navatta"},"content":{"rendered":"<p><\/p>\n<h3><strong>GRUPO NAVATTA<\/strong> &#8211; <b>PERFIL SOCIET\u00c1RIO<\/b><\/h3>\n<h4><b>HIST\u00d3RIA DO GRUPO<\/b><\/h4>\n<p>A sociedade <strong>NAVATTA<\/strong> foi fundada pelo senhor Giuseppe Navatta em 1983.<br \/>\n<strong>NAVATTA<\/strong> iniciou suas atividades como sub fornecedor preferencial de m\u00e1quinas individuais ou sistemas produtivos para as principais sociedades fabricantes de equipamentos, com a produ\u00e7\u00e3o e venda de m\u00e1quinas para a transforma\u00e7\u00e3o de frutas e legumes, n\u00e3o s\u00f3 de Parma como tamb\u00e9m de outras companhias italianas ou internacionais, fazendo a montagem, instala\u00e7\u00e3o e start-up dessas m\u00e1quinas nas instala\u00e7\u00f5es dos clientes para os exportadores finais.<br \/>\nNos anos seguintes, a <strong>NAVATTA<\/strong> desenvolveu tecnologia pr\u00f3pria e cont\u00ednuas experi\u00eancias produtivas no setor de recep\u00e7\u00e3o \u2013 descarregamento \u2013 sele\u00e7\u00e3o &#8211; lavagem do tomate fresco &#8211; e integrou essa experi\u00eancia consolidando conhecimentos na produ\u00e7\u00e3o de tomate pelado, polpa de tomate, linha de tomate em cubo.<br \/>\nEm pouco tempo, a <strong>NAVATTA<\/strong> se tornou um centro de excel\u00eancia na produ\u00e7\u00e3o e instala\u00e7\u00e3o de m\u00e1quinas e na elabora\u00e7\u00e3o do tomate pelado e derivados, tendo instalado linhas completas por todo o mundo, com capacidade que varia de 20 a 120 toneladas\/hora de produtos frescos na entrada.<\/p>\n<p>Em 2001, a\u00a0<strong>NAVATTA<\/strong> adquiriu a empresa Dall&#8217;Argine &amp; Ghiretti, sociedade com mais de 40 anos de experi\u00eancia no setor de tratamento t\u00e9rmico dos produtos em recipientes r\u00edgidos como latas e frascos de vidros no setor de polpa de tomate.<br \/>\nEm 2010, a\u00a0<strong>NAVATTA<\/strong> adquiriu a empresa <strong>MOVA<\/strong>, companhia com mais de 60 anos de experi\u00eancia no setor de tratamento e esvaziamento de tambores e bins, paletizadores e despaletizadores, sistemas de lavagem de contentores industriais, sistemas de manuseio de frutas e legumes frescos, linhas de processamento de c\u00edtricos.<br \/>\nNo ano de 2012, a\u00a0<strong>NAVATTA<\/strong> adquiriu a sociedade internacional, <strong>METRO<\/strong> uma empresa com mais que 20 anos e l\u00edder em v\u00e1rias tecnologias de processamento de frutas, legumes e possuidora de muitas patentes internacionais do setor, especialmente em rela\u00e7\u00e3o \u00e0 extra\u00e7\u00e3o de sucos de frutas e pur\u00ea, concentra\u00e7\u00e3o e enchimento ass\u00e9ptico.<br \/>\nFinalmente, no ano de 2012 a\u00a0<strong>NAVATTA<\/strong> tornou-se propriet\u00e1ria da empresa <strong>GHIZZONI ETTORE<\/strong>, sociedade com mais de 100 anos de experi\u00eancia e centro de excel\u00eancia na produ\u00e7\u00e3o e instala\u00e7\u00e3o de m\u00e1quinas para produtos como n\u00e9ctares, molhos de suco, catchup, gel\u00e9ias, sucos&#8230;<\/p>\n<p>Todas as pessoas que trabalham no Grupo\u00a0<strong>NAVATTA<\/strong> t\u00eaem um indiscut\u00edvel conhecimento e muita experi\u00eancia tecnol\u00f3gica do setor.<br \/>\nO Grupo\u00a0<strong>NAVATTA<\/strong> detem uma lista impressionante de refer\u00eancia de instala\u00e7\u00f5es e sistemas instalados na It\u00e1lia, na Europa, e em todo o mundo.<\/p>\n<h4><b>GRUPO NAVATTA \u2013 MISS\u00c3O E PRINCIPAIS PRODUTOS<\/b><\/h4>\n<p>O <strong>GRUPO NAVATTA<\/strong> produz, instala e d\u00e1 partida a linhas e sistemas de m\u00e1quinas para o processamento de frutas, tomates e vegetais, como:<\/p>\n<ul>\n<li>Tomates pelados \/ cubos \/ polpas, molhos de tomate concentrado e envasado em todo o tipo de embalagens ass\u00e9pticas r\u00edgidas e flex\u00edveis;<\/li>\n<li>Cubos, pur\u00ea, suco, n\u00e9ctares (naturais ou concentrados) da fruta mediterr\u00e2nica e tropical, com envasamento em todo o tipo de embalagens r\u00edgidas e flex\u00edveis e ass\u00e9pticas;<\/li>\n<li>Instala\u00e7\u00f5es-patenteadas de alto rendimento para a produ\u00e7\u00e3o de pur\u00ea, suco de frutas com tecnologia &#8216;extra\u00e7\u00e3o a frio&#8217;, sistema de equaliza\u00e7\u00e3o em ass\u00e9ptico para pur\u00eas e sucos.<\/li>\n<li>Divis\u00e3o de enchimento ass\u00e9ptico para sacos com \/ sem boca do tipo Bag-in-Box 3-20 litros, saco-em-tambor de 220 litros, Bin-in-Box de 1.000 a 1.500 litros;<\/li>\n<li>Produ\u00e7\u00e3o de produtos formulados como ketchup, molhos, sucos, n\u00e9ctares, etc desde a recep\u00e7\u00e3o, tratamento e prepara\u00e7\u00e3o dos ingredientes, dosagem de ingredientes em autom\u00e1tico, mistura e estabiliza\u00e7\u00e3o e mec\u00e2nica e t\u00e9rmica at\u00e9 seu envase final em todo o tipo de embalagem: r\u00edgidas e flex\u00edveis, enchimento ass\u00e9ptico em mini tanques ass\u00e9pticos;<\/li>\n<li>Instala\u00e7\u00f5es de planta piloto;<\/li>\n<li>Processamento de produtos hort\u00edcolos: recep\u00e7\u00e3o, prepara\u00e7\u00e3o, cozimento, grelhados e congelados.<\/li>\n<\/ul>\n<p>Hoje o <strong>GRUPO NAVATTA<\/strong> trabalha diretamente nos mercados nacional e internacional como produtor e instalador de m\u00e1quinas e plantas para o processo de tomate, vegetais e frutas, e tem um portf\u00f3lio de produtos que o tornam uma das principais empresas de refer\u00eancia nesse campo.<br \/>\nNo ano de 2009 o <strong>GRUPO NAVATTA<\/strong> construiu sua nova sede em Pilastro di Langhirano, Parma, que ocupa cerca de 5.000 metros quadrados: ao lado desta a <strong>NAVATTA<\/strong> adquiriu um outro terreno, do mesmo tamanho, para expans\u00e3o futura, que j\u00e1 est\u00e1 em obras.<br \/>\nConcomitantemente \u00e0 produ\u00e7\u00e3o e instala\u00e7\u00f5es de m\u00e1quinas para a ind\u00fastria aliment\u00edcia, o <strong>GRUPO NAVATTA<\/strong> continuou com as suas atividades tradicionais relacionadas como a fabrica\u00e7\u00e3o de pe\u00e7as mec\u00e2nicas de precis\u00e3o para empresas externas. <\/p>","protected":false},"excerpt":{"rendered":"<p>GRUPO NAVATTA &#8211; PERFIL SOCIET\u00c1RIO HIST\u00d3RIA DO GRUPO A sociedade NAVATTA foi fundada pelo senhor Giuseppe Navatta em 1983. NAVATTA iniciou suas atividades como sub fornecedor preferencial de m\u00e1quinas individuais ou sistemas produtivos para as principais sociedades fabricantes de equipamentos, com a produ\u00e7\u00e3o e venda de m\u00e1quinas para a transforma\u00e7\u00e3o de frutas e legumes, n\u00e3o [&hellip;]<\/p>\n","protected":false},"author":1,"featured_media":114,"parent":0,"menu_order":0,"comment_status":"closed","ping_status":"closed","template":"page-full.php","meta":{"_et_pb_use_builder":"","_et_pb_old_content":"","_et_gb_content_width":"","_monsterinsights_skip_tracking":false,"_monsterinsights_sitenote_active":false,"_monsterinsights_sitenote_note":"","_monsterinsights_sitenote_category":0,"footnotes":""},"_links":{"self":[{"href":"https:\/\/www.navattagroup.com\/pt\/wp-json\/wp\/v2\/pages\/12"}],"collection":[{"href":"https:\/\/www.navattagroup.com\/pt\/wp-json\/wp\/v2\/pages"}],"about":[{"href":"https:\/\/www.navattagroup.com\/pt\/wp-json\/wp\/v2\/types\/page"}],"author":[{"embeddable":true,"href":"https:\/\/www.navattagroup.com\/pt\/wp-json\/wp\/v2\/users\/1"}],"replies":[{"embeddable":true,"href":"https:\/\/www.navattagroup.com\/pt\/wp-json\/wp\/v2\/comments?post=12"}],"version-history":[{"count":3,"href":"https:\/\/www.navattagroup.com\/pt\/wp-json\/wp\/v2\/pages\/12\/revisions"}],"predecessor-version":[{"id":1587,"href":"https:\/\/www.navattagroup.com\/pt\/wp-json\/wp\/v2\/pages\/12\/revisions\/1587"}],"wp:featuredmedia":[{"embeddable":true,"href":"https:\/\/www.navattagroup.com\/pt\/wp-json\/wp\/v2\/media\/114"}],"wp:attachment":[{"href":"https:\/\/www.navattagroup.com\/pt\/wp-json\/wp\/v2\/media?parent=12"}],"curies":[{"name":"wp","href":"https:\/\/api.w.org\/{rel}","templated":true}]}}