{"id":1702,"date":"2014-09-24T10:04:13","date_gmt":"2014-09-24T09:04:13","guid":{"rendered":"http:\/\/www.navattagroup.com\/?page_id=1702"},"modified":"2016-07-15T09:00:45","modified_gmt":"2016-07-15T08:00:45","slug":"formulated-products-cloned","status":"publish","type":"page","link":"https:\/\/www.navattagroup.com\/pt\/formulated-products-cloned\/","title":{"rendered":"Produtos Formulados"},"content":{"rendered":"<p>[et_pb_section admin_label=&#8221;section&#8221;][et_pb_row admin_label=&#8221;row&#8221;][et_pb_column type=&#8221;4_4&#8243;][et_pb_text admin_label=&#8221;Texto&#8221; background_layout=&#8221;light&#8221; text_orientation=&#8221;left&#8221; use_border_color=&#8221;off&#8221; border_color=&#8221;#ffffff&#8221; border_style=&#8221;solid&#8221;]<\/p>\n<h3>PRODUTOS FORMULADOS<\/h3>\n<p>Instala\u00e7\u00f5es industriais para o processamento de produtos especiais como n\u00e9ctares, sucos, gel\u00e9ias com peda\u00e7os de fruta, produtos para iogurte, doces ou sorvete com alto percentual de frutas em peda\u00e7os, produtos irregulares com ou sem molhos, compotas, conservas, doces, ketchup , molhos, comida para bebe, etc&#8230; A partir da recep\u00e7\u00e3o dos componentes, at\u00e9 a dosagem dos componentes do produto, sua mistura, estabiliza\u00e7\u00e3o t\u00e9rmica \/ mec\u00e2nica, embalagem, em qualquer tipo de recipiente ou de processamento ass\u00e9ptico.<\/p>\n<div tabindex=\"0\" class=\"cycloneslider cycloneslider-template-standard cycloneslider-width-responsive\" id=\"cycloneslider-formul-sl06-31\" style=\"max-width:900px\" > <div class=\"cycloneslider-slides cycle-slideshow\" data-cycle-allow-wrap=\"true\" data-cycle-dynamic-height=\"off\" data-cycle-auto-height=\"900:500\" data-cycle-auto-height-easing=\"null\" data-cycle-auto-height-speed=\"250\" data-cycle-delay=\"0\" data-cycle-easing=\"\" data-cycle-fx=\"fade\" data-cycle-hide-non-active=\"true\" data-cycle-log=\"false\" data-cycle-next=\"#cycloneslider-formul-sl06-31 .cycloneslider-next\" data-cycle-pager=\"#cycloneslider-formul-sl06-31 .cycloneslider-pager\" data-cycle-pause-on-hover=\"true\" data-cycle-prev=\"#cycloneslider-formul-sl06-31 .cycloneslider-prev\" data-cycle-slides=\"&gt; div\" data-cycle-speed=\"1000\" data-cycle-swipe=\"1\" data-cycle-tile-count=\"7\" data-cycle-tile-delay=\"100\" data-cycle-tile-vertical=\"true\" data-cycle-timeout=\"4000\" > <div class=\"cycloneslider-slide cycloneslider-slide-image\" > <img decoding=\"async\" src=\"https:\/\/www.navattagroup.com\/wp-content\/uploads\/Scraped-surface-pasteurizer-900x500.jpg\" alt=\"\" title=\"\" \/> <div class=\"cycloneslider-caption\"> <div class=\"cycloneslider-caption-title\"><\/div> <div class=\"cycloneslider-caption-description\">Scraped surface pasteurizer<\/div> <\/div> <\/div> <div class=\"cycloneslider-slide cycloneslider-slide-image\" > <img decoding=\"async\" src=\"https:\/\/www.navattagroup.com\/wp-content\/uploads\/Formulates-preparation-line-with-rotary-coil-evaporator-900x500.jpg\" alt=\"\" title=\"\" \/> <div class=\"cycloneslider-caption\"> <div class=\"cycloneslider-caption-title\"><\/div> <div class=\"cycloneslider-caption-description\">Formulates preparation line with rotary coil evaporator<\/div> <\/div> <\/div> <div class=\"cycloneslider-slide cycloneslider-slide-image\" > <img decoding=\"async\" src=\"https:\/\/www.navattagroup.com\/wp-content\/uploads\/raffreddatore_laterale-900x500.jpg\" alt=\"\" title=\"\" \/> <div class=\"cycloneslider-caption\"> <div class=\"cycloneslider-caption-title\"><\/div> <div class=\"cycloneslider-caption-description\">Spiral Cooler with inlet tunnel to mantain temperature for 5-10 kg bags or 5 kg stand-up pouches. Capacity about 1700 containers per hour<\/div> <\/div> <\/div> <div class=\"cycloneslider-slide cycloneslider-slide-image\" > <img decoding=\"async\" src=\"https:\/\/www.navattagroup.com\/wp-content\/uploads\/raffreddatore_spirale-900x500.jpg\" alt=\"\" title=\"\" \/> <div class=\"cycloneslider-caption\"> <div class=\"cycloneslider-caption-title\"><\/div> <div class=\"cycloneslider-caption-description\">Spiral Cooler with inlet tunnel to mantain temperature for 5-10 kg bags or 5 kg stand-up pouches. Capacity about 1700 containers per hour<\/div> <\/div> <\/div> <div class=\"cycloneslider-slide cycloneslider-slide-image\" > <img decoding=\"async\" src=\"https:\/\/www.navattagroup.com\/wp-content\/uploads\/Jam-with-pieces-production-line-900x500.jpg\" alt=\"\" title=\"\" \/> <div class=\"cycloneslider-caption\"> <div class=\"cycloneslider-caption-title\"><\/div> <div class=\"cycloneslider-caption-description\">Jam with pieces production line<\/div> <\/div> <\/div> <div class=\"cycloneslider-slide cycloneslider-slide-image\" > <img decoding=\"async\" src=\"https:\/\/www.navattagroup.com\/wp-content\/uploads\/De-aeration-group-900x500.jpg\" alt=\"\" title=\"\" \/> <div class=\"cycloneslider-caption\"> <div class=\"cycloneslider-caption-title\"><\/div> <div class=\"cycloneslider-caption-description\">De-aeration group<\/div> <\/div> <\/div> <div class=\"cycloneslider-slide cycloneslider-slide-image\" > <img decoding=\"async\" src=\"https:\/\/www.navattagroup.com\/wp-content\/uploads\/Aseptic-sterilizer-900x500.jpg\" alt=\"\" title=\"\" \/> <div class=\"cycloneslider-caption\"> <div class=\"cycloneslider-caption-title\"><\/div> <div class=\"cycloneslider-caption-description\">Aseptic sterilizer<\/div> <\/div> <\/div> <div class=\"cycloneslider-slide cycloneslider-slide-image\" > <img decoding=\"async\" src=\"https:\/\/www.navattagroup.com\/wp-content\/uploads\/Spiral-water-pasteurizer-cooler-\u2013-dryer-tunnel-for-cups-114-\u2013-128-gr.--900x500.jpg\" alt=\"\" title=\"\" \/> <div class=\"cycloneslider-caption\"> <div class=\"cycloneslider-caption-title\"><\/div> <div class=\"cycloneslider-caption-description\">Spiral water pasteurizer - cooler \u2013 dryer tunnel for cups 114 \u2013 128 gr<\/div> <\/div> <\/div> <div class=\"cycloneslider-slide cycloneslider-slide-image\" > <img decoding=\"async\" src=\"https:\/\/www.navattagroup.com\/wp-content\/uploads\/Holding-mixing-vat-for-product-with-pieces-and-for-mayo-and-mustard-900x500.jpg\" alt=\"\" title=\"\" \/> <div class=\"cycloneslider-caption\"> <div class=\"cycloneslider-caption-title\"><\/div> <div class=\"cycloneslider-caption-description\">Holding mixing vat for product with pieces and for mayo and mustard<\/div> <\/div> <\/div> <div class=\"cycloneslider-slide cycloneslider-slide-image\" > <img decoding=\"async\" src=\"https:\/\/www.navattagroup.com\/wp-content\/uploads\/Under-Vacuum-Cutter-for-vegetable-creams-production-with-cart-elevator-900x500.jpg\" alt=\"\" title=\"\" \/> <div class=\"cycloneslider-caption\"> <div class=\"cycloneslider-caption-title\"><\/div> <div class=\"cycloneslider-caption-description\">Under Vacuum Cutter for vegetable creams production with cart elevator<\/div> <\/div> <\/div> <div class=\"cycloneslider-slide cycloneslider-slide-image\" > <img decoding=\"async\" src=\"https:\/\/www.navattagroup.com\/wp-content\/uploads\/Ketchup-dosing-\u2013-mixing-unit-900x500.jpg\" alt=\"\" title=\"\" \/> <div class=\"cycloneslider-caption\"> <div class=\"cycloneslider-caption-title\"><\/div> <div class=\"cycloneslider-caption-description\">Ketchup dosing \u2013 mixing unit<\/div> <\/div> <\/div> <div class=\"cycloneslider-slide cycloneslider-slide-image\" > <img decoding=\"async\" src=\"https:\/\/www.navattagroup.com\/wp-content\/uploads\/C.I.P.-System-900x500.jpg\" alt=\"\" title=\"\" \/> <div class=\"cycloneslider-caption\"> <div class=\"cycloneslider-caption-title\"><\/div> <div class=\"cycloneslider-caption-description\">C.I.P. System<\/div> <\/div> <\/div> <div class=\"cycloneslider-slide cycloneslider-slide-image\" > <img decoding=\"async\" src=\"https:\/\/www.navattagroup.com\/wp-content\/uploads\/Ketchup-and-Jam-production-line-900x500.jpg\" alt=\"\" title=\"\" \/> <div class=\"cycloneslider-caption\"> <div class=\"cycloneslider-caption-title\"><\/div> <div class=\"cycloneslider-caption-description\">Ketchup and Jam production line<\/div> <\/div> <\/div> <div class=\"cycloneslider-slide cycloneslider-slide-image\" > <img decoding=\"async\" src=\"https:\/\/www.navattagroup.com\/wp-content\/uploads\/9-preparazione-pectina6498silvia-900x500.jpg\" alt=\"\" title=\"\" \/> <div class=\"cycloneslider-caption\"> <div class=\"cycloneslider-caption-title\"><\/div> <div class=\"cycloneslider-caption-description\">Pectine preparation group<\/div> <\/div> <\/div> <\/div> <div class=\"cycloneslider-pager\"><\/div> <a href=\"#\" class=\"cycloneslider-prev\"> <span class=\"arrow\"><\/span> <\/a> <a href=\"#\" class=\"cycloneslider-next\"> <span class=\"arrow\"><\/span> <\/a> <\/div>\n<div tabindex=\"0\" class=\"cycloneslider cycloneslider-template-standard cycloneslider-width-responsive\" id=\"cycloneslider-formul-sl02-32\" style=\"max-width:900px\" > <div class=\"cycloneslider-slides cycle-slideshow\" data-cycle-allow-wrap=\"true\" data-cycle-dynamic-height=\"off\" data-cycle-auto-height=\"900:360\" data-cycle-auto-height-easing=\"null\" data-cycle-auto-height-speed=\"250\" data-cycle-delay=\"0\" data-cycle-easing=\"\" data-cycle-fx=\"fade\" data-cycle-hide-non-active=\"true\" data-cycle-log=\"false\" data-cycle-next=\"#cycloneslider-formul-sl02-32 .cycloneslider-next\" data-cycle-pager=\"#cycloneslider-formul-sl02-32 .cycloneslider-pager\" data-cycle-pause-on-hover=\"true\" data-cycle-prev=\"#cycloneslider-formul-sl02-32 .cycloneslider-prev\" data-cycle-slides=\"&gt; div\" data-cycle-speed=\"1000\" data-cycle-swipe=\"1\" data-cycle-tile-count=\"7\" data-cycle-tile-delay=\"100\" data-cycle-tile-vertical=\"true\" data-cycle-timeout=\"4504\" > <div class=\"cycloneslider-slide cycloneslider-slide-image\" > <img decoding=\"async\" src=\"https:\/\/www.navattagroup.com\/wp-content\/uploads\/2014\/09\/NGMformulate04.jpg\" alt=\"\" title=\"\" \/> <\/div> <div class=\"cycloneslider-slide cycloneslider-slide-image\" > <img decoding=\"async\" src=\"https:\/\/www.navattagroup.com\/wp-content\/uploads\/2014\/09\/NGMformulate05.jpg\" alt=\"\" title=\"\" \/> <\/div> <div class=\"cycloneslider-slide cycloneslider-slide-image\" > <img decoding=\"async\" src=\"https:\/\/www.navattagroup.com\/wp-content\/uploads\/2014\/09\/NGMformulate06.jpg\" alt=\"\" title=\"\" \/> <\/div> <div class=\"cycloneslider-slide cycloneslider-slide-image\" > <img decoding=\"async\" src=\"https:\/\/www.navattagroup.com\/wp-content\/uploads\/2015\/11\/NGmulticutter.jpg\" alt=\"\" title=\"\" \/> <div class=\"cycloneslider-caption\"> <div class=\"cycloneslider-caption-title\"><\/div> <div class=\"cycloneslider-caption-description\">multi \u2013 function cutter with ingredients addition<\/div> <\/div> <\/div> <\/div> <div class=\"cycloneslider-pager\"><\/div> <a href=\"#\" class=\"cycloneslider-prev\"> <span class=\"arrow\"><\/span> <\/a> <a href=\"#\" class=\"cycloneslider-next\"> <span class=\"arrow\"><\/span> <\/a> <\/div>\n<div tabindex=\"0\" class=\"cycloneslider cycloneslider-template-standard cycloneslider-width-responsive\" id=\"cycloneslider-formul-sl03-33\" style=\"max-width:900px\" > <div class=\"cycloneslider-slides cycle-slideshow\" data-cycle-allow-wrap=\"true\" data-cycle-dynamic-height=\"off\" data-cycle-auto-height=\"900:360\" data-cycle-auto-height-easing=\"null\" data-cycle-auto-height-speed=\"250\" data-cycle-delay=\"0\" data-cycle-easing=\"\" data-cycle-fx=\"fade\" data-cycle-hide-non-active=\"true\" data-cycle-log=\"false\" data-cycle-next=\"#cycloneslider-formul-sl03-33 .cycloneslider-next\" data-cycle-pager=\"#cycloneslider-formul-sl03-33 .cycloneslider-pager\" data-cycle-pause-on-hover=\"true\" data-cycle-prev=\"#cycloneslider-formul-sl03-33 .cycloneslider-prev\" data-cycle-slides=\"&gt; div\" data-cycle-speed=\"1000\" data-cycle-swipe=\"1\" data-cycle-tile-count=\"7\" data-cycle-tile-delay=\"100\" data-cycle-tile-vertical=\"true\" data-cycle-timeout=\"3750\" > <div class=\"cycloneslider-slide cycloneslider-slide-image\" > <img decoding=\"async\" src=\"https:\/\/www.navattagroup.com\/wp-content\/uploads\/2014\/10\/NGMformulate09.jpg\" alt=\"\" title=\"\" \/> <\/div> <div class=\"cycloneslider-slide cycloneslider-slide-image\" > <img decoding=\"async\" src=\"https:\/\/www.navattagroup.com\/wp-content\/uploads\/2014\/10\/NGMformulate07.jpg\" alt=\"\" title=\"\" \/> <\/div> <div class=\"cycloneslider-slide cycloneslider-slide-image\" > <img decoding=\"async\" src=\"https:\/\/www.navattagroup.com\/wp-content\/uploads\/2014\/10\/NGMformulate08.jpg\" alt=\"\" title=\"\" \/> <\/div> <\/div> <div class=\"cycloneslider-pager\"><\/div> <a href=\"#\" class=\"cycloneslider-prev\"> <span class=\"arrow\"><\/span> <\/a> <a href=\"#\" class=\"cycloneslider-next\"> <span class=\"arrow\"><\/span> <\/a> <\/div>\n<div tabindex=\"0\" class=\"cycloneslider cycloneslider-template-standard cycloneslider-width-responsive\" id=\"cycloneslider-formul-sl04-34\" style=\"max-width:900px\" > <div class=\"cycloneslider-slides cycle-slideshow\" data-cycle-allow-wrap=\"true\" data-cycle-dynamic-height=\"off\" data-cycle-auto-height=\"900:360\" data-cycle-auto-height-easing=\"null\" data-cycle-auto-height-speed=\"250\" data-cycle-delay=\"0\" data-cycle-easing=\"\" data-cycle-fx=\"fade\" data-cycle-hide-non-active=\"true\" data-cycle-log=\"false\" data-cycle-next=\"#cycloneslider-formul-sl04-34 .cycloneslider-next\" data-cycle-pager=\"#cycloneslider-formul-sl04-34 .cycloneslider-pager\" data-cycle-pause-on-hover=\"true\" data-cycle-prev=\"#cycloneslider-formul-sl04-34 .cycloneslider-prev\" data-cycle-slides=\"&gt; div\" data-cycle-speed=\"1000\" data-cycle-swipe=\"1\" data-cycle-tile-count=\"7\" data-cycle-tile-delay=\"100\" data-cycle-tile-vertical=\"true\" data-cycle-timeout=\"3500\" > <div class=\"cycloneslider-slide cycloneslider-slide-image\" > <img decoding=\"async\" src=\"https:\/\/www.navattagroup.com\/wp-content\/uploads\/2014\/10\/NGMformulate13.jpg\" alt=\"\" title=\"\" \/> <\/div> <div class=\"cycloneslider-slide cycloneslider-slide-image\" > <img decoding=\"async\" src=\"https:\/\/www.navattagroup.com\/wp-content\/uploads\/2014\/10\/NGMformulate10.jpg\" alt=\"\" title=\"\" \/> <\/div> <div class=\"cycloneslider-slide cycloneslider-slide-image\" > <img decoding=\"async\" src=\"https:\/\/www.navattagroup.com\/wp-content\/uploads\/2014\/10\/NGMformulate11.jpg\" alt=\"\" title=\"\" \/> <\/div> <div class=\"cycloneslider-slide cycloneslider-slide-image\" > <img decoding=\"async\" src=\"https:\/\/www.navattagroup.com\/wp-content\/uploads\/2014\/10\/NGMformulate12.jpg\" alt=\"\" title=\"\" \/> <\/div> <\/div> <div class=\"cycloneslider-pager\"><\/div> <a href=\"#\" class=\"cycloneslider-prev\"> <span class=\"arrow\"><\/span> <\/a> <a href=\"#\" class=\"cycloneslider-next\"> <span class=\"arrow\"><\/span> <\/a> <\/div>\n<div tabindex=\"0\" class=\"cycloneslider cycloneslider-template-standard cycloneslider-width-responsive\" id=\"cycloneslider-formul-sl05-35\" style=\"max-width:900px\" > <div class=\"cycloneslider-slides cycle-slideshow\" data-cycle-allow-wrap=\"true\" data-cycle-dynamic-height=\"off\" data-cycle-auto-height=\"900:360\" data-cycle-auto-height-easing=\"null\" data-cycle-auto-height-speed=\"250\" data-cycle-delay=\"0\" data-cycle-easing=\"\" data-cycle-fx=\"fade\" data-cycle-hide-non-active=\"true\" data-cycle-log=\"false\" data-cycle-next=\"#cycloneslider-formul-sl05-35 .cycloneslider-next\" data-cycle-pager=\"#cycloneslider-formul-sl05-35 .cycloneslider-pager\" data-cycle-pause-on-hover=\"true\" data-cycle-prev=\"#cycloneslider-formul-sl05-35 .cycloneslider-prev\" data-cycle-slides=\"&gt; div\" data-cycle-speed=\"1000\" data-cycle-swipe=\"1\" data-cycle-tile-count=\"7\" data-cycle-tile-delay=\"100\" data-cycle-tile-vertical=\"true\" data-cycle-timeout=\"4000\" > <div class=\"cycloneslider-slide cycloneslider-slide-image\" > <img decoding=\"async\" src=\"https:\/\/www.navattagroup.com\/wp-content\/uploads\/2014\/10\/NGMformulate15.jpg\" alt=\"\" title=\"\" \/> <\/div> <div class=\"cycloneslider-slide cycloneslider-slide-image\" > <img decoding=\"async\" src=\"https:\/\/www.navattagroup.com\/wp-content\/uploads\/2014\/10\/NGMformulate16.jpg\" alt=\"\" title=\"\" \/> <\/div> <div class=\"cycloneslider-slide cycloneslider-slide-image\" > <img decoding=\"async\" src=\"https:\/\/www.navattagroup.com\/wp-content\/uploads\/2014\/10\/NGMformulate14.jpg\" alt=\"\" title=\"\" \/> <\/div> <div class=\"cycloneslider-slide cycloneslider-slide-image\" > <img decoding=\"async\" src=\"https:\/\/www.navattagroup.com\/wp-content\/uploads\/2015\/01\/NGMformulate17.jpg\" alt=\"\" title=\"\" \/> <\/div> <\/div> <div class=\"cycloneslider-pager\"><\/div> <a href=\"#\" class=\"cycloneslider-prev\"> <span class=\"arrow\"><\/span> <\/a> <a href=\"#\" class=\"cycloneslider-next\"> <span class=\"arrow\"><\/span> <\/a> <\/div>\n<div tabindex=\"0\" class=\"cycloneslider cycloneslider-template-standard cycloneslider-width-responsive\" id=\"cycloneslider-formul-sl01-36\" style=\"max-width:900px\" > <div class=\"cycloneslider-slides cycle-slideshow\" data-cycle-allow-wrap=\"true\" data-cycle-dynamic-height=\"off\" data-cycle-auto-height=\"900:360\" data-cycle-auto-height-easing=\"null\" data-cycle-auto-height-speed=\"250\" data-cycle-delay=\"0\" data-cycle-easing=\"\" data-cycle-fx=\"fade\" data-cycle-hide-non-active=\"true\" data-cycle-log=\"false\" data-cycle-next=\"#cycloneslider-formul-sl01-36 .cycloneslider-next\" data-cycle-pager=\"#cycloneslider-formul-sl01-36 .cycloneslider-pager\" data-cycle-pause-on-hover=\"true\" data-cycle-prev=\"#cycloneslider-formul-sl01-36 .cycloneslider-prev\" data-cycle-slides=\"&gt; div\" data-cycle-speed=\"1000\" data-cycle-swipe=\"1\" data-cycle-tile-count=\"7\" data-cycle-tile-delay=\"100\" data-cycle-tile-vertical=\"true\" data-cycle-timeout=\"4000\" > <div class=\"cycloneslider-slide cycloneslider-slide-image\" > <img decoding=\"async\" src=\"https:\/\/www.navattagroup.com\/wp-content\/uploads\/2014\/09\/NGMformulate03.jpg\" alt=\"\" title=\"\" \/> <\/div> <div class=\"cycloneslider-slide cycloneslider-slide-image\" > <img decoding=\"async\" src=\"https:\/\/www.navattagroup.com\/wp-content\/uploads\/2014\/09\/NGMformulate01.jpg\" alt=\"\" title=\"\" \/> <\/div> <div class=\"cycloneslider-slide cycloneslider-slide-image\" > <img decoding=\"async\" src=\"https:\/\/www.navattagroup.com\/wp-content\/uploads\/2014\/09\/NGMformulate02.jpg\" alt=\"\" title=\"\" \/> <\/div> <\/div> <div class=\"cycloneslider-pager\"><\/div> <a href=\"#\" class=\"cycloneslider-prev\"> <span class=\"arrow\"><\/span> <\/a> <a href=\"#\" class=\"cycloneslider-next\"> <span class=\"arrow\"><\/span> <\/a> <\/div>\n<p>[\/et_pb_text][\/et_pb_column][\/et_pb_row][\/et_pb_section]<\/p>","protected":false},"excerpt":{"rendered":"<p>[et_pb_section admin_label=&#8221;section&#8221;][et_pb_row admin_label=&#8221;row&#8221;][et_pb_column type=&#8221;4_4&#8243;][et_pb_text admin_label=&#8221;Texto&#8221; background_layout=&#8221;light&#8221; text_orientation=&#8221;left&#8221; use_border_color=&#8221;off&#8221; border_color=&#8221;#ffffff&#8221; border_style=&#8221;solid&#8221;] PRODUTOS FORMULADOS Instala\u00e7\u00f5es industriais para o processamento de produtos especiais como n\u00e9ctares, sucos, gel\u00e9ias com peda\u00e7os de fruta, produtos para iogurte, doces ou sorvete com alto percentual de frutas em peda\u00e7os, produtos irregulares com ou sem molhos, compotas, conservas, doces, ketchup , molhos, comida para [&hellip;]<\/p>\n","protected":false},"author":2,"featured_media":0,"parent":0,"menu_order":0,"comment_status":"closed","ping_status":"closed","template":"","meta":{"_et_pb_use_builder":"on","_et_pb_old_content":"<h3>FORMULATI<\/h3><p>Impianti industriali per la produzione di prodotti formulati quali nettari speciali, smoothies, confetture con pezzi di frutta, prodotti per yoghurt o per pasticceria o per gelati con alte percentuali di frutta in pezzi, ketchup, salse con o senza prodotti in pezzi, sughi, marmellate, canditi, ketchup, baby food, ecc. partendo dal ricevimento, trattamento e preparazione degli ingredienti, il loro dosaggio in automatico, miscelazione e stabilizzazione meccanica e termica fino al loro confezionamento finale in ogni tipo di contenitori rigidi e flessibili, riempimenti in asettico, riempimenti in mini tanks asettici.<\/p><p>[cycloneslider id=\"formul-sl02\"]<\/p><p>[cycloneslider id=\"formul-sl03\"]<\/p><p>[cycloneslider id=\"formul-sl04\"]<\/p><p>[cycloneslider id=\"formul-sl05\"]<\/p><p>[cycloneslider id=\"formul-sl01\"]<\/p>","_et_gb_content_width":"","_monsterinsights_skip_tracking":false,"_monsterinsights_sitenote_active":false,"_monsterinsights_sitenote_note":"","_monsterinsights_sitenote_category":0,"footnotes":""},"_links":{"self":[{"href":"https:\/\/www.navattagroup.com\/pt\/wp-json\/wp\/v2\/pages\/1702"}],"collection":[{"href":"https:\/\/www.navattagroup.com\/pt\/wp-json\/wp\/v2\/pages"}],"about":[{"href":"https:\/\/www.navattagroup.com\/pt\/wp-json\/wp\/v2\/types\/page"}],"author":[{"embeddable":true,"href":"https:\/\/www.navattagroup.com\/pt\/wp-json\/wp\/v2\/users\/2"}],"replies":[{"embeddable":true,"href":"https:\/\/www.navattagroup.com\/pt\/wp-json\/wp\/v2\/comments?post=1702"}],"version-history":[{"count":18,"href":"https:\/\/www.navattagroup.com\/pt\/wp-json\/wp\/v2\/pages\/1702\/revisions"}],"predecessor-version":[{"id":2430,"href":"https:\/\/www.navattagroup.com\/pt\/wp-json\/wp\/v2\/pages\/1702\/revisions\/2430"}],"wp:attachment":[{"href":"https:\/\/www.navattagroup.com\/pt\/wp-json\/wp\/v2\/media?parent=1702"}],"curies":[{"name":"wp","href":"https:\/\/api.w.org\/{rel}","templated":true}]}}