{"id":33,"date":"2013-06-11T09:59:54","date_gmt":"2013-06-11T08:59:54","guid":{"rendered":"http:\/\/www.navattagroup.com\/?page_id=33"},"modified":"2016-02-23T00:57:37","modified_gmt":"2016-02-22T23:57:37","slug":"mova","status":"publish","type":"page","link":"https:\/\/www.navattagroup.com\/pt\/the-group\/mova\/","title":{"rendered":"MOVA"},"content":{"rendered":"<p><\/p>\n<h2><a href=\"http:\/\/www.navattagroup.com\/wp-content\/uploads\/2013\/06\/logo600-MOVA.png\"><img loading=\"lazy\" decoding=\"async\" class=\"aligncenter  wp-image-1297\" src=\"http:\/\/www.navattagroup.com\/wp-content\/uploads\/2013\/06\/logo600-MOVA.png\" alt=\"logo600-MOVA\" width=\"360\" height=\"124\" srcset=\"https:\/\/www.navattagroup.com\/wp-content\/uploads\/2013\/06\/logo600-MOVA.png 600w, https:\/\/www.navattagroup.com\/wp-content\/uploads\/2013\/06\/logo600-MOVA-300x103.png 300w\" sizes=\"(max-width: 360px) 100vw, 360px\" \/><\/a><\/h2>\n<p>A empresa <strong>MOVA<\/strong> foi fundada em 1952 por Sergio Morandi que come\u00e7ou seu pr\u00f3prio neg\u00f3cio como um fabricante terceirizado para ind\u00fastrias de alimentos.<\/p>\n<p>Uma vez adquirida a experi\u00eancia necess\u00e1ria no ramo, a empresa MOVA promoveu, desde os anos sessenta, a produ\u00e7\u00e3o de equipamentos para o esvaziamento autom\u00e1tico de embalagens de grande volume, at\u00e9 alcan\u00e7ar os atuais sistemas rob\u00f3ticos para tambores ou e bins, e paletizadores Depal, assim como sistemas de lavagem de embalagens industriais, sistemas de packing house para frutas e legumes frescos, linhas de processamento de c\u00edtricos.<\/p>\n<p>Nos \u00faltimos anos, a<strong> MOVA<\/strong> conseguiu criar um mercado cativo no territ\u00f3rio nacional, europeu e internacional.<\/p>\n<p>A <strong>MOVA<\/strong> faz parte do Grupo <strong>NAVATTA<\/strong> desde 2010.<\/p>","protected":false},"excerpt":{"rendered":"<p>A empresa MOVA foi fundada em 1952 por Sergio Morandi que come\u00e7ou seu pr\u00f3prio neg\u00f3cio como um fabricante terceirizado para ind\u00fastrias de alimentos. Uma vez adquirida a experi\u00eancia necess\u00e1ria no ramo, a empresa MOVA promoveu, desde os anos sessenta, a produ\u00e7\u00e3o de equipamentos para o esvaziamento autom\u00e1tico de embalagens de grande volume, at\u00e9 alcan\u00e7ar os [&hellip;]<\/p>\n","protected":false},"author":2,"featured_media":0,"parent":12,"menu_order":1,"comment_status":"closed","ping_status":"closed","template":"","meta":{"_et_pb_use_builder":"","_et_pb_old_content":"","_et_gb_content_width":"","_monsterinsights_skip_tracking":false,"_monsterinsights_sitenote_active":false,"_monsterinsights_sitenote_note":"","_monsterinsights_sitenote_category":0,"footnotes":""},"_links":{"self":[{"href":"https:\/\/www.navattagroup.com\/pt\/wp-json\/wp\/v2\/pages\/33"}],"collection":[{"href":"https:\/\/www.navattagroup.com\/pt\/wp-json\/wp\/v2\/pages"}],"about":[{"href":"https:\/\/www.navattagroup.com\/pt\/wp-json\/wp\/v2\/types\/page"}],"author":[{"embeddable":true,"href":"https:\/\/www.navattagroup.com\/pt\/wp-json\/wp\/v2\/users\/2"}],"replies":[{"embeddable":true,"href":"https:\/\/www.navattagroup.com\/pt\/wp-json\/wp\/v2\/comments?post=33"}],"version-history":[{"count":4,"href":"https:\/\/www.navattagroup.com\/pt\/wp-json\/wp\/v2\/pages\/33\/revisions"}],"predecessor-version":[{"id":2119,"href":"https:\/\/www.navattagroup.com\/pt\/wp-json\/wp\/v2\/pages\/33\/revisions\/2119"}],"up":[{"embeddable":true,"href":"https:\/\/www.navattagroup.com\/pt\/wp-json\/wp\/v2\/pages\/12"}],"wp:attachment":[{"href":"https:\/\/www.navattagroup.com\/pt\/wp-json\/wp\/v2\/media?parent=33"}],"curies":[{"name":"wp","href":"https:\/\/api.w.org\/{rel}","templated":true}]}}