{"id":347,"date":"2013-06-19T14:59:38","date_gmt":"2013-06-19T13:59:38","guid":{"rendered":"http:\/\/www.navattagroup.com\/?page_id=347"},"modified":"2017-07-06T14:55:18","modified_gmt":"2017-07-06T13:55:18","slug":"aseptic-equalization","status":"publish","type":"page","link":"https:\/\/www.navattagroup.com\/pt\/aseptic-equalization\/","title":{"rendered":"Ass\u00e9ptico"},"content":{"rendered":"<p>[et_pb_section bb_built=&#8221;1&#8243; fullwidth=&#8221;on&#8221; specialty=&#8221;off&#8221; _builder_version=&#8221;3.0.55&#8243;][et_pb_fullwidth_image src=&#8221;http:\/\/www.navattagroup.com\/wp-content\/uploads\/2013\/06\/asettico_navatta.jpg&#8221; alt=&#8221;Asettico &#8211; Aseptic&#8221; show_in_lightbox=&#8221;off&#8221; url_new_window=&#8221;off&#8221; use_overlay=&#8221;off&#8221; animation=&#8221;left&#8221; use_border_color=&#8221;off&#8221; border_color=&#8221;#ffffff&#8221; border_style=&#8221;solid&#8221; \/][\/et_pb_section][et_pb_section bb_built=&#8221;1&#8243;][et_pb_row][et_pb_column type=&#8221;4_4&#8243;][et_pb_text _builder_version=&#8221;3.0.55&#8243; background_layout=&#8221;light&#8221; text_orientation=&#8221;left&#8221; border_style=&#8221;solid&#8221;]<\/p>\n<h3>DIVIS\u00c3O DE ENCHIMENTO ASS\u00c9PTICO<\/h3>\n<p>A <strong>divis\u00e3o de enchimento ass\u00e9ptico da NAVATTA<\/strong> \u00e9 a &#8220;\u00faltima aquisi\u00e7\u00e3o&#8221; nesta \u00e1rea, mas todas as m\u00e1quinas que fabricamos s\u00e3o resultado de d\u00e9cadas de experi\u00eancia na \u00e1rea de envase ass\u00e9ptico. Os principais produtos s\u00e3o:<\/p>\n<ul>\n<li><strong>Enchimento Ass\u00e9ptico MOD. AF2PD para Tambores paletizados, BIN-IN-BOX \/ e gal\u00f5es de GRG 1.000 a 1.500<br \/>\n<\/strong><\/li>\n<li><strong>Enchimento ass\u00e9ptico autom\u00e1tico modelo AF1WB para produtos de baixo teor de acidez embalados em sacos pequenos de 3 A 20 litros.<br \/>\n<\/strong><\/li>\n<li><strong>SISTEMA ALINHAMENTO AES-3T<\/strong> Para pur\u00eas e sucos de frutas<\/li>\n<\/ul>\n<p>\n\t\t<div class='et-image-slider et_sliderfx_fade et_sliderauto_true et_sliderauto_speed_4000 et_slidertype_images'>\n\t\t\t<div class='et-image-slides'>\n\t\t\t\t<div class='et-tabs-content-wrapper'>\n\t\t\t\t\t<div class='et_slidecontent et-image-slide'><img loading=\"lazy\" decoding=\"async\" src=\"http:\/\/www.navattagroup.com\/wp-content\/uploads\/E_CALIPSO.jpg\" alt=\"\" width=\"600\" height=\"300\" \/><span class='et-image-overlay'> <\/span><\/div>\n\n\t\t<div class='et_slidecontent et-image-slide'><img loading=\"lazy\" decoding=\"async\" src=\"http:\/\/www.navattagroup.com\/wp-content\/uploads\/F_RIEMP_DOPPIA_MOBILE_CON.jpg\" alt=\"\" width=\"600\" height=\"300\" \/><span class='et-image-overlay'> <\/span><\/div>\n\n\t\t<div class='et_slidecontent et-image-slide'><img loading=\"lazy\" decoding=\"async\" src=\"http:\/\/www.navattagroup.com\/wp-content\/uploads\/2014\/01\/aseptslide03.jpg\" alt=\"\" width=\"600\" height=\"300\" srcset=\"https:\/\/www.navattagroup.com\/wp-content\/uploads\/2014\/01\/aseptslide03.jpg 600w, https:\/\/www.navattagroup.com\/wp-content\/uploads\/2014\/01\/aseptslide03-300x150.jpg 300w\" sizes=\"(max-width: 600px) 100vw, 600px\" \/><span class='et-image-overlay'> <\/span><\/div>\n\n\t\t<div class='et_slidecontent et-image-slide'><img loading=\"lazy\" decoding=\"async\" src=\"http:\/\/www.navattagroup.com\/wp-content\/uploads\/B_STERILIZZ-FLORIDA_da_dx.jpg\" alt=\"\" width=\"600\" height=\"300\" \/><span class='et-image-overlay'> <\/span><\/div>\n\n\t\t<div class='et_slidecontent et-image-slide'><img loading=\"lazy\" decoding=\"async\" src=\"http:\/\/www.navattagroup.com\/wp-content\/uploads\/C_RISPOLI.jpg\" alt=\"\" width=\"600\" height=\"300\" \/><span class='et-image-overlay'> <\/span><\/div>\n\n\t\t<div class='et_slidecontent et-image-slide'><img loading=\"lazy\" decoding=\"async\" src=\"http:\/\/www.navattagroup.com\/wp-content\/uploads\/D_PARTICOLARE_RISPOLI.jpg\" alt=\"\" width=\"600\" height=\"300\" \/><span class='et-image-overlay'> <\/span><\/div>\n\t\t<div class='et_slidecontent et-image-slide'><img loading=\"lazy\" decoding=\"async\" src=\"http:\/\/www.navattagroup.com\/wp-content\/uploads\/2014\/01\/aseptslide00.jpg\" alt=\"\" width=\"600\" height=\"300\" srcset=\"https:\/\/www.navattagroup.com\/wp-content\/uploads\/2014\/01\/aseptslide00.jpg 600w, https:\/\/www.navattagroup.com\/wp-content\/uploads\/2014\/01\/aseptslide00-300x150.jpg 300w\" sizes=\"(max-width: 600px) 100vw, 600px\" \/><span class='et-image-overlay'> <\/span><\/div>\n\n\t\t<div class='et_slidecontent et-image-slide'><img loading=\"lazy\" decoding=\"async\" src=\"http:\/\/www.navattagroup.com\/wp-content\/uploads\/2014\/01\/aseptslide01.jpg\" alt=\"\" width=\"600\" height=\"300\" srcset=\"https:\/\/www.navattagroup.com\/wp-content\/uploads\/2014\/01\/aseptslide01.jpg 600w, https:\/\/www.navattagroup.com\/wp-content\/uploads\/2014\/01\/aseptslide01-300x150.jpg 300w\" sizes=\"(max-width: 600px) 100vw, 600px\" \/><span class='et-image-overlay'> <\/span><\/div>\n\n\t\t<div class='et_slidecontent et-image-slide'><img loading=\"lazy\" decoding=\"async\" src=\"http:\/\/www.navattagroup.com\/wp-content\/uploads\/2014\/01\/aseptslide02.jpg\" alt=\"\" width=\"600\" height=\"300\" srcset=\"https:\/\/www.navattagroup.com\/wp-content\/uploads\/2014\/01\/aseptslide02.jpg 600w, https:\/\/www.navattagroup.com\/wp-content\/uploads\/2014\/01\/aseptslide02-300x150.jpg 300w\" sizes=\"(max-width: 600px) 100vw, 600px\" \/><span class='et-image-overlay'> <\/span><\/div>\n\t\t\t\t<\/div>\n\t\t\t<\/div>\n\t\t<\/div> <!-- .et-image-slider -->\n\t\t<br \/>\n<div tabindex=\"0\" class=\"cycloneslider cycloneslider-template-standard cycloneslider-width-responsive\" id=\"cycloneslider-asept-sl02-11\" style=\"max-width:900px\" > <div class=\"cycloneslider-slides cycle-slideshow\" data-cycle-allow-wrap=\"true\" data-cycle-dynamic-height=\"off\" data-cycle-auto-height=\"900:360\" data-cycle-auto-height-easing=\"null\" data-cycle-auto-height-speed=\"250\" data-cycle-delay=\"0\" data-cycle-easing=\"\" data-cycle-fx=\"fadeout\" data-cycle-hide-non-active=\"true\" data-cycle-log=\"false\" data-cycle-next=\"#cycloneslider-asept-sl02-11 .cycloneslider-next\" data-cycle-pager=\"#cycloneslider-asept-sl02-11 .cycloneslider-pager\" data-cycle-pause-on-hover=\"true\" data-cycle-prev=\"#cycloneslider-asept-sl02-11 .cycloneslider-prev\" data-cycle-slides=\"&gt; div\" data-cycle-speed=\"1000\" data-cycle-swipe=\"1\" data-cycle-tile-count=\"7\" data-cycle-tile-delay=\"100\" data-cycle-tile-vertical=\"true\" data-cycle-timeout=\"4500\" > <div class=\"cycloneslider-slide cycloneslider-slide-image\" > <img decoding=\"async\" src=\"https:\/\/www.navattagroup.com\/wp-content\/uploads\/Aseptic-Transfer-Group-from-minitank-to-aseptic-filler-mod.-AF1SD-900x360.jpg\" alt=\"\" title=\"\" \/> <div class=\"cycloneslider-caption\"> <div class=\"cycloneslider-caption-title\"><\/div> <div class=\"cycloneslider-caption-description\">Aseptic Transfer Group from minitank to aseptic filler mod. AF1SD<\/div> <\/div> <\/div> <div class=\"cycloneslider-slide cycloneslider-slide-image\" > <img decoding=\"async\" src=\"https:\/\/www.navattagroup.com\/wp-content\/uploads\/2015\/07\/NGasepticX01.jpg\" alt=\"\" title=\"\" \/> <div class=\"cycloneslider-caption\"> <div class=\"cycloneslider-caption-title\"><\/div> <div class=\"cycloneslider-caption-description\">Single head aseptic filler for palletized drums + Aseptic sterilizer<\/div> <\/div> <\/div> <div class=\"cycloneslider-slide cycloneslider-slide-image\" > <img decoding=\"async\" src=\"https:\/\/www.navattagroup.com\/wp-content\/uploads\/2015\/07\/NGasepticX02.jpg\" alt=\"\" title=\"\" \/> <div class=\"cycloneslider-caption\"> <div class=\"cycloneslider-caption-title\"><\/div> <div class=\"cycloneslider-caption-description\">Web - automatic filler and cartooning + Double head aseptic filler for palletized drums<\/div> <\/div> <\/div> <div class=\"cycloneslider-slide cycloneslider-slide-image\" > <img decoding=\"async\" src=\"https:\/\/www.navattagroup.com\/wp-content\/uploads\/2015\/07\/NGasepticX03.jpg\" alt=\"\" title=\"\" \/> <div class=\"cycloneslider-caption\"> <div class=\"cycloneslider-caption-title\"><\/div> <div class=\"cycloneslider-caption-description\">Aseptic sterilizer - cooler and double head aseptic filler single drum 3000 kg-h tomato concentrate-3000 kg-h mango natural puree <\/div> <\/div> <\/div> <div class=\"cycloneslider-slide cycloneslider-slide-image\" > <img decoding=\"async\" src=\"https:\/\/www.navattagroup.com\/wp-content\/uploads\/2015\/07\/NGasepticX04.jpg\" alt=\"\" title=\"\" \/> <div class=\"cycloneslider-caption\"> <div class=\"cycloneslider-caption-title\"><\/div> <div class=\"cycloneslider-caption-description\">Double head aseptic filler for single drum + Aseptic monoblock with sterilizer- cooler and single head aseptic filler with tank<\/div> <\/div> <\/div> <\/div> <div class=\"cycloneslider-pager\"><\/div> <a href=\"#\" class=\"cycloneslider-prev\"> <span class=\"arrow\"><\/span> <\/a> <a href=\"#\" class=\"cycloneslider-next\"> <span class=\"arrow\"><\/span> <\/a> <\/div><div tabindex=\"0\" class=\"cycloneslider cycloneslider-template-standard cycloneslider-width-responsive\" id=\"cycloneslider-asept-sl01-12\" style=\"max-width:900px\" > <div class=\"cycloneslider-slides cycle-slideshow\" data-cycle-allow-wrap=\"true\" data-cycle-dynamic-height=\"off\" data-cycle-auto-height=\"900:360\" data-cycle-auto-height-easing=\"null\" data-cycle-auto-height-speed=\"250\" data-cycle-delay=\"0\" data-cycle-easing=\"\" data-cycle-fx=\"fadeout\" data-cycle-hide-non-active=\"true\" data-cycle-log=\"false\" data-cycle-next=\"#cycloneslider-asept-sl01-12 .cycloneslider-next\" data-cycle-pager=\"#cycloneslider-asept-sl01-12 .cycloneslider-pager\" data-cycle-pause-on-hover=\"true\" data-cycle-prev=\"#cycloneslider-asept-sl01-12 .cycloneslider-prev\" data-cycle-slides=\"&gt; div\" data-cycle-speed=\"1000\" data-cycle-swipe=\"1\" data-cycle-tile-count=\"7\" data-cycle-tile-delay=\"100\" data-cycle-tile-vertical=\"true\" data-cycle-timeout=\"4000\" > <div class=\"cycloneslider-slide cycloneslider-slide-image\" > <img decoding=\"async\" src=\"https:\/\/www.navattagroup.com\/wp-content\/uploads\/6-San-Gabriele-riempitrice-doppia-testa-900x360.jpg\" alt=\"\" title=\"\" \/> <div class=\"cycloneslider-caption\"> <div class=\"cycloneslider-caption-title\"><\/div> <div class=\"cycloneslider-caption-description\">Double head aseptic filler mod. AF2PD for palletized 220 l drum, + automatic loading system for bags 200-20-10-5-3 kg , bin in box 1000 l + cip system<\/div> <\/div> <\/div> <div class=\"cycloneslider-slide cycloneslider-slide-image\" > <img decoding=\"async\" src=\"https:\/\/www.navattagroup.com\/wp-content\/uploads\/7-Riempitrice-asettica-singola-testa-AF1SD-S.C.-Natura-Romania-scaled-900x360.jpg\" alt=\"\" title=\"\" \/> <\/div> <div class=\"cycloneslider-slide cycloneslider-slide-image\" > <img decoding=\"async\" src=\"https:\/\/www.navattagroup.com\/wp-content\/uploads\/2014\/09\/NGMaseptic011.jpg\" alt=\"\" title=\"\" \/> <div class=\"cycloneslider-caption\"> <div class=\"cycloneslider-caption-title\"><\/div> <div class=\"cycloneslider-caption-description\">Fillers<\/div> <\/div> <\/div> <div class=\"cycloneslider-slide cycloneslider-slide-image\" > <img decoding=\"async\" src=\"https:\/\/www.navattagroup.com\/wp-content\/uploads\/2014\/09\/NGMaseptic021.jpg\" alt=\"\" title=\"\" \/> <div class=\"cycloneslider-caption\"> <div class=\"cycloneslider-caption-title\"><\/div> <div class=\"cycloneslider-caption-description\">Fillers<\/div> <\/div> <\/div> <div class=\"cycloneslider-slide cycloneslider-slide-image\" > <img decoding=\"async\" src=\"https:\/\/www.navattagroup.com\/wp-content\/uploads\/2014\/09\/NGMaseptic03.jpg\" alt=\"\" title=\"\" \/> <div class=\"cycloneslider-caption\"> <div class=\"cycloneslider-caption-title\"><\/div> <div class=\"cycloneslider-caption-description\">Fillers<\/div> <\/div> <\/div> <div class=\"cycloneslider-slide cycloneslider-slide-image\" > <img decoding=\"async\" src=\"https:\/\/www.navattagroup.com\/wp-content\/uploads\/2014\/09\/NGMaseptic04.jpg\" alt=\"\" title=\"\" \/> <div class=\"cycloneslider-caption\"> <div class=\"cycloneslider-caption-title\"><\/div> <div class=\"cycloneslider-caption-description\">Fillers<\/div> <\/div> <\/div> <div class=\"cycloneslider-slide cycloneslider-slide-image\" > <img decoding=\"async\" src=\"https:\/\/www.navattagroup.com\/wp-content\/uploads\/2014\/09\/NGMaseptic051.jpg\" alt=\"\" title=\"\" \/> <div class=\"cycloneslider-caption\"> <div class=\"cycloneslider-caption-title\"><\/div> <div class=\"cycloneslider-caption-description\">Fillers<\/div> <\/div> <\/div> <div class=\"cycloneslider-slide cycloneslider-slide-image\" > <img decoding=\"async\" src=\"https:\/\/www.navattagroup.com\/wp-content\/uploads\/2014\/09\/NGMaseptic06.jpg\" alt=\"\" title=\"\" \/> <div class=\"cycloneslider-caption\"> <div class=\"cycloneslider-caption-title\"><\/div> <div class=\"cycloneslider-caption-description\">Sterilizer<\/div> <\/div> <\/div> <div class=\"cycloneslider-slide cycloneslider-slide-image\" > <img decoding=\"async\" src=\"https:\/\/www.navattagroup.com\/wp-content\/uploads\/2015\/01\/NGMaseptic07.jpg\" alt=\"\" title=\"\" \/> <div class=\"cycloneslider-caption\"> <div class=\"cycloneslider-caption-title\"><\/div> <div class=\"cycloneslider-caption-description\">Drum and web filler<\/div> <\/div> <\/div> <\/div> <div class=\"cycloneslider-pager\"><\/div> <a href=\"#\" class=\"cycloneslider-prev\"> <span class=\"arrow\"><\/span> <\/a> <a href=\"#\" class=\"cycloneslider-next\"> <span class=\"arrow\"><\/span> <\/a> <\/div><\/p>\n<p>[\/et_pb_text][\/et_pb_column][\/et_pb_row][\/et_pb_section]<\/p>","protected":false},"excerpt":{"rendered":"<p>[et_pb_section bb_built=&#8221;1&#8243; fullwidth=&#8221;on&#8221; specialty=&#8221;off&#8221; _builder_version=&#8221;3.0.55&#8243;][et_pb_fullwidth_image src=&#8221;http:\/\/www.navattagroup.com\/wp-content\/uploads\/2013\/06\/asettico_navatta.jpg&#8221; alt=&#8221;Asettico &#8211; Aseptic&#8221; show_in_lightbox=&#8221;off&#8221; url_new_window=&#8221;off&#8221; use_overlay=&#8221;off&#8221; animation=&#8221;left&#8221; use_border_color=&#8221;off&#8221; border_color=&#8221;#ffffff&#8221; border_style=&#8221;solid&#8221; \/][\/et_pb_section][et_pb_section bb_built=&#8221;1&#8243;][et_pb_row][et_pb_column type=&#8221;4_4&#8243;][et_pb_text _builder_version=&#8221;3.0.55&#8243; background_layout=&#8221;light&#8221; text_orientation=&#8221;left&#8221; border_style=&#8221;solid&#8221;] DIVIS\u00c3O DE ENCHIMENTO ASS\u00c9PTICO A divis\u00e3o de enchimento ass\u00e9ptico da NAVATTA \u00e9 a &#8220;\u00faltima aquisi\u00e7\u00e3o&#8221; nesta \u00e1rea, mas todas as m\u00e1quinas que fabricamos s\u00e3o resultado de d\u00e9cadas de experi\u00eancia na \u00e1rea de [&hellip;]<\/p>\n","protected":false},"author":2,"featured_media":0,"parent":0,"menu_order":0,"comment_status":"closed","ping_status":"closed","template":"","meta":{"_et_pb_use_builder":"on","_et_pb_old_content":"","_et_gb_content_width":"","_monsterinsights_skip_tracking":false,"_monsterinsights_sitenote_active":false,"_monsterinsights_sitenote_note":"","_monsterinsights_sitenote_category":0,"footnotes":""},"_links":{"self":[{"href":"https:\/\/www.navattagroup.com\/pt\/wp-json\/wp\/v2\/pages\/347"}],"collection":[{"href":"https:\/\/www.navattagroup.com\/pt\/wp-json\/wp\/v2\/pages"}],"about":[{"href":"https:\/\/www.navattagroup.com\/pt\/wp-json\/wp\/v2\/types\/page"}],"author":[{"embeddable":true,"href":"https:\/\/www.navattagroup.com\/pt\/wp-json\/wp\/v2\/users\/2"}],"replies":[{"embeddable":true,"href":"https:\/\/www.navattagroup.com\/pt\/wp-json\/wp\/v2\/comments?post=347"}],"version-history":[{"count":12,"href":"https:\/\/www.navattagroup.com\/pt\/wp-json\/wp\/v2\/pages\/347\/revisions"}],"predecessor-version":[{"id":2574,"href":"https:\/\/www.navattagroup.com\/pt\/wp-json\/wp\/v2\/pages\/347\/revisions\/2574"}],"wp:attachment":[{"href":"https:\/\/www.navattagroup.com\/pt\/wp-json\/wp\/v2\/media?parent=347"}],"curies":[{"name":"wp","href":"https:\/\/api.w.org\/{rel}","templated":true}]}}