{"id":350,"date":"2013-06-19T15:03:31","date_gmt":"2013-06-19T14:03:31","guid":{"rendered":"http:\/\/www.navattagroup.com\/?page_id=350"},"modified":"2017-06-17T12:41:09","modified_gmt":"2017-06-17T11:41:09","slug":"pilot-processing-plants","status":"publish","type":"page","link":"https:\/\/www.navattagroup.com\/pt\/pilot-processing-plants\/","title":{"rendered":"Planta Piloto"},"content":{"rendered":"<p><\/p>\n<h3>PLANTA PILOTO<\/h3>\n<p>Para permitir que o cliente possa testar a efic\u00e1cia de nossas linhas, temos v\u00e1rias m\u00e1quinas de planta piloto que s\u00e3o alugadas para testar suas caracter\u00edsticas.<br \/>\nEm v\u00e1rios casos, no entanto, produzimos plantas piloto para clientes finais que as utilizam para o desenvolvimento de novos produtos, no caso de plantas industriais de alta capacidade de trabalho, ou para pequenas centrais de equipamentos artesanais.<br \/>\nN\u00e3o h\u00e1 praticamente nenhuma planta que n\u00e3o possa ser fabricada para capacidades menores. As mais comuns s\u00e3o:<\/p>\n<ul>\n<li>Tanques de concentra\u00e7\u00e3o com D400mm ou 500 mm,<\/li>\n<li>Autoclave diam. 750 mil\u00edmetros<\/li>\n<li>Evaporador Rotary-Coil com Di\u00e2metro de 500 mm<\/li>\n<li>Trocadores de calor<\/li>\n<\/ul>\n<p>Em todos os casos, a automa\u00e7\u00e3o pode come\u00e7ar desde os processos mais simples at\u00e9 auqelas que s\u00e3o capazes de replicar exatamente todos equipamentos com a utiliza\u00e7\u00e3o de PLC industrial e PC com sistemas \u201ctouch screen\u201d.<\/p>\n<p>\n\t\t<div class='et-image-slider et_sliderfx_fade et_sliderauto_true et_sliderauto_speed_4000 et_slidertype_images'>\n\t\t\t<div class='et-image-slides'>\n\t\t\t\t<div class='et-tabs-content-wrapper'>\n\t\t\t\t\t<div class='et_slidecontent et-image-slide'><img loading=\"lazy\" decoding=\"async\" src=\"http:\/\/www.navattagroup.com\/wp-content\/uploads\/2014\/01\/pilotslide00.jpg\" alt=\"\" width=\"600\" height=\"300\" srcset=\"https:\/\/www.navattagroup.com\/wp-content\/uploads\/2014\/01\/pilotslide00.jpg 600w, https:\/\/www.navattagroup.com\/wp-content\/uploads\/2014\/01\/pilotslide00-300x150.jpg 300w\" sizes=\"(max-width: 600px) 100vw, 600px\" \/><span class='et-image-overlay'> <\/span><\/div>\n\n\t\t<div class='et_slidecontent et-image-slide'><img loading=\"lazy\" decoding=\"async\" src=\"http:\/\/www.navattagroup.com\/wp-content\/uploads\/2014\/01\/pilotslide01.jpg\" alt=\"\" width=\"600\" height=\"300\" srcset=\"https:\/\/www.navattagroup.com\/wp-content\/uploads\/2014\/01\/pilotslide01.jpg 600w, https:\/\/www.navattagroup.com\/wp-content\/uploads\/2014\/01\/pilotslide01-300x150.jpg 300w\" sizes=\"(max-width: 600px) 100vw, 600px\" \/><span class='et-image-overlay'> <\/span><\/div>\n\n\t\t<div class='et_slidecontent et-image-slide'><img loading=\"lazy\" decoding=\"async\" src=\"http:\/\/www.navattagroup.com\/wp-content\/uploads\/2014\/01\/pilotslide02.jpg\" alt=\"\" width=\"600\" height=\"300\" srcset=\"https:\/\/www.navattagroup.com\/wp-content\/uploads\/2014\/01\/pilotslide02.jpg 600w, https:\/\/www.navattagroup.com\/wp-content\/uploads\/2014\/01\/pilotslide02-300x150.jpg 300w\" sizes=\"(max-width: 600px) 100vw, 600px\" \/><span class='et-image-overlay'> <\/span><\/div>\n\n\t\t<div class='et_slidecontent et-image-slide'><img loading=\"lazy\" decoding=\"async\" src=\"http:\/\/www.navattagroup.com\/wp-content\/uploads\/2014\/01\/pilotslide03.jpg\" alt=\"\" width=\"600\" height=\"300\" srcset=\"https:\/\/www.navattagroup.com\/wp-content\/uploads\/2014\/01\/pilotslide03.jpg 600w, https:\/\/www.navattagroup.com\/wp-content\/uploads\/2014\/01\/pilotslide03-300x150.jpg 300w\" sizes=\"(max-width: 600px) 100vw, 600px\" \/><span class='et-image-overlay'> <\/span><\/div>\n\t\t\t\t<\/div>\n\t\t\t<\/div>\n\t\t<\/div> <!-- .et-image-slider -->\n\t\t<\/p>","protected":false},"excerpt":{"rendered":"<p>PLANTA PILOTO Para permitir que o cliente possa testar a efic\u00e1cia de nossas linhas, temos v\u00e1rias m\u00e1quinas de planta piloto que s\u00e3o alugadas para testar suas caracter\u00edsticas. Em v\u00e1rios casos, no entanto, produzimos plantas piloto para clientes finais que as utilizam para o desenvolvimento de novos produtos, no caso de plantas industriais de alta capacidade [&hellip;]<\/p>\n","protected":false},"author":2,"featured_media":0,"parent":0,"menu_order":0,"comment_status":"open","ping_status":"closed","template":"","meta":{"_et_pb_use_builder":"on","_et_pb_old_content":"<h3>IMPIANTI PILOTA<\/h3><p>Per permettere al Cliente di provare l\u2019efficacia dei nostri impianti, sono presenti in azienda diversi macchinari pilota che vengono ceduti in affitto in modo da testarne le caratteristiche. In diversi casi comunque si realizzano impianti pilota per il Cliente finale che li utilizza o per la messa a punto di nuovi prodotti, nel caso di impianti industriali ad elevata potenzialit\u00e0, oppure per piccole produzioni artigianali. Non esiste praticamente nessun impianto che non possa essere realizzato per piccole potenzialit\u00e0 ed i pi\u00f9 diffusi sono:<\/p><ul><li>Bolla di concentrazione D400mm o D600mm<\/li><li>Autoclave D750mm<\/li><li>Concentratore a serpentino D 500 mm<\/li><li>Scambiatore di calore<\/li><\/ul><p>In tutti i casi l\u2019automazione pu\u00f2 partire dai modelli pi\u00f9 semplici fino ad arrivare a replicare esattamente quella degli impianti industriali ovvero con PLC e PC con interfaccia touch-screen.<\/p><p>[tabs slidertype=\"images\" auto=\"yes\" autospeed=\"4000\"]<br \/> [imagetab width=\"600\" height=\"300\"]www.navattagroup.com\/wp-content\/uploads\/2014\/01\/pilotslide00.jpg[\/imagetab]<br \/> [imagetab width=\"600\" height=\"300\"]www.navattagroup.com\/wp-content\/uploads\/2014\/01\/pilotslide01.jpg[\/imagetab]<br \/> [imagetab width=\"600\" height=\"300\"]www.navattagroup.com\/wp-content\/uploads\/2014\/01\/pilotslide02.jpg[\/imagetab]<br \/> [imagetab width=\"600\" height=\"300\"]www.navattagroup.com\/wp-content\/uploads\/2014\/01\/pilotslide03.jpg[\/imagetab]<br \/> [\/tabs]<\/p>","_et_gb_content_width":"","_monsterinsights_skip_tracking":false,"_monsterinsights_sitenote_active":false,"_monsterinsights_sitenote_note":"","_monsterinsights_sitenote_category":0,"footnotes":""},"_links":{"self":[{"href":"https:\/\/www.navattagroup.com\/pt\/wp-json\/wp\/v2\/pages\/350"}],"collection":[{"href":"https:\/\/www.navattagroup.com\/pt\/wp-json\/wp\/v2\/pages"}],"about":[{"href":"https:\/\/www.navattagroup.com\/pt\/wp-json\/wp\/v2\/types\/page"}],"author":[{"embeddable":true,"href":"https:\/\/www.navattagroup.com\/pt\/wp-json\/wp\/v2\/users\/2"}],"replies":[{"embeddable":true,"href":"https:\/\/www.navattagroup.com\/pt\/wp-json\/wp\/v2\/comments?post=350"}],"version-history":[{"count":5,"href":"https:\/\/www.navattagroup.com\/pt\/wp-json\/wp\/v2\/pages\/350\/revisions"}],"predecessor-version":[{"id":2555,"href":"https:\/\/www.navattagroup.com\/pt\/wp-json\/wp\/v2\/pages\/350\/revisions\/2555"}],"wp:attachment":[{"href":"https:\/\/www.navattagroup.com\/pt\/wp-json\/wp\/v2\/media?parent=350"}],"curies":[{"name":"wp","href":"https:\/\/api.w.org\/{rel}","templated":true}]}}