{"id":357,"date":"2013-06-19T15:09:55","date_gmt":"2013-06-19T14:09:55","guid":{"rendered":"http:\/\/www.navattagroup.com\/?page_id=357"},"modified":"2016-04-01T02:42:17","modified_gmt":"2016-04-01T01:42:17","slug":"spare-parts","status":"publish","type":"page","link":"https:\/\/www.navattagroup.com\/pt\/spare-parts\/","title":{"rendered":"Pe\u00e7as de reposi\u00e7\u00e3o"},"content":{"rendered":"<p>[et_pb_section admin_label=&#8221;Sezione&#8221; fullwidth=&#8221;on&#8221; specialty=&#8221;off&#8221;][et_pb_fullwidth_image admin_label=&#8221;Immagine a Larghezza Intera&#8221; src=&#8221;http:\/\/www.navattagroup.com\/wp-content\/uploads\/2013\/06\/ricambi.jpg&#8221; alt=&#8221;ricambi &#8211; spare parts&#8221; show_in_lightbox=&#8221;off&#8221; url_new_window=&#8221;off&#8221; use_overlay=&#8221;off&#8221; animation=&#8221;left&#8221; use_border_color=&#8221;off&#8221; border_color=&#8221;#ffffff&#8221; border_style=&#8221;solid&#8221;] [\/et_pb_fullwidth_image][\/et_pb_section][et_pb_section admin_label=&#8221;section&#8221;][et_pb_row admin_label=&#8221;row&#8221;][et_pb_column type=&#8221;4_4&#8243;][et_pb_text admin_label=&#8221;Testo&#8221; background_layout=&#8221;light&#8221; text_orientation=&#8221;left&#8221; use_border_color=&#8221;off&#8221; border_color=&#8221;#ffffff&#8221; border_style=&#8221;solid&#8221;]<\/p>\n<p><strong>Navatta Group<br \/>\n<\/strong><\/p>\n<p>Via Sandro Pertini, 7<br \/>\n43013 Pilastro (Parma) Italy<br \/>\nTel. <span class=\"skype_c2c_print_container\">+39 0521 630322<\/span><br \/>\nFax. +39 0521 639093<br \/>\n<a href=\"mailto:info@navattagroup.com\">info@navattagroup.com<\/a><br \/>\nP.IVA 02199220340<br \/>\n___________________________<br \/>\nPEC<br \/>\n<a title=\"Posta Elettronica Certificata\" href=\"mailto:navatta@pec.it\" target=\"_blank\">navatta@pec.it<\/a><\/p>\n<p><span id=\"result_box\" class=\"short_text\" lang=\"pt\"><span class=\"\">\u00a0<\/span><\/span><\/p>\n<p>[\/et_pb_text][\/et_pb_column][\/et_pb_row][\/et_pb_section]<\/p>","protected":false},"excerpt":{"rendered":"<p>[et_pb_section admin_label=&#8221;Sezione&#8221; fullwidth=&#8221;on&#8221; specialty=&#8221;off&#8221;][et_pb_fullwidth_image admin_label=&#8221;Immagine a Larghezza Intera&#8221; src=&#8221;http:\/\/www.navattagroup.com\/wp-content\/uploads\/2013\/06\/ricambi.jpg&#8221; alt=&#8221;ricambi &#8211; spare parts&#8221; show_in_lightbox=&#8221;off&#8221; url_new_window=&#8221;off&#8221; use_overlay=&#8221;off&#8221; animation=&#8221;left&#8221; use_border_color=&#8221;off&#8221; border_color=&#8221;#ffffff&#8221; border_style=&#8221;solid&#8221;] [\/et_pb_fullwidth_image][\/et_pb_section][et_pb_section admin_label=&#8221;section&#8221;][et_pb_row admin_label=&#8221;row&#8221;][et_pb_column type=&#8221;4_4&#8243;][et_pb_text admin_label=&#8221;Testo&#8221; background_layout=&#8221;light&#8221; text_orientation=&#8221;left&#8221; use_border_color=&#8221;off&#8221; border_color=&#8221;#ffffff&#8221; border_style=&#8221;solid&#8221;] Navatta Group Via Sandro Pertini, 7 43013 Pilastro (Parma) Italy Tel. +39 0521 630322 Fax. +39 0521 639093 info@navattagroup.com P.IVA 02199220340 ___________________________ PEC navatta@pec.it \u00a0 [&hellip;]<\/p>\n","protected":false},"author":2,"featured_media":0,"parent":0,"menu_order":0,"comment_status":"closed","ping_status":"closed","template":"","meta":{"_et_pb_use_builder":"on","_et_pb_old_content":"<h4>\u00a0<\/h4>[caption id=\"attachment_1214\" align=\"aligncenter\" width=\"553\"]<a href=\"http:\/\/www.navattagroup.com\/wp-content\/uploads\/2014\/01\/NG-WIP.jpg\"><img class=\"size-full wp-image-1214\" src=\"http:\/\/www.navattagroup.com\/wp-content\/uploads\/2014\/01\/NG-WIP.jpg\" alt=\"lavori in corso work in progress\" width=\"553\" height=\"244\" \/><\/a> Work in progress - Lavori in corso[\/caption]<p style=\"text-align: center;\">Per informazioni<br \/> Para obtener informaci\u00f3n<br \/> Pour info<br \/> \u0434\u043b\u044f \u0438\u043d\u0444\u043e\u0440\u043c\u0430\u0446\u0438\u0438<br \/> For info<br \/> <a title=\"Contacts\" href=\"http:\/\/www.navattagroup.com\/?page_id=14\">contact us<\/a><\/p>","_et_gb_content_width":"","_monsterinsights_skip_tracking":false,"_monsterinsights_sitenote_active":false,"_monsterinsights_sitenote_note":"","_monsterinsights_sitenote_category":0,"footnotes":""},"_links":{"self":[{"href":"https:\/\/www.navattagroup.com\/pt\/wp-json\/wp\/v2\/pages\/357"}],"collection":[{"href":"https:\/\/www.navattagroup.com\/pt\/wp-json\/wp\/v2\/pages"}],"about":[{"href":"https:\/\/www.navattagroup.com\/pt\/wp-json\/wp\/v2\/types\/page"}],"author":[{"embeddable":true,"href":"https:\/\/www.navattagroup.com\/pt\/wp-json\/wp\/v2\/users\/2"}],"replies":[{"embeddable":true,"href":"https:\/\/www.navattagroup.com\/pt\/wp-json\/wp\/v2\/comments?post=357"}],"version-history":[{"count":2,"href":"https:\/\/www.navattagroup.com\/pt\/wp-json\/wp\/v2\/pages\/357\/revisions"}],"predecessor-version":[{"id":2350,"href":"https:\/\/www.navattagroup.com\/pt\/wp-json\/wp\/v2\/pages\/357\/revisions\/2350"}],"wp:attachment":[{"href":"https:\/\/www.navattagroup.com\/pt\/wp-json\/wp\/v2\/media?parent=357"}],"curies":[{"name":"wp","href":"https:\/\/api.w.org\/{rel}","templated":true}]}}