{"id":59,"date":"2013-06-11T11:42:19","date_gmt":"2013-06-11T10:42:19","guid":{"rendered":"http:\/\/www.navattagroup.com\/?page_id=59"},"modified":"2016-02-23T00:57:47","modified_gmt":"2016-02-22T23:57:47","slug":"ghizzoni","status":"publish","type":"page","link":"https:\/\/www.navattagroup.com\/pt\/the-group\/ghizzoni\/","title":{"rendered":"Ghizzoni"},"content":{"rendered":"<p><\/p>\n<h2><a href=\"http:\/\/www.navattagroup.com\/wp-content\/uploads\/2013\/06\/logo600-Ghizzoni-new.png\"><img loading=\"lazy\" decoding=\"async\" class=\"aligncenter  wp-image-1299\" src=\"http:\/\/www.navattagroup.com\/wp-content\/uploads\/2013\/06\/logo600-Ghizzoni-new.png\" alt=\"logo600-Ghizzoni-new\" width=\"420\" height=\"90\" srcset=\"https:\/\/www.navattagroup.com\/wp-content\/uploads\/2013\/06\/logo600-Ghizzoni-new.png 600w, https:\/\/www.navattagroup.com\/wp-content\/uploads\/2013\/06\/logo600-Ghizzoni-new-300x64.png 300w\" sizes=\"(max-width: 420px) 100vw, 420px\" \/><\/a><\/h2>\n<p>A empresa foi fundada no in\u00edcio do s\u00e9culo passado e tem sido passada de pai para filho \u00e0 exemplo do neg\u00f3cio dos fabricantes de m\u00e1quinas para a ind\u00fastria de alimentos em geral, especialmente quando se falamos dos fabricantes de equipamentos para o tomate e para a ind\u00fastria de frutas.<\/p>\n<p>Al\u00e9m de sua vasta experi\u00eancia no processamento de tomates (concentrado, ketchup, molhos, &#8230;) e frutas (para a produ\u00e7\u00e3o de compotas, conservas, polpas, sucos &#8230;) A empresa Ghizzoni Ettore produz m\u00e1quinas e linhas de processamento para o setor de carne, queijos e derivados, cozinhas industriais, para prepara\u00e7\u00e3o de receitas e pratos cozidos.<\/p>\n<p>A experi\u00eancia adquirida ao longo de muitos anos de atividade, acompanhados por uma tenacidade constante fez com que o nome \u00a0<strong>GHIZZONI ETTORE <\/strong>tenha sempre aparecido entre os primeiros e mais respeitados fabricantes do setor.<\/p>\n<p>Nos \u00faltimos anos, a empresa Ghizzoni Ettore conquistou um espa\u00e7o no mercado nacional, europeu e internacional.<\/p>\n<p>A <strong>GHIZZONI ETTORE<\/strong>\u00a0faz parte do <strong>Grupo Navatta<\/strong> desde 2012 .<\/p>\n<p><\/p>","protected":false},"excerpt":{"rendered":"<p>A empresa foi fundada no in\u00edcio do s\u00e9culo passado e tem sido passada de pai para filho \u00e0 exemplo do neg\u00f3cio dos fabricantes de m\u00e1quinas para a ind\u00fastria de alimentos em geral, especialmente quando se falamos dos fabricantes de equipamentos para o tomate e para a ind\u00fastria de frutas. Al\u00e9m de sua vasta experi\u00eancia no [&hellip;]<\/p>\n","protected":false},"author":2,"featured_media":0,"parent":12,"menu_order":4,"comment_status":"closed","ping_status":"closed","template":"","meta":{"_et_pb_use_builder":"","_et_pb_old_content":"","_et_gb_content_width":"","_monsterinsights_skip_tracking":false,"_monsterinsights_sitenote_active":false,"_monsterinsights_sitenote_note":"","_monsterinsights_sitenote_category":0,"footnotes":""},"_links":{"self":[{"href":"https:\/\/www.navattagroup.com\/pt\/wp-json\/wp\/v2\/pages\/59"}],"collection":[{"href":"https:\/\/www.navattagroup.com\/pt\/wp-json\/wp\/v2\/pages"}],"about":[{"href":"https:\/\/www.navattagroup.com\/pt\/wp-json\/wp\/v2\/types\/page"}],"author":[{"embeddable":true,"href":"https:\/\/www.navattagroup.com\/pt\/wp-json\/wp\/v2\/users\/2"}],"replies":[{"embeddable":true,"href":"https:\/\/www.navattagroup.com\/pt\/wp-json\/wp\/v2\/comments?post=59"}],"version-history":[{"count":3,"href":"https:\/\/www.navattagroup.com\/pt\/wp-json\/wp\/v2\/pages\/59\/revisions"}],"predecessor-version":[{"id":2120,"href":"https:\/\/www.navattagroup.com\/pt\/wp-json\/wp\/v2\/pages\/59\/revisions\/2120"}],"up":[{"embeddable":true,"href":"https:\/\/www.navattagroup.com\/pt\/wp-json\/wp\/v2\/pages\/12"}],"wp:attachment":[{"href":"https:\/\/www.navattagroup.com\/pt\/wp-json\/wp\/v2\/media?parent=59"}],"curies":[{"name":"wp","href":"https:\/\/api.w.org\/{rel}","templated":true}]}}