{"id":63,"date":"2013-06-11T11:51:03","date_gmt":"2013-06-11T10:51:03","guid":{"rendered":"http:\/\/www.navattagroup.com\/?page_id=63"},"modified":"2016-02-23T00:57:14","modified_gmt":"2016-02-22T23:57:14","slug":"metro-international","status":"publish","type":"page","link":"https:\/\/www.navattagroup.com\/pt\/the-group\/metro-international\/","title":{"rendered":"Metro International"},"content":{"rendered":"<p><\/p>\n<h2><a href=\"http:\/\/www.navattagroup.com\/wp-content\/uploads\/2013\/06\/logo600-METRO.png\"><img loading=\"lazy\" decoding=\"async\" class=\"aligncenter size-full wp-image-1298\" src=\"http:\/\/www.navattagroup.com\/wp-content\/uploads\/2013\/06\/logo600-METRO.png\" alt=\"logo600-METRO\" width=\"133\" height=\"150\" \/><\/a><\/h2>\n<p><strong>Metro International S.r.l. <\/strong>Ltda foi fundada pelo Engenheiro Carlo Sassi, em 1991, e sua atividade \u00e9 o projeto, fabrica\u00e7\u00e3o e venda de m\u00e1quinas e equipamentos para a ind\u00fastria de alimentos, ind\u00fastria de transforma\u00e7\u00e3o de vegetais (frutas, tomates, frutas c\u00edtricas), com aplica\u00e7\u00f5es nas ind\u00fastrias qu\u00edmicas e ambientais.<\/p>\n<p>A gama de equipamentos produzidos pela Metro International Ltda pode ser resumida como:<\/p>\n<p>&#8211; Linhas completas para a produ\u00e7\u00e3o de pur\u00ea ou frutas concentradas (produto semiacabado para a ind\u00fastria)<br \/>\n&#8211; Linhas completas para a produ\u00e7\u00e3o de sucos e n\u00e9ctares (produtos acabados para o consumo)<br \/>\n&#8211; Sistemas completos para o processamento de tomate para concentrados (semi acabado), ketchup (produto final), cubo (pizza, etc.)<br \/>\n&#8211; Linhas para compotas e conservas de frutas<br \/>\n&#8211; Plantas para molhos e temperos<br \/>\n&#8211; Sistemas ass\u00e9pticos<br \/>\n&#8211; Lavadora de frutas e hortali\u00e7as<br \/>\n&#8211; Trocador de calor para v\u00e1rios usos (est\u00e9reis e n\u00e3o est\u00e9reis)<br \/>\n&#8211; Extra\u00e7\u00e3o de suco e pur\u00ea<br \/>\n&#8211; Evaporadores (unidades de concentra\u00e7\u00e3o) de diferentes tipos:<\/p>\n<p>\u2022 Circula\u00e7\u00e3o for\u00e7ada<br \/>\n\u2022 Pel\u00edcula descendente<br \/>\n\u2022 Pel\u00edcula Delgada turbulenta<br \/>\n\u2022 Circula\u00e7\u00e3o mista<\/p>\n<p>&nbsp;<\/p>\n<p>Faz parte dos ativos da empresa uma s\u00e9rie de patentes que ajudam a caracterizar a originalidade da produ\u00e7\u00e3o da Metro International Srl. A maioria das patentes est\u00e3o espalhadas no exterior, especialmente nos Estados Unidos da Am\u00e9rica.<\/p>\n<p>&#8211; Extratores de suco e pur\u00ea em duas etapas Vertical &#8220;Twin-Jet&#8221; (extended EUA)<br \/>\n&#8211; Sistema de drenagem de produtos l\u00edquidos ass\u00e9pticas bif\u00e1sicos<br \/>\n&#8211; Separador de vapor tronco-c\u00f4nico para evaporadores (Extended EUA)<br \/>\n&#8211; Rotor de passagem total de vapor utilizado nos evaporadores de Pel\u00edcula Delgada turbulenta &#8220;Vapor Jet&#8221;<br \/>\n&#8211; Evaporador de circula\u00e7\u00e3o for\u00e7ada com trocador de calor tubo conc\u00eantrico<\/p>\n<p>&nbsp;<\/p>\n<p>Nos \u00faltimos anos, a produ\u00e7\u00e3o da Metro International Ltda. conseguiu criar sua pr\u00f3pria \u00e1rea de mercado no territ\u00f3rio nacional, europeu e internacional.<br \/>\nA <strong>Metro Internationa<\/strong>l faz parte do<strong> Grupo Navatta<\/strong> desde 2012.<\/p>\n<p><\/p>","protected":false},"excerpt":{"rendered":"<p>Metro International S.r.l. Ltda foi fundada pelo Engenheiro Carlo Sassi, em 1991, e sua atividade \u00e9 o projeto, fabrica\u00e7\u00e3o e venda de m\u00e1quinas e equipamentos para a ind\u00fastria de alimentos, ind\u00fastria de transforma\u00e7\u00e3o de vegetais (frutas, tomates, frutas c\u00edtricas), com aplica\u00e7\u00f5es nas ind\u00fastrias qu\u00edmicas e ambientais. A gama de equipamentos produzidos pela Metro International Ltda [&hellip;]<\/p>\n","protected":false},"author":2,"featured_media":0,"parent":12,"menu_order":5,"comment_status":"closed","ping_status":"closed","template":"","meta":{"_et_pb_use_builder":"","_et_pb_old_content":"","_et_gb_content_width":"","_monsterinsights_skip_tracking":false,"_monsterinsights_sitenote_active":false,"_monsterinsights_sitenote_note":"","_monsterinsights_sitenote_category":0,"footnotes":""},"_links":{"self":[{"href":"https:\/\/www.navattagroup.com\/pt\/wp-json\/wp\/v2\/pages\/63"}],"collection":[{"href":"https:\/\/www.navattagroup.com\/pt\/wp-json\/wp\/v2\/pages"}],"about":[{"href":"https:\/\/www.navattagroup.com\/pt\/wp-json\/wp\/v2\/types\/page"}],"author":[{"embeddable":true,"href":"https:\/\/www.navattagroup.com\/pt\/wp-json\/wp\/v2\/users\/2"}],"replies":[{"embeddable":true,"href":"https:\/\/www.navattagroup.com\/pt\/wp-json\/wp\/v2\/comments?post=63"}],"version-history":[{"count":7,"href":"https:\/\/www.navattagroup.com\/pt\/wp-json\/wp\/v2\/pages\/63\/revisions"}],"predecessor-version":[{"id":2117,"href":"https:\/\/www.navattagroup.com\/pt\/wp-json\/wp\/v2\/pages\/63\/revisions\/2117"}],"up":[{"embeddable":true,"href":"https:\/\/www.navattagroup.com\/pt\/wp-json\/wp\/v2\/pages\/12"}],"wp:attachment":[{"href":"https:\/\/www.navattagroup.com\/pt\/wp-json\/wp\/v2\/media?parent=63"}],"curies":[{"name":"wp","href":"https:\/\/api.w.org\/{rel}","templated":true}]}}